{"id":1191,"date":"2021-09-02T14:16:14","date_gmt":"2021-09-02T14:16:14","guid":{"rendered":"http:\/\/www.produccion.jujuy.gob.ar\/?page_id=1191"},"modified":"2021-09-02T17:22:19","modified_gmt":"2021-09-02T17:22:19","slug":"regimen-provincial-de-promocion-de-inversiones-y-el-empleo-2","status":"publish","type":"page","link":"http:\/\/www.produccion.jujuy.gob.ar\/?page_id=1191","title":{"rendered":"R\u00c9GIMEN PROVINCIAL DE PROMOCI\u00d3N DE INVERSIONES Y EL EMPLEO &#8211; Formularios"},"content":{"rendered":"\t\t<div data-elementor-type=\"wp-page\" data-elementor-id=\"1191\" class=\"elementor elementor-1191\" data-elementor-settings=\"[]\">\n\t\t\t\t\t\t\t<div class=\"elementor-section-wrap\">\n\t\t\t\t\t\t\t<section class=\"elementor-section elementor-top-section elementor-element elementor-element-1512647 elementor-section-boxed elementor-section-height-default elementor-section-height-default\" data-id=\"1512647\" data-element_type=\"section\">\n\t\t\t\t\t\t<div class=\"elementor-container elementor-column-gap-default\">\n\t\t\t\t\t<div class=\"elementor-column elementor-col-100 elementor-top-column elementor-element elementor-element-de780c1\" data-id=\"de780c1\" data-element_type=\"column\">\n\t\t\t<div class=\"elementor-widget-wrap elementor-element-populated\">\n\t\t\t\t\t\t\t\t<div class=\"elementor-element elementor-element-6118fc6 elementor-widget elementor-widget-heading\" data-id=\"6118fc6\" data-element_type=\"widget\" data-widget_type=\"heading.default\">\n\t\t\t\t<div class=\"elementor-widget-container\">\n\t\t\t<h3 class=\"elementor-heading-title elementor-size-default\">DOCUMENTACI\u00d3N GENERAL\n\nPERSONA HUMANA<\/h3>\t\t<\/div>\n\t\t\t\t<\/div>\n\t\t\t\t<div class=\"elementor-element elementor-element-8e0b308 elementor-widget elementor-widget-text-editor\" data-id=\"8e0b308\" data-element_type=\"widget\" data-widget_type=\"text-editor.default\">\n\t\t\t\t<div class=\"elementor-widget-container\">\n\t\t\t\t\t\t\t\t<table >\n<tbody>\n<tr>\n<td width=\"631\">\u00b7\u00a0 \u00a0 \u00a0Nota de Acogimiento a los beneficios de la ley.<\/td>\n<\/tr>\n<tr>\n<td width=\"631\">\u00b7\u00a0 \u00a0 \u00a0Formularios A y B de la Ley de Inversiones.<\/td>\n<\/tr>\n<tr>\n<td width=\"631\">\u00b7\u00a0 \u00a0 \u00a0Copia de DNI.<\/td>\n<\/tr>\n<tr>\n<td width=\"631\">\u00b7\u00a0 \u00a0 \u00a0Certificado de Antecedentes Penales.<\/td>\n<\/tr>\n<tr>\n<td width=\"631\">\u00b7\u00a0 \u00a0 \u00a0Constancia de Inscripci\u00f3n en AFIP.<\/td>\n<\/tr>\n<tr>\n<td width=\"631\">\u00b7\u00a0 \u00a0 \u00a0Constancia de Inscripci\u00f3n en Rentas.<\/td>\n<\/tr>\n<tr>\n<td width=\"631\">\u00b7\u00a0 \u00a0 \u00a0Cedula Fiscal.<\/td>\n<\/tr>\n<tr>\n<td width=\"631\">\u00b7\u00a0 \u00a0 \u00a0Constancia de Regularizaci\u00f3n Fiscal.<\/td>\n<\/tr>\n<tr>\n<td width=\"631\">\u00b7\u00a0 \u00a0 \u00a0Habilitaci\u00f3n municipal<\/td>\n<\/tr>\n<tr>\n<td width=\"631\">\u00b7\u00a0 \u00a0 \u00a0Estado de Situaci\u00f3n Patrimonial previo a la inversi\u00f3n.<\/td>\n<\/tr>\n<tr>\n<td width=\"631\">\u00b7\u00a0 \u00a0 \u00a0F 931 AFIP de los 12 meses anteriores a la solicitud. (DDJJ, Presentaci\u00f3n y VEP)<\/td>\n<\/tr>\n<tr>\n<td width=\"631\">\u00b7\u00a0 \u00a0 \u00a0Certificaci\u00f3n de Activos.-( preparado por un independiente o del Consejo de Ciencias Econ\u00f3micas)<\/td>\n<\/tr>\n<\/tbody>\n<\/table>\n<strong><u>\u00a0<\/u><\/strong><strong><u>A TENER EN CUENTA:<\/u><\/strong>\n<ul>\n \t<li>Las empresas que se encuentres inscriptas como PYMES pueden presentar el certificado PyME.<\/li>\n<\/ul>\nLa Autoridad de Aplicaci\u00f3n puede requerir una Certificaci\u00f3n Final de Obra si fuere necesario.\t\t\t\t\t\t<\/div>\n\t\t\t\t<\/div>\n\t\t\t\t<div class=\"elementor-element elementor-element-2d1c015 elementor-widget-divider--view-line elementor-widget elementor-widget-divider\" data-id=\"2d1c015\" data-element_type=\"widget\" data-widget_type=\"divider.default\">\n\t\t\t\t<div class=\"elementor-widget-container\">\n\t\t\t\t\t<div class=\"elementor-divider\">\n\t\t\t<span class=\"elementor-divider-separator\">\n\t\t\t\t\t\t<\/span>\n\t\t<\/div>\n\t\t\t\t<\/div>\n\t\t\t\t<\/div>\n\t\t\t\t\t<\/div>\n\t\t<\/div>\n\t\t\t\t\t\t\t<\/div>\n\t\t<\/section>\n\t\t\t\t<section class=\"elementor-section elementor-top-section elementor-element elementor-element-943a498 elementor-section-boxed elementor-section-height-default elementor-section-height-default\" data-id=\"943a498\" data-element_type=\"section\">\n\t\t\t\t\t\t<div class=\"elementor-container elementor-column-gap-default\">\n\t\t\t\t\t<div class=\"elementor-column elementor-col-100 elementor-top-column elementor-element elementor-element-150ecf0\" data-id=\"150ecf0\" data-element_type=\"column\">\n\t\t\t<div class=\"elementor-widget-wrap elementor-element-populated\">\n\t\t\t\t\t\t\t\t<div class=\"elementor-element elementor-element-15485b2 elementor-widget elementor-widget-heading\" data-id=\"15485b2\" data-element_type=\"widget\" data-widget_type=\"heading.default\">\n\t\t\t\t<div class=\"elementor-widget-container\">\n\t\t\t<h3 class=\"elementor-heading-title elementor-size-default\">DOCUMENTACI\u00d3N GENERAL\n\nPERSONA JUR\u00cdDICA<\/h3>\t\t<\/div>\n\t\t\t\t<\/div>\n\t\t\t\t<div class=\"elementor-element elementor-element-d60b65a elementor-widget elementor-widget-text-editor\" data-id=\"d60b65a\" data-element_type=\"widget\" data-widget_type=\"text-editor.default\">\n\t\t\t\t<div class=\"elementor-widget-container\">\n\t\t\t\t\t\t\t\t<table>\n<tbody>\n<tr>\n<td>Nota de Acogimiento a los beneficios de la ley.<\/td>\n<\/tr>\n<tr>\n<td>Formularios A y B de la Ley de Inversiones.<\/td>\n<\/tr>\n<tr>\n<td>Copia de Estatuto y Acta de designaci\u00f3n de Autoridades.<\/td>\n<\/tr>\n<tr>\n<td>Copia de DNI del o los socios gerentes.<\/td>\n<\/tr>\n<tr>\n<td>Certificado de Antecedentes Penales del o los socios gerentes.<\/li>\n<\/td>\n<\/tr>\n<tr>\n<td>Constancia de Inscripci\u00f3n en AFIP.<\/td>\n<\/tr>\n<tr>\n<td>Constancia de Inscripci\u00f3n en Rentas.<\/td>\n<\/tr>\n<tr>\n<td>Cedula Fiscal.<\/td>\n<\/tr>\n<tr>\n<td>Constancia de Regularizaci\u00f3n Fiscal.<\/td>\n<\/tr>\n<tr>\n<td>Habilitaci\u00f3n Municipal<\/td>\n<\/tr>\n<tr>\n<td>Estados Contables previos a la inversi\u00f3n.<\/td>\n<\/tr>\n<tr>\n<td>\nF 931 AFIP de los 12 meses anteriores a la solicitud. (DDJJ, Presentaci\u00f3n y VEP)\n<\/td>\n<\/tr>\n<tr>\n<td>Certificaci\u00f3n de Activos.-<\/td>\n<\/tr>\n<\/tbody>\n<\/table>\n<strong><u>A TENER EN CUENTA:<\/u><\/strong>\n<ul>\n \t<li>Las empresas que se encuentres inscriptas como PYMES pueden presentar el certificado PyME.<\/li>\n<\/ul>\nLa Autoridad de Aplicaci\u00f3n puede requerir una Certificaci\u00f3n Final de Obra si fuere necesario.\t\t\t\t\t\t<\/div>\n\t\t\t\t<\/div>\n\t\t\t\t\t<\/div>\n\t\t<\/div>\n\t\t\t\t\t\t\t<\/div>\n\t\t<\/section>\n\t\t\t\t<section class=\"elementor-section elementor-top-section elementor-element elementor-element-99516df elementor-section-boxed elementor-section-height-default elementor-section-height-default\" data-id=\"99516df\" data-element_type=\"section\">\n\t\t\t\t\t\t<div class=\"elementor-container elementor-column-gap-default\">\n\t\t\t\t\t<div class=\"elementor-column elementor-col-100 elementor-top-column elementor-element elementor-element-f87b1eb\" data-id=\"f87b1eb\" data-element_type=\"column\">\n\t\t\t<div class=\"elementor-widget-wrap elementor-element-populated\">\n\t\t\t\t\t\t\t\t<div class=\"elementor-element elementor-element-946e2de elementor-widget-divider--view-line elementor-widget elementor-widget-divider\" data-id=\"946e2de\" data-element_type=\"widget\" data-widget_type=\"divider.default\">\n\t\t\t\t<div class=\"elementor-widget-container\">\n\t\t\t\t\t<div class=\"elementor-divider\">\n\t\t\t<span class=\"elementor-divider-separator\">\n\t\t\t\t\t\t<\/span>\n\t\t<\/div>\n\t\t\t\t<\/div>\n\t\t\t\t<\/div>\n\t\t\t\t\t<\/div>\n\t\t<\/div>\n\t\t\t\t\t\t\t<\/div>\n\t\t<\/section>\n\t\t\t\t<section class=\"elementor-section elementor-top-section elementor-element elementor-element-5d3e4e4 elementor-section-boxed elementor-section-height-default elementor-section-height-default\" data-id=\"5d3e4e4\" data-element_type=\"section\">\n\t\t\t\t\t\t<div class=\"elementor-container elementor-column-gap-default\">\n\t\t\t\t\t<div class=\"elementor-column elementor-col-100 elementor-top-column elementor-element elementor-element-4262ca5\" data-id=\"4262ca5\" data-element_type=\"column\">\n\t\t\t<div class=\"elementor-widget-wrap elementor-element-populated\">\n\t\t\t\t\t\t\t\t<section class=\"elementor-section elementor-inner-section elementor-element elementor-element-234da27 elementor-section-boxed elementor-section-height-default elementor-section-height-default\" data-id=\"234da27\" data-element_type=\"section\">\n\t\t\t\t\t\t<div class=\"elementor-container elementor-column-gap-default\">\n\t\t\t\t\t<div class=\"elementor-column elementor-col-50 elementor-inner-column elementor-element elementor-element-a70f1f8\" data-id=\"a70f1f8\" data-element_type=\"column\">\n\t\t\t<div class=\"elementor-widget-wrap elementor-element-populated\">\n\t\t\t\t\t\t\t\t<div class=\"elementor-element elementor-element-e9fbb64 elementor-align-center elementor-widget elementor-widget-button\" data-id=\"e9fbb64\" data-element_type=\"widget\" data-widget_type=\"button.default\">\n\t\t\t\t<div class=\"elementor-widget-container\">\n\t\t\t\t\t<div class=\"elementor-button-wrapper\">\n\t\t\t<a href=\"http:\/\/www.produccion.jujuy.gob.ar\/wp-content\/uploads\/2021\/09\/Modelo-Nota-de-Acogimiento-Ley-5922.docx\" target=\"_blank\" class=\"elementor-button-link elementor-button elementor-size-sm\" role=\"button\">\n\t\t\t\t\t\t<span class=\"elementor-button-content-wrapper\">\n\t\t\t\t\t\t<span class=\"elementor-button-text\">Descargar <br>Modelo Nota de Acogimiento <br>Ley 5922<\/span>\n\t\t<\/span>\n\t\t\t\t\t<\/a>\n\t\t<\/div>\n\t\t\t\t<\/div>\n\t\t\t\t<\/div>\n\t\t\t\t\t<\/div>\n\t\t<\/div>\n\t\t\t\t<div class=\"elementor-column elementor-col-50 elementor-inner-column elementor-element elementor-element-6d694dd\" data-id=\"6d694dd\" data-element_type=\"column\">\n\t\t\t<div class=\"elementor-widget-wrap elementor-element-populated\">\n\t\t\t\t\t\t\t\t<div class=\"elementor-element elementor-element-55fb45a elementor-align-center elementor-widget elementor-widget-button\" data-id=\"55fb45a\" data-element_type=\"widget\" data-widget_type=\"button.default\">\n\t\t\t\t<div class=\"elementor-widget-container\">\n\t\t\t\t\t<div class=\"elementor-button-wrapper\">\n\t\t\t<a href=\"http:\/\/www.produccion.jujuy.gob.ar\/wp-content\/uploads\/2021\/09\/FORMULARIOS-A-Y-B-LEY-DE-INVERSIONES-JUJUY.docx\" target=\"_blank\" class=\"elementor-button-link elementor-button elementor-size-sm\" role=\"button\">\n\t\t\t\t\t\t<span class=\"elementor-button-content-wrapper\">\n\t\t\t\t\t\t<span class=\"elementor-button-text\">Descargar <br>Formularios A y B<br>Ley de Inversiones Jujuy<\/span>\n\t\t<\/span>\n\t\t\t\t\t<\/a>\n\t\t<\/div>\n\t\t\t\t<\/div>\n\t\t\t\t<\/div>\n\t\t\t\t\t<\/div>\n\t\t<\/div>\n\t\t\t\t\t\t\t<\/div>\n\t\t<\/section>\n\t\t\t\t\t<\/div>\n\t\t<\/div>\n\t\t\t\t\t\t\t<\/div>\n\t\t<\/section>\n\t\t\t\t<section class=\"elementor-section elementor-top-section elementor-element elementor-element-bcafc40 elementor-section-boxed elementor-section-height-default elementor-section-height-default\" data-id=\"bcafc40\" data-element_type=\"section\">\n\t\t\t\t\t\t<div class=\"elementor-container elementor-column-gap-default\">\n\t\t\t\t\t<div class=\"elementor-column elementor-col-100 elementor-top-column elementor-element elementor-element-3b27d1a\" data-id=\"3b27d1a\" data-element_type=\"column\">\n\t\t\t<div class=\"elementor-widget-wrap elementor-element-populated\">\n\t\t\t\t\t\t\t\t<div class=\"elementor-element elementor-element-f8f23af elementor-widget-divider--view-line elementor-widget elementor-widget-divider\" data-id=\"f8f23af\" data-element_type=\"widget\" data-widget_type=\"divider.default\">\n\t\t\t\t<div class=\"elementor-widget-container\">\n\t\t\t\t\t<div class=\"elementor-divider\">\n\t\t\t<span class=\"elementor-divider-separator\">\n\t\t\t\t\t\t<\/span>\n\t\t<\/div>\n\t\t\t\t<\/div>\n\t\t\t\t<\/div>\n\t\t\t\t\t<\/div>\n\t\t<\/div>\n\t\t\t\t\t\t\t<\/div>\n\t\t<\/section>\n\t\t\t\t\t\t<\/div>\n\t\t\t\t\t<\/div>\n\t\t","protected":false},"excerpt":{"rendered":"<p>DOCUMENTACI\u00d3N GENERAL PERSONA HUMANA \u00b7\u00a0 \u00a0 \u00a0Nota de Acogimiento a los beneficios de la ley. \u00b7\u00a0 \u00a0 \u00a0Formularios A y B de la Ley de Inversiones. \u00b7\u00a0 \u00a0 \u00a0Copia de DNI. \u00b7\u00a0<a class=\"moretag\" href=\"http:\/\/www.produccion.jujuy.gob.ar\/?page_id=1191\">Leer m\u00e1s&#8230;<\/a><\/p>\n","protected":false},"author":1,"featured_media":0,"parent":0,"menu_order":0,"comment_status":"closed","ping_status":"closed","template":"","meta":[],"yoast_head":"<!-- This site is optimized with the Yoast SEO plugin v18.3 - https:\/\/yoast.com\/wordpress\/plugins\/seo\/ -->\n<title>R\u00c9GIMEN PROVINCIAL DE PROMOCI\u00d3N DE INVERSIONES Y EL EMPLEO - Formularios - Ministerio de Desarrollo Econ\u00f3mico y Producci\u00f3n<\/title>\n<meta name=\"robots\" content=\"index, follow, max-snippet:-1, max-image-preview:large, max-video-preview:-1\" \/>\n<link rel=\"canonical\" href=\"https:\/\/www.produccion.jujuy.gob.ar\/?page_id=1191\" \/>\n<meta property=\"og:locale\" content=\"es_ES\" \/>\n<meta property=\"og:type\" content=\"article\" \/>\n<meta property=\"og:title\" content=\"R\u00c9GIMEN PROVINCIAL DE PROMOCI\u00d3N DE INVERSIONES Y EL EMPLEO - Formularios - Ministerio de Desarrollo Econ\u00f3mico y Producci\u00f3n\" \/>\n<meta property=\"og:description\" content=\"DOCUMENTACI\u00d3N GENERAL PERSONA HUMANA \u00b7\u00a0 \u00a0 \u00a0Nota de Acogimiento a los beneficios de la ley. \u00b7\u00a0 \u00a0 \u00a0Formularios A y B de la Ley de Inversiones. \u00b7\u00a0 \u00a0 \u00a0Copia de DNI. \u00b7\u00a0Leer m\u00e1s...\" \/>\n<meta property=\"og:url\" content=\"https:\/\/www.produccion.jujuy.gob.ar\/?page_id=1191\" \/>\n<meta property=\"og:site_name\" content=\"Ministerio de Desarrollo Econ\u00f3mico y Producci\u00f3n\" \/>\n<meta property=\"article:modified_time\" content=\"2021-09-02T17:22:19+00:00\" \/>\n<meta name=\"twitter:card\" content=\"summary_large_image\" \/>\n<meta name=\"twitter:label1\" content=\"Tiempo de lectura\" \/>\n\t<meta name=\"twitter:data1\" content=\"1 minuto\" \/>\n<script type=\"application\/ld+json\" class=\"yoast-schema-graph\">{\"@context\":\"https:\/\/schema.org\",\"@graph\":[{\"@type\":\"WebSite\",\"@id\":\"http:\/\/www.produccion.jujuy.gob.ar\/#website\",\"url\":\"http:\/\/www.produccion.jujuy.gob.ar\/\",\"name\":\"Ministerio de Desarrollo Econ\u00f3mico y Producci\u00f3n\",\"description\":\"\",\"potentialAction\":[{\"@type\":\"SearchAction\",\"target\":{\"@type\":\"EntryPoint\",\"urlTemplate\":\"http:\/\/www.produccion.jujuy.gob.ar\/?s={search_term_string}\"},\"query-input\":\"required name=search_term_string\"}],\"inLanguage\":\"es\"},{\"@type\":\"WebPage\",\"@id\":\"https:\/\/www.produccion.jujuy.gob.ar\/?page_id=1191#webpage\",\"url\":\"https:\/\/www.produccion.jujuy.gob.ar\/?page_id=1191\",\"name\":\"R\u00c9GIMEN PROVINCIAL DE PROMOCI\u00d3N DE INVERSIONES Y EL EMPLEO - Formularios - Ministerio de Desarrollo Econ\u00f3mico y Producci\u00f3n\",\"isPartOf\":{\"@id\":\"http:\/\/www.produccion.jujuy.gob.ar\/#website\"},\"datePublished\":\"2021-09-02T14:16:14+00:00\",\"dateModified\":\"2021-09-02T17:22:19+00:00\",\"breadcrumb\":{\"@id\":\"https:\/\/www.produccion.jujuy.gob.ar\/?page_id=1191#breadcrumb\"},\"inLanguage\":\"es\",\"potentialAction\":[{\"@type\":\"ReadAction\",\"target\":[\"https:\/\/www.produccion.jujuy.gob.ar\/?page_id=1191\"]}]},{\"@type\":\"BreadcrumbList\",\"@id\":\"https:\/\/www.produccion.jujuy.gob.ar\/?page_id=1191#breadcrumb\",\"itemListElement\":[{\"@type\":\"ListItem\",\"position\":1,\"name\":\"Portada\",\"item\":\"http:\/\/www.produccion.jujuy.gob.ar\/\"},{\"@type\":\"ListItem\",\"position\":2,\"name\":\"R\u00c9GIMEN PROVINCIAL DE PROMOCI\u00d3N DE INVERSIONES Y EL EMPLEO &#8211; Formularios\"}]}]}<\/script>\n<!-- \/ Yoast SEO plugin. -->","yoast_head_json":{"title":"R\u00c9GIMEN PROVINCIAL DE PROMOCI\u00d3N DE INVERSIONES Y EL EMPLEO - Formularios - Ministerio de Desarrollo Econ\u00f3mico y Producci\u00f3n","robots":{"index":"index","follow":"follow","max-snippet":"max-snippet:-1","max-image-preview":"max-image-preview:large","max-video-preview":"max-video-preview:-1"},"canonical":"https:\/\/www.produccion.jujuy.gob.ar\/?page_id=1191","og_locale":"es_ES","og_type":"article","og_title":"R\u00c9GIMEN PROVINCIAL DE PROMOCI\u00d3N DE INVERSIONES Y EL EMPLEO - Formularios - Ministerio de Desarrollo Econ\u00f3mico y Producci\u00f3n","og_description":"DOCUMENTACI\u00d3N GENERAL PERSONA HUMANA \u00b7\u00a0 \u00a0 \u00a0Nota de Acogimiento a los beneficios de la ley. \u00b7\u00a0 \u00a0 \u00a0Formularios A y B de la Ley de Inversiones. \u00b7\u00a0 \u00a0 \u00a0Copia de DNI. \u00b7\u00a0Leer m\u00e1s...","og_url":"https:\/\/www.produccion.jujuy.gob.ar\/?page_id=1191","og_site_name":"Ministerio de Desarrollo Econ\u00f3mico y Producci\u00f3n","article_modified_time":"2021-09-02T17:22:19+00:00","twitter_card":"summary_large_image","twitter_misc":{"Tiempo de lectura":"1 minuto"},"schema":{"@context":"https:\/\/schema.org","@graph":[{"@type":"WebSite","@id":"http:\/\/www.produccion.jujuy.gob.ar\/#website","url":"http:\/\/www.produccion.jujuy.gob.ar\/","name":"Ministerio de Desarrollo Econ\u00f3mico y Producci\u00f3n","description":"","potentialAction":[{"@type":"SearchAction","target":{"@type":"EntryPoint","urlTemplate":"http:\/\/www.produccion.jujuy.gob.ar\/?s={search_term_string}"},"query-input":"required name=search_term_string"}],"inLanguage":"es"},{"@type":"WebPage","@id":"https:\/\/www.produccion.jujuy.gob.ar\/?page_id=1191#webpage","url":"https:\/\/www.produccion.jujuy.gob.ar\/?page_id=1191","name":"R\u00c9GIMEN PROVINCIAL DE PROMOCI\u00d3N DE INVERSIONES Y EL EMPLEO - Formularios - Ministerio de Desarrollo Econ\u00f3mico y Producci\u00f3n","isPartOf":{"@id":"http:\/\/www.produccion.jujuy.gob.ar\/#website"},"datePublished":"2021-09-02T14:16:14+00:00","dateModified":"2021-09-02T17:22:19+00:00","breadcrumb":{"@id":"https:\/\/www.produccion.jujuy.gob.ar\/?page_id=1191#breadcrumb"},"inLanguage":"es","potentialAction":[{"@type":"ReadAction","target":["https:\/\/www.produccion.jujuy.gob.ar\/?page_id=1191"]}]},{"@type":"BreadcrumbList","@id":"https:\/\/www.produccion.jujuy.gob.ar\/?page_id=1191#breadcrumb","itemListElement":[{"@type":"ListItem","position":1,"name":"Portada","item":"http:\/\/www.produccion.jujuy.gob.ar\/"},{"@type":"ListItem","position":2,"name":"R\u00c9GIMEN PROVINCIAL DE PROMOCI\u00d3N DE INVERSIONES Y EL EMPLEO &#8211; Formularios"}]}]}},"_links":{"self":[{"href":"http:\/\/www.produccion.jujuy.gob.ar\/index.php?rest_route=\/wp\/v2\/pages\/1191"}],"collection":[{"href":"http:\/\/www.produccion.jujuy.gob.ar\/index.php?rest_route=\/wp\/v2\/pages"}],"about":[{"href":"http:\/\/www.produccion.jujuy.gob.ar\/index.php?rest_route=\/wp\/v2\/types\/page"}],"author":[{"embeddable":true,"href":"http:\/\/www.produccion.jujuy.gob.ar\/index.php?rest_route=\/wp\/v2\/users\/1"}],"replies":[{"embeddable":true,"href":"http:\/\/www.produccion.jujuy.gob.ar\/index.php?rest_route=%2Fwp%2Fv2%2Fcomments&post=1191"}],"version-history":[{"count":35,"href":"http:\/\/www.produccion.jujuy.gob.ar\/index.php?rest_route=\/wp\/v2\/pages\/1191\/revisions"}],"predecessor-version":[{"id":1257,"href":"http:\/\/www.produccion.jujuy.gob.ar\/index.php?rest_route=\/wp\/v2\/pages\/1191\/revisions\/1257"}],"wp:attachment":[{"href":"http:\/\/www.produccion.jujuy.gob.ar\/index.php?rest_route=%2Fwp%2Fv2%2Fmedia&parent=1191"}],"curies":[{"name":"wp","href":"https:\/\/api.w.org\/{rel}","templated":true}]}}