{"id":1475,"date":"2023-03-16T13:15:15","date_gmt":"2023-03-16T13:15:15","guid":{"rendered":"http:\/\/www.produccion.jujuy.gob.ar\/?page_id=1475"},"modified":"2023-03-16T13:27:32","modified_gmt":"2023-03-16T13:27:32","slug":"elementor-1475","status":"publish","type":"page","link":"http:\/\/www.produccion.jujuy.gob.ar\/?page_id=1475","title":{"rendered":"P\u00c1GINA EN MANTENIMIENTO"},"content":{"rendered":"\t\t<div data-elementor-type=\"wp-page\" data-elementor-id=\"1475\" class=\"elementor elementor-1475\" data-elementor-settings=\"[]\">\n\t\t\t\t\t\t\t<div class=\"elementor-section-wrap\">\n\t\t\t\t\t\t\t<section class=\"elementor-section elementor-top-section elementor-element elementor-element-9a6331e elementor-section-boxed elementor-section-height-default elementor-section-height-default\" data-id=\"9a6331e\" data-element_type=\"section\">\n\t\t\t\t\t\t<div class=\"elementor-container elementor-column-gap-default\">\n\t\t\t\t\t<div class=\"elementor-column elementor-col-100 elementor-top-column elementor-element elementor-element-40a7c95\" data-id=\"40a7c95\" data-element_type=\"column\">\n\t\t\t<div class=\"elementor-widget-wrap elementor-element-populated\">\n\t\t\t\t\t\t\t\t<div class=\"elementor-element elementor-element-82f27cb elementor-widget elementor-widget-image\" data-id=\"82f27cb\" data-element_type=\"widget\" data-widget_type=\"image.default\">\n\t\t\t\t<div class=\"elementor-widget-container\">\n\t\t\t\t\t\t\t\t\t\t\t\t\t\t\t<img width=\"439\" height=\"439\" src=\"http:\/\/www.produccion.jujuy.gob.ar\/wp-content\/uploads\/2023\/03\/informatica.png\" class=\"attachment-large size-large\" alt=\"\" loading=\"lazy\" srcset=\"http:\/\/www.produccion.jujuy.gob.ar\/wp-content\/uploads\/2023\/03\/informatica.png 439w, http:\/\/www.produccion.jujuy.gob.ar\/wp-content\/uploads\/2023\/03\/informatica-300x300.png 300w, http:\/\/www.produccion.jujuy.gob.ar\/wp-content\/uploads\/2023\/03\/informatica-150x150.png 150w\" sizes=\"(max-width: 439px) 100vw, 439px\" \/>\t\t\t\t\t\t\t\t\t\t\t\t\t\t\t<\/div>\n\t\t\t\t<\/div>\n\t\t\t\t\t<\/div>\n\t\t<\/div>\n\t\t\t\t\t\t\t<\/div>\n\t\t<\/section>\n\t\t\t\t\t\t<\/div>\n\t\t\t\t\t<\/div>\n\t\t","protected":false},"excerpt":{"rendered":"","protected":false},"author":1,"featured_media":0,"parent":0,"menu_order":0,"comment_status":"closed","ping_status":"closed","template":"","meta":[],"yoast_head":"<!-- This site is optimized with the Yoast SEO plugin v18.3 - https:\/\/yoast.com\/wordpress\/plugins\/seo\/ -->\n<title>P\u00c1GINA EN MANTENIMIENTO - Ministerio de Desarrollo Econ\u00f3mico y Producci\u00f3n<\/title>\n<meta name=\"robots\" content=\"index, follow, max-snippet:-1, max-image-preview:large, max-video-preview:-1\" \/>\n<link rel=\"canonical\" href=\"https:\/\/www.produccion.jujuy.gob.ar\/?page_id=1475\" \/>\n<meta property=\"og:locale\" content=\"es_ES\" \/>\n<meta property=\"og:type\" content=\"article\" \/>\n<meta property=\"og:title\" content=\"P\u00c1GINA EN MANTENIMIENTO - Ministerio de Desarrollo Econ\u00f3mico y Producci\u00f3n\" \/>\n<meta property=\"og:url\" content=\"https:\/\/www.produccion.jujuy.gob.ar\/?page_id=1475\" \/>\n<meta property=\"og:site_name\" content=\"Ministerio de Desarrollo Econ\u00f3mico y Producci\u00f3n\" \/>\n<meta property=\"article:modified_time\" content=\"2023-03-16T13:27:32+00:00\" \/>\n<meta property=\"og:image\" content=\"http:\/\/www.produccion.jujuy.gob.ar\/wp-content\/uploads\/2023\/03\/informatica.png\" \/>\n<meta name=\"twitter:card\" content=\"summary_large_image\" \/>\n<meta name=\"twitter:label1\" content=\"Tiempo de lectura\" \/>\n\t<meta name=\"twitter:data1\" content=\"1 minuto\" \/>\n<script type=\"application\/ld+json\" class=\"yoast-schema-graph\">{\"@context\":\"https:\/\/schema.org\",\"@graph\":[{\"@type\":\"WebSite\",\"@id\":\"http:\/\/www.produccion.jujuy.gob.ar\/#website\",\"url\":\"http:\/\/www.produccion.jujuy.gob.ar\/\",\"name\":\"Ministerio de Desarrollo Econ\u00f3mico y Producci\u00f3n\",\"description\":\"\",\"potentialAction\":[{\"@type\":\"SearchAction\",\"target\":{\"@type\":\"EntryPoint\",\"urlTemplate\":\"http:\/\/www.produccion.jujuy.gob.ar\/?s={search_term_string}\"},\"query-input\":\"required name=search_term_string\"}],\"inLanguage\":\"es\"},{\"@type\":\"ImageObject\",\"@id\":\"https:\/\/www.produccion.jujuy.gob.ar\/?page_id=1475#primaryimage\",\"inLanguage\":\"es\",\"url\":\"http:\/\/www.produccion.jujuy.gob.ar\/wp-content\/uploads\/2023\/03\/informatica.png\",\"contentUrl\":\"http:\/\/www.produccion.jujuy.gob.ar\/wp-content\/uploads\/2023\/03\/informatica.png\",\"width\":439,\"height\":439},{\"@type\":\"WebPage\",\"@id\":\"https:\/\/www.produccion.jujuy.gob.ar\/?page_id=1475#webpage\",\"url\":\"https:\/\/www.produccion.jujuy.gob.ar\/?page_id=1475\",\"name\":\"P\u00c1GINA EN MANTENIMIENTO - Ministerio de Desarrollo Econ\u00f3mico y Producci\u00f3n\",\"isPartOf\":{\"@id\":\"http:\/\/www.produccion.jujuy.gob.ar\/#website\"},\"primaryImageOfPage\":{\"@id\":\"https:\/\/www.produccion.jujuy.gob.ar\/?page_id=1475#primaryimage\"},\"datePublished\":\"2023-03-16T13:15:15+00:00\",\"dateModified\":\"2023-03-16T13:27:32+00:00\",\"breadcrumb\":{\"@id\":\"https:\/\/www.produccion.jujuy.gob.ar\/?page_id=1475#breadcrumb\"},\"inLanguage\":\"es\",\"potentialAction\":[{\"@type\":\"ReadAction\",\"target\":[\"https:\/\/www.produccion.jujuy.gob.ar\/?page_id=1475\"]}]},{\"@type\":\"BreadcrumbList\",\"@id\":\"https:\/\/www.produccion.jujuy.gob.ar\/?page_id=1475#breadcrumb\",\"itemListElement\":[{\"@type\":\"ListItem\",\"position\":1,\"name\":\"Portada\",\"item\":\"http:\/\/www.produccion.jujuy.gob.ar\/\"},{\"@type\":\"ListItem\",\"position\":2,\"name\":\"P\u00c1GINA EN MANTENIMIENTO\"}]}]}<\/script>\n<!-- \/ Yoast SEO plugin. -->","yoast_head_json":{"title":"P\u00c1GINA EN MANTENIMIENTO - Ministerio de Desarrollo Econ\u00f3mico y Producci\u00f3n","robots":{"index":"index","follow":"follow","max-snippet":"max-snippet:-1","max-image-preview":"max-image-preview:large","max-video-preview":"max-video-preview:-1"},"canonical":"https:\/\/www.produccion.jujuy.gob.ar\/?page_id=1475","og_locale":"es_ES","og_type":"article","og_title":"P\u00c1GINA EN MANTENIMIENTO - Ministerio de Desarrollo Econ\u00f3mico y Producci\u00f3n","og_url":"https:\/\/www.produccion.jujuy.gob.ar\/?page_id=1475","og_site_name":"Ministerio de Desarrollo Econ\u00f3mico y Producci\u00f3n","article_modified_time":"2023-03-16T13:27:32+00:00","og_image":[{"url":"http:\/\/www.produccion.jujuy.gob.ar\/wp-content\/uploads\/2023\/03\/informatica.png"}],"twitter_card":"summary_large_image","twitter_misc":{"Tiempo de lectura":"1 minuto"},"schema":{"@context":"https:\/\/schema.org","@graph":[{"@type":"WebSite","@id":"http:\/\/www.produccion.jujuy.gob.ar\/#website","url":"http:\/\/www.produccion.jujuy.gob.ar\/","name":"Ministerio de Desarrollo Econ\u00f3mico y Producci\u00f3n","description":"","potentialAction":[{"@type":"SearchAction","target":{"@type":"EntryPoint","urlTemplate":"http:\/\/www.produccion.jujuy.gob.ar\/?s={search_term_string}"},"query-input":"required name=search_term_string"}],"inLanguage":"es"},{"@type":"ImageObject","@id":"https:\/\/www.produccion.jujuy.gob.ar\/?page_id=1475#primaryimage","inLanguage":"es","url":"http:\/\/www.produccion.jujuy.gob.ar\/wp-content\/uploads\/2023\/03\/informatica.png","contentUrl":"http:\/\/www.produccion.jujuy.gob.ar\/wp-content\/uploads\/2023\/03\/informatica.png","width":439,"height":439},{"@type":"WebPage","@id":"https:\/\/www.produccion.jujuy.gob.ar\/?page_id=1475#webpage","url":"https:\/\/www.produccion.jujuy.gob.ar\/?page_id=1475","name":"P\u00c1GINA EN MANTENIMIENTO - Ministerio de Desarrollo Econ\u00f3mico y Producci\u00f3n","isPartOf":{"@id":"http:\/\/www.produccion.jujuy.gob.ar\/#website"},"primaryImageOfPage":{"@id":"https:\/\/www.produccion.jujuy.gob.ar\/?page_id=1475#primaryimage"},"datePublished":"2023-03-16T13:15:15+00:00","dateModified":"2023-03-16T13:27:32+00:00","breadcrumb":{"@id":"https:\/\/www.produccion.jujuy.gob.ar\/?page_id=1475#breadcrumb"},"inLanguage":"es","potentialAction":[{"@type":"ReadAction","target":["https:\/\/www.produccion.jujuy.gob.ar\/?page_id=1475"]}]},{"@type":"BreadcrumbList","@id":"https:\/\/www.produccion.jujuy.gob.ar\/?page_id=1475#breadcrumb","itemListElement":[{"@type":"ListItem","position":1,"name":"Portada","item":"http:\/\/www.produccion.jujuy.gob.ar\/"},{"@type":"ListItem","position":2,"name":"P\u00c1GINA EN MANTENIMIENTO"}]}]}},"_links":{"self":[{"href":"http:\/\/www.produccion.jujuy.gob.ar\/index.php?rest_route=\/wp\/v2\/pages\/1475"}],"collection":[{"href":"http:\/\/www.produccion.jujuy.gob.ar\/index.php?rest_route=\/wp\/v2\/pages"}],"about":[{"href":"http:\/\/www.produccion.jujuy.gob.ar\/index.php?rest_route=\/wp\/v2\/types\/page"}],"author":[{"embeddable":true,"href":"http:\/\/www.produccion.jujuy.gob.ar\/index.php?rest_route=\/wp\/v2\/users\/1"}],"replies":[{"embeddable":true,"href":"http:\/\/www.produccion.jujuy.gob.ar\/index.php?rest_route=%2Fwp%2Fv2%2Fcomments&post=1475"}],"version-history":[{"count":5,"href":"http:\/\/www.produccion.jujuy.gob.ar\/index.php?rest_route=\/wp\/v2\/pages\/1475\/revisions"}],"predecessor-version":[{"id":4281,"href":"http:\/\/www.produccion.jujuy.gob.ar\/index.php?rest_route=\/wp\/v2\/pages\/1475\/revisions\/4281"}],"wp:attachment":[{"href":"http:\/\/www.produccion.jujuy.gob.ar\/index.php?rest_route=%2Fwp%2Fv2%2Fmedia&parent=1475"}],"curies":[{"name":"wp","href":"https:\/\/api.w.org\/{rel}","templated":true}]}}