{"id":2250,"date":"2021-11-29T13:45:26","date_gmt":"2021-11-29T13:45:26","guid":{"rendered":"http:\/\/www.produccion.jujuy.gob.ar\/?page_id=2250"},"modified":"2021-12-10T20:20:38","modified_gmt":"2021-12-10T20:20:38","slug":"linea-de-credito-empoderadas","status":"publish","type":"page","link":"http:\/\/www.produccion.jujuy.gob.ar\/?page_id=2250","title":{"rendered":"L\u00ednea de Cr\u00e9dito &#8220;Empoderadas&#8221;"},"content":{"rendered":"\t\t<div data-elementor-type=\"wp-page\" data-elementor-id=\"2250\" class=\"elementor elementor-2250\" data-elementor-settings=\"[]\">\n\t\t\t\t\t\t\t<div class=\"elementor-section-wrap\">\n\t\t\t\t\t\t\t<section class=\"elementor-section elementor-top-section elementor-element elementor-element-ae85575 elementor-section-boxed elementor-section-height-default elementor-section-height-default\" data-id=\"ae85575\" data-element_type=\"section\">\n\t\t\t\t\t\t<div class=\"elementor-container elementor-column-gap-default\">\n\t\t\t\t\t<div class=\"elementor-column elementor-col-100 elementor-top-column elementor-element elementor-element-cd549e4\" data-id=\"cd549e4\" data-element_type=\"column\">\n\t\t\t<div class=\"elementor-widget-wrap elementor-element-populated\">\n\t\t\t\t\t\t\t\t<div class=\"elementor-element elementor-element-16ec42e elementor-widget elementor-widget-text-editor\" data-id=\"16ec42e\" data-element_type=\"widget\" data-widget_type=\"text-editor.default\">\n\t\t\t\t<div class=\"elementor-widget-container\">\n\t\t\t\t\t\t\t\t<h3><span style=\"color: #ff6600;\">El porqu\u00e9 de nuestra l\u00ednea<\/span><\/h3>\n<h6>El compromiso con la <strong>autonom\u00eda econ\u00f3mica de las mujeres<\/strong> de parte del Ministerio de Desarrollo Econ\u00f3mico y Producci\u00f3n tiene su expresi\u00f3n en la l\u00ednea de cr\u00e9dito <strong>Empoderadas<\/strong>. La l\u00ednea tiene como objetivo que las mujeres puedan generar y tener disponibilidad de recursos econ\u00f3micos, comprendiendo que, en la estructura social actual las mujeres encuentran mayores dificultades para acceder a un trabajo y sostenerlo a lo largo del tiempo.<\/h6>\n<h6>Porque llevan en sus espaldas principalmente las tareas de cuidado de ni\u00f1os, ni\u00f1as y personas mayores; porque adem\u00e1s la desigualdad es un obst\u00e1culo para que accedan a ciertos puestos de trabajo mejores remunerados y con mejores condiciones laborales, en \u00e1reas profundamente masculinizadas como la industria, la construcci\u00f3n, el sector TICs.<\/h6>\n<h6>Es por ello que, las mujeres terminan insert\u00e1ndose principalmente en \u00e1mbitos laborales que son extensiones de tareas dom\u00e9sticas en los que hay condiciones laborales de mayor precariedad (servicio dom\u00e9stico, educaci\u00f3n, salud) e informalidad (actividades que se realizan desde el hogar: costura cocina, artesan\u00eda, entre otras).<\/h6>\n<h6>Por esta raz\u00f3n, llevar adelante iniciativas que busquen garantizar la libertad de las mujeres para participar de manera plena en el mundo de trabajo se convierte en un factor clave para promover el goce de sus derechos econ\u00f3micos. Asimismo es importante mencionar que la <strong>autonom\u00eda econ\u00f3mica<\/strong> es un aspecto clave y determinante para las mujeres que buscan caminos para salir de los c\u00edrculos violentos, en donde muchas veces la dependencia y falta de ingresos propios imposibilita a las mujeres tomar la decisi\u00f3n de irse de sus casas o denunciar las situaciones de violencia que est\u00e1n atravesando.<\/h6>\n<h3><span style=\"color: #ff6600;\">Nuestra l\u00ednea<\/span><\/h3>\n<h6>El principal objetivo de las L\u00edneas de Cr\u00e9dito \u201cAutonom\u00eda y Empoderamiento Econ\u00f3mico de las Mujeres\u201d, consiste en brindar financiamiento a mujeres emprendedoras y\/o con ideas que reflejen proyectos disparadores de emprendimiento y actividades econ\u00f3micas de la provincia.<\/h6>\n<h6><strong>Monto<\/strong>: El monto m\u00e1ximo por cada cr\u00e9dito emitido no podr\u00e1 ser superior a PESOS DOSCIENTOS CUARENTA MIL ($240.000,00).<\/h6>\n<h6><strong>Tasa de Inter\u00e9s<\/strong>: La tasa de inter\u00e9s ser\u00e1 del doce por ciento (12%) anual y fija.<\/h6>\n<h6><strong>Amortizaci\u00f3n<\/strong>: El cr\u00e9dito podr\u00e1 amortizarse en un plazo m\u00e1ximo de hasta doce (12) meses. Se considerar\u00e1n pautas para determinar la cantidad de cuotas del pr\u00e9stamo, el capital comprometido, el proyecto a desarrollar, las inversiones realizadas, cantidad de empleados, ganancia aproximada a percibir, entre otras; a criterio del Ministerio.<\/h6>\n<h6><strong>Periodo de Gracia<\/strong>: El periodo de gracia ser\u00e1 de tres (3) meses, sin excepci\u00f3n.<\/h6>\t\t\t\t\t\t<\/div>\n\t\t\t\t<\/div>\n\t\t\t\t\t<\/div>\n\t\t<\/div>\n\t\t\t\t\t\t\t<\/div>\n\t\t<\/section>\n\t\t\t\t<section class=\"elementor-section elementor-top-section elementor-element elementor-element-c1e31e1 elementor-section-boxed elementor-section-height-default elementor-section-height-default\" data-id=\"c1e31e1\" data-element_type=\"section\">\n\t\t\t\t\t\t<div class=\"elementor-container elementor-column-gap-default\">\n\t\t\t\t\t<div class=\"elementor-column elementor-col-100 elementor-top-column elementor-element elementor-element-65c0a89\" data-id=\"65c0a89\" data-element_type=\"column\">\n\t\t\t<div class=\"elementor-widget-wrap elementor-element-populated\">\n\t\t\t\t\t\t\t\t<div class=\"elementor-element elementor-element-06ea5cf elementor-aspect-ratio-169 elementor-widget elementor-widget-video\" data-id=\"06ea5cf\" data-element_type=\"widget\" data-settings=\"{&quot;youtube_url&quot;:&quot;https:\\\/\\\/youtu.be\\\/y2GdCqA3kUk&quot;,&quot;video_type&quot;:&quot;youtube&quot;,&quot;controls&quot;:&quot;yes&quot;,&quot;aspect_ratio&quot;:&quot;169&quot;}\" data-widget_type=\"video.default\">\n\t\t\t\t<div class=\"elementor-widget-container\">\n\t\t\t\t\t<div class=\"elementor-wrapper elementor-fit-aspect-ratio elementor-open-inline\">\n\t\t\t<div class=\"elementor-video\"><\/div>\t\t<\/div>\n\t\t\t\t<\/div>\n\t\t\t\t<\/div>\n\t\t\t\t\t<\/div>\n\t\t<\/div>\n\t\t\t\t\t\t\t<\/div>\n\t\t<\/section>\n\t\t\t\t<section class=\"elementor-section elementor-top-section elementor-element elementor-element-399acdd elementor-section-boxed elementor-section-height-default elementor-section-height-default\" data-id=\"399acdd\" data-element_type=\"section\">\n\t\t\t\t\t\t<div class=\"elementor-container elementor-column-gap-default\">\n\t\t\t\t\t<div class=\"elementor-column elementor-col-100 elementor-top-column elementor-element elementor-element-7e03947\" data-id=\"7e03947\" data-element_type=\"column\">\n\t\t\t<div class=\"elementor-widget-wrap\">\n\t\t\t\t\t\t\t\t\t<\/div>\n\t\t<\/div>\n\t\t\t\t\t\t\t<\/div>\n\t\t<\/section>\n\t\t\t\t<section class=\"elementor-section elementor-top-section elementor-element elementor-element-3f98b51 elementor-section-boxed elementor-section-height-default elementor-section-height-default\" data-id=\"3f98b51\" data-element_type=\"section\">\n\t\t\t\t\t\t<div class=\"elementor-container elementor-column-gap-default\">\n\t\t\t\t\t<div class=\"elementor-column elementor-col-100 elementor-top-column elementor-element elementor-element-d15c7ab\" data-id=\"d15c7ab\" data-element_type=\"column\">\n\t\t\t<div class=\"elementor-widget-wrap elementor-element-populated\">\n\t\t\t\t\t\t\t\t<div class=\"elementor-element elementor-element-a7d4de9 elementor-widget elementor-widget-heading\" data-id=\"a7d4de9\" data-element_type=\"widget\" data-widget_type=\"heading.default\">\n\t\t\t\t<div class=\"elementor-widget-container\">\n\t\t\t<h2 class=\"elementor-heading-title elementor-size-default\">POR EL MOMENTO SE HAN SUSPENDIDO LAS INSCRIPCIONES POR LA ELEVADA DEMANDA RECEPCIONADA<\/h2>\t\t<\/div>\n\t\t\t\t<\/div>\n\t\t\t\t\t<\/div>\n\t\t<\/div>\n\t\t\t\t\t\t\t<\/div>\n\t\t<\/section>\n\t\t\t\t<section class=\"elementor-section elementor-top-section elementor-element elementor-element-9f08846 elementor-section-boxed elementor-section-height-default elementor-section-height-default\" data-id=\"9f08846\" data-element_type=\"section\">\n\t\t\t\t\t\t<div class=\"elementor-container elementor-column-gap-default\">\n\t\t\t\t\t<div class=\"elementor-column elementor-col-100 elementor-top-column elementor-element elementor-element-a8645e0\" data-id=\"a8645e0\" data-element_type=\"column\">\n\t\t\t<div class=\"elementor-widget-wrap elementor-element-populated\">\n\t\t\t\t\t\t\t\t<div class=\"elementor-element elementor-element-4dc6ccf elementor-align-center elementor-widget elementor-widget-button\" data-id=\"4dc6ccf\" data-element_type=\"widget\" data-widget_type=\"button.default\">\n\t\t\t\t<div class=\"elementor-widget-container\">\n\t\t\t\t\t<div class=\"elementor-button-wrapper\">\n\t\t\t<a class=\"elementor-button elementor-size-lg\" role=\"button\">\n\t\t\t\t\t\t<span class=\"elementor-button-content-wrapper\">\n\t\t\t\t\t\t<span class=\"elementor-button-icon elementor-align-icon-right\">\n\t\t\t\t<i aria-hidden=\"true\" class=\"far fa-file-alt\"><\/i>\t\t\t<\/span>\n\t\t\t\t\t\t<span class=\"elementor-button-text\">Haz clic aqu\u00ed para ingresar tu Solicitud<\/span>\n\t\t<\/span>\n\t\t\t\t\t<\/a>\n\t\t<\/div>\n\t\t\t\t<\/div>\n\t\t\t\t<\/div>\n\t\t\t\t\t<\/div>\n\t\t<\/div>\n\t\t\t\t\t\t\t<\/div>\n\t\t<\/section>\n\t\t\t\t\t\t<\/div>\n\t\t\t\t\t<\/div>\n\t\t","protected":false},"excerpt":{"rendered":"<p>El porqu\u00e9 de nuestra l\u00ednea El compromiso con la autonom\u00eda econ\u00f3mica de las mujeres de parte del Ministerio de Desarrollo Econ\u00f3mico y Producci\u00f3n tiene su expresi\u00f3n en la l\u00ednea de cr\u00e9dito Empoderadas.<a class=\"moretag\" href=\"http:\/\/www.produccion.jujuy.gob.ar\/?page_id=2250\">Leer m\u00e1s&#8230;<\/a><\/p>\n","protected":false},"author":1,"featured_media":0,"parent":0,"menu_order":0,"comment_status":"closed","ping_status":"closed","template":"","meta":[],"yoast_head":"<!-- This site is optimized with the Yoast SEO plugin v18.3 - https:\/\/yoast.com\/wordpress\/plugins\/seo\/ -->\n<title>L\u00ednea de Cr\u00e9dito &quot;Empoderadas&quot; - Ministerio de Desarrollo Econ\u00f3mico y Producci\u00f3n<\/title>\n<meta name=\"robots\" content=\"index, follow, max-snippet:-1, max-image-preview:large, max-video-preview:-1\" \/>\n<link rel=\"canonical\" href=\"https:\/\/www.produccion.jujuy.gob.ar\/?page_id=2250\" \/>\n<meta property=\"og:locale\" content=\"es_ES\" \/>\n<meta property=\"og:type\" content=\"article\" \/>\n<meta property=\"og:title\" content=\"L\u00ednea de Cr\u00e9dito &quot;Empoderadas&quot; - Ministerio de Desarrollo Econ\u00f3mico y Producci\u00f3n\" \/>\n<meta property=\"og:description\" content=\"El porqu\u00e9 de nuestra l\u00ednea El compromiso con la autonom\u00eda econ\u00f3mica de las mujeres de parte del Ministerio de Desarrollo Econ\u00f3mico y Producci\u00f3n tiene su expresi\u00f3n en la l\u00ednea de cr\u00e9dito Empoderadas.Leer m\u00e1s...\" \/>\n<meta property=\"og:url\" content=\"https:\/\/www.produccion.jujuy.gob.ar\/?page_id=2250\" \/>\n<meta property=\"og:site_name\" content=\"Ministerio de Desarrollo Econ\u00f3mico y Producci\u00f3n\" \/>\n<meta property=\"article:modified_time\" content=\"2021-12-10T20:20:38+00:00\" \/>\n<meta name=\"twitter:card\" content=\"summary_large_image\" \/>\n<meta name=\"twitter:label1\" content=\"Tiempo de lectura\" \/>\n\t<meta name=\"twitter:data1\" content=\"2 minutos\" \/>\n<script type=\"application\/ld+json\" class=\"yoast-schema-graph\">{\"@context\":\"https:\/\/schema.org\",\"@graph\":[{\"@type\":\"WebSite\",\"@id\":\"http:\/\/www.produccion.jujuy.gob.ar\/#website\",\"url\":\"http:\/\/www.produccion.jujuy.gob.ar\/\",\"name\":\"Ministerio de Desarrollo Econ\u00f3mico y Producci\u00f3n\",\"description\":\"\",\"potentialAction\":[{\"@type\":\"SearchAction\",\"target\":{\"@type\":\"EntryPoint\",\"urlTemplate\":\"http:\/\/www.produccion.jujuy.gob.ar\/?s={search_term_string}\"},\"query-input\":\"required name=search_term_string\"}],\"inLanguage\":\"es\"},{\"@type\":\"WebPage\",\"@id\":\"https:\/\/www.produccion.jujuy.gob.ar\/?page_id=2250#webpage\",\"url\":\"https:\/\/www.produccion.jujuy.gob.ar\/?page_id=2250\",\"name\":\"L\u00ednea de Cr\u00e9dito \\\"Empoderadas\\\" - Ministerio de Desarrollo Econ\u00f3mico y Producci\u00f3n\",\"isPartOf\":{\"@id\":\"http:\/\/www.produccion.jujuy.gob.ar\/#website\"},\"datePublished\":\"2021-11-29T13:45:26+00:00\",\"dateModified\":\"2021-12-10T20:20:38+00:00\",\"breadcrumb\":{\"@id\":\"https:\/\/www.produccion.jujuy.gob.ar\/?page_id=2250#breadcrumb\"},\"inLanguage\":\"es\",\"potentialAction\":[{\"@type\":\"ReadAction\",\"target\":[\"https:\/\/www.produccion.jujuy.gob.ar\/?page_id=2250\"]}]},{\"@type\":\"BreadcrumbList\",\"@id\":\"https:\/\/www.produccion.jujuy.gob.ar\/?page_id=2250#breadcrumb\",\"itemListElement\":[{\"@type\":\"ListItem\",\"position\":1,\"name\":\"Portada\",\"item\":\"http:\/\/www.produccion.jujuy.gob.ar\/\"},{\"@type\":\"ListItem\",\"position\":2,\"name\":\"L\u00ednea de Cr\u00e9dito &#8220;Empoderadas&#8221;\"}]}]}<\/script>\n<!-- \/ Yoast SEO plugin. -->","yoast_head_json":{"title":"L\u00ednea de Cr\u00e9dito \"Empoderadas\" - Ministerio de Desarrollo Econ\u00f3mico y Producci\u00f3n","robots":{"index":"index","follow":"follow","max-snippet":"max-snippet:-1","max-image-preview":"max-image-preview:large","max-video-preview":"max-video-preview:-1"},"canonical":"https:\/\/www.produccion.jujuy.gob.ar\/?page_id=2250","og_locale":"es_ES","og_type":"article","og_title":"L\u00ednea de Cr\u00e9dito \"Empoderadas\" - Ministerio de Desarrollo Econ\u00f3mico y Producci\u00f3n","og_description":"El porqu\u00e9 de nuestra l\u00ednea El compromiso con la autonom\u00eda econ\u00f3mica de las mujeres de parte del Ministerio de Desarrollo Econ\u00f3mico y Producci\u00f3n tiene su expresi\u00f3n en la l\u00ednea de cr\u00e9dito Empoderadas.Leer m\u00e1s...","og_url":"https:\/\/www.produccion.jujuy.gob.ar\/?page_id=2250","og_site_name":"Ministerio de Desarrollo Econ\u00f3mico y Producci\u00f3n","article_modified_time":"2021-12-10T20:20:38+00:00","twitter_card":"summary_large_image","twitter_misc":{"Tiempo de lectura":"2 minutos"},"schema":{"@context":"https:\/\/schema.org","@graph":[{"@type":"WebSite","@id":"http:\/\/www.produccion.jujuy.gob.ar\/#website","url":"http:\/\/www.produccion.jujuy.gob.ar\/","name":"Ministerio de Desarrollo Econ\u00f3mico y Producci\u00f3n","description":"","potentialAction":[{"@type":"SearchAction","target":{"@type":"EntryPoint","urlTemplate":"http:\/\/www.produccion.jujuy.gob.ar\/?s={search_term_string}"},"query-input":"required name=search_term_string"}],"inLanguage":"es"},{"@type":"WebPage","@id":"https:\/\/www.produccion.jujuy.gob.ar\/?page_id=2250#webpage","url":"https:\/\/www.produccion.jujuy.gob.ar\/?page_id=2250","name":"L\u00ednea de Cr\u00e9dito \"Empoderadas\" - Ministerio de Desarrollo Econ\u00f3mico y Producci\u00f3n","isPartOf":{"@id":"http:\/\/www.produccion.jujuy.gob.ar\/#website"},"datePublished":"2021-11-29T13:45:26+00:00","dateModified":"2021-12-10T20:20:38+00:00","breadcrumb":{"@id":"https:\/\/www.produccion.jujuy.gob.ar\/?page_id=2250#breadcrumb"},"inLanguage":"es","potentialAction":[{"@type":"ReadAction","target":["https:\/\/www.produccion.jujuy.gob.ar\/?page_id=2250"]}]},{"@type":"BreadcrumbList","@id":"https:\/\/www.produccion.jujuy.gob.ar\/?page_id=2250#breadcrumb","itemListElement":[{"@type":"ListItem","position":1,"name":"Portada","item":"http:\/\/www.produccion.jujuy.gob.ar\/"},{"@type":"ListItem","position":2,"name":"L\u00ednea de Cr\u00e9dito &#8220;Empoderadas&#8221;"}]}]}},"_links":{"self":[{"href":"http:\/\/www.produccion.jujuy.gob.ar\/index.php?rest_route=\/wp\/v2\/pages\/2250"}],"collection":[{"href":"http:\/\/www.produccion.jujuy.gob.ar\/index.php?rest_route=\/wp\/v2\/pages"}],"about":[{"href":"http:\/\/www.produccion.jujuy.gob.ar\/index.php?rest_route=\/wp\/v2\/types\/page"}],"author":[{"embeddable":true,"href":"http:\/\/www.produccion.jujuy.gob.ar\/index.php?rest_route=\/wp\/v2\/users\/1"}],"replies":[{"embeddable":true,"href":"http:\/\/www.produccion.jujuy.gob.ar\/index.php?rest_route=%2Fwp%2Fv2%2Fcomments&post=2250"}],"version-history":[{"count":26,"href":"http:\/\/www.produccion.jujuy.gob.ar\/index.php?rest_route=\/wp\/v2\/pages\/2250\/revisions"}],"predecessor-version":[{"id":2306,"href":"http:\/\/www.produccion.jujuy.gob.ar\/index.php?rest_route=\/wp\/v2\/pages\/2250\/revisions\/2306"}],"wp:attachment":[{"href":"http:\/\/www.produccion.jujuy.gob.ar\/index.php?rest_route=%2Fwp%2Fv2%2Fmedia&parent=2250"}],"curies":[{"name":"wp","href":"https:\/\/api.w.org\/{rel}","templated":true}]}}