{"id":2710,"date":"2022-03-15T14:06:20","date_gmt":"2022-03-15T14:06:20","guid":{"rendered":"http:\/\/www.produccion.jujuy.gob.ar\/?page_id=2710"},"modified":"2022-03-17T15:22:59","modified_gmt":"2022-03-17T15:22:59","slug":"financiamiento-vitivinicola-2022","status":"publish","type":"page","link":"http:\/\/www.produccion.jujuy.gob.ar\/?page_id=2710","title":{"rendered":"FINANCIAMIENTO VITIVIN\u00cdCOLA 2022"},"content":{"rendered":"\t\t<div data-elementor-type=\"wp-page\" data-elementor-id=\"2710\" class=\"elementor elementor-2710\" data-elementor-settings=\"[]\">\n\t\t\t\t\t\t\t<div class=\"elementor-section-wrap\">\n\t\t\t\t\t\t\t<section class=\"elementor-section elementor-top-section elementor-element elementor-element-d273c55 elementor-section-boxed elementor-section-height-default elementor-section-height-default\" data-id=\"d273c55\" data-element_type=\"section\">\n\t\t\t\t\t\t<div class=\"elementor-container elementor-column-gap-default\">\n\t\t\t\t\t<div class=\"elementor-column elementor-col-100 elementor-top-column elementor-element elementor-element-ccaef99\" data-id=\"ccaef99\" data-element_type=\"column\">\n\t\t\t<div class=\"elementor-widget-wrap elementor-element-populated\">\n\t\t\t\t\t\t\t\t<div class=\"elementor-element elementor-element-b7342bb elementor-widget elementor-widget-image\" data-id=\"b7342bb\" data-element_type=\"widget\" data-widget_type=\"image.default\">\n\t\t\t\t<div class=\"elementor-widget-container\">\n\t\t\t\t\t\t\t\t\t\t\t\t\t\t\t<img width=\"1536\" height=\"1024\" src=\"http:\/\/www.produccion.jujuy.gob.ar\/wp-content\/uploads\/2022\/03\/vitivinicola-30-1536x1024.jpg\" class=\"attachment-1536x1536 size-1536x1536\" alt=\"\" loading=\"lazy\" srcset=\"http:\/\/www.produccion.jujuy.gob.ar\/wp-content\/uploads\/2022\/03\/vitivinicola-30-1536x1024.jpg 1536w, http:\/\/www.produccion.jujuy.gob.ar\/wp-content\/uploads\/2022\/03\/vitivinicola-30-300x200.jpg 300w, http:\/\/www.produccion.jujuy.gob.ar\/wp-content\/uploads\/2022\/03\/vitivinicola-30-1024x683.jpg 1024w, http:\/\/www.produccion.jujuy.gob.ar\/wp-content\/uploads\/2022\/03\/vitivinicola-30-768x512.jpg 768w, http:\/\/www.produccion.jujuy.gob.ar\/wp-content\/uploads\/2022\/03\/vitivinicola-30-272x182.jpg 272w, http:\/\/www.produccion.jujuy.gob.ar\/wp-content\/uploads\/2022\/03\/vitivinicola-30.jpg 1555w\" sizes=\"(max-width: 1536px) 100vw, 1536px\" \/>\t\t\t\t\t\t\t\t\t\t\t\t\t\t\t<\/div>\n\t\t\t\t<\/div>\n\t\t\t\t\t<\/div>\n\t\t<\/div>\n\t\t\t\t\t\t\t<\/div>\n\t\t<\/section>\n\t\t\t\t<section class=\"elementor-section elementor-top-section elementor-element elementor-element-f4758fd elementor-section-boxed elementor-section-height-default elementor-section-height-default\" data-id=\"f4758fd\" data-element_type=\"section\">\n\t\t\t\t\t\t<div class=\"elementor-container elementor-column-gap-default\">\n\t\t\t\t\t<div class=\"elementor-column elementor-col-100 elementor-top-column elementor-element elementor-element-cb596de\" data-id=\"cb596de\" data-element_type=\"column\">\n\t\t\t<div class=\"elementor-widget-wrap elementor-element-populated\">\n\t\t\t\t\t\t\t\t<div class=\"elementor-element elementor-element-f925583 elementor-widget elementor-widget-text-editor\" data-id=\"f925583\" data-element_type=\"widget\" data-widget_type=\"text-editor.default\">\n\t\t\t\t<div class=\"elementor-widget-container\">\n\t\t\t\t\t\t\t\t\n<h5><p align='justify'>La L\u00ednea de financiamiento \u201cVITIVIN\u00cdCOLA 2022\u201d, convenida entre el Gobierno Nacional, Gobierno de la Provincia de Jujuy y el Banco Naci\u00f3n, dirigida a productores, bodegueros y cooperativas, tiene como objetivo respaldar las necesidades y oportunidades de crecimiento de las MiPyMEs y ofrecer las herramientas necesarias a los distintos eslabones de la producci\u00f3n vitivin\u00edcola de Jujuy.<\/p><\/h5>\n<h5><p align='justify'>El desarrollo de las econom\u00edas regionales es central para el crecimiento del pa\u00eds. Por eso, trabajamos para acompa\u00f1ar el entramado productivo de cada regi\u00f3n.<\/p><\/h5>\n<h5><p align='justify'>El monto total de la financiaci\u00f3n ser\u00e1 de 1500 millones de pesos. La bonificaci\u00f3n de 7 puntos de la tasa vigente se realizar\u00e1 a trav\u00e9s del Fondo Nacional de Desarrollo Productivo (FONDEP).<\/p><\/h5>\n<h5><p align='justify'>Los pr\u00e9stamos ser\u00e1n otorgados por el Banco Naci\u00f3n, previa inscripci\u00f3n en la p\u00e1gina web del Ministerio de Desarrollo Econ\u00f3mico y Producci\u00f3n y en posterior al an\u00e1lisis crediticio que llevar\u00e1 a cabo la entidad \ufb01nanciera.<\/p><\/h5>\n\t\t\t\t\t\t<\/div>\n\t\t\t\t<\/div>\n\t\t\t\t\t<\/div>\n\t\t<\/div>\n\t\t\t\t\t\t\t<\/div>\n\t\t<\/section>\n\t\t\t\t<section class=\"elementor-section elementor-top-section elementor-element elementor-element-7667fbe elementor-section-boxed elementor-section-height-default elementor-section-height-default\" data-id=\"7667fbe\" data-element_type=\"section\">\n\t\t\t\t\t\t<div class=\"elementor-container elementor-column-gap-default\">\n\t\t\t\t\t<div class=\"elementor-column elementor-col-100 elementor-top-column elementor-element elementor-element-28bec0f\" data-id=\"28bec0f\" data-element_type=\"column\">\n\t\t\t<div class=\"elementor-widget-wrap elementor-element-populated\">\n\t\t\t\t\t\t\t\t<div class=\"elementor-element elementor-element-dcdac90 elementor-widget elementor-widget-heading\" data-id=\"dcdac90\" data-element_type=\"widget\" data-widget_type=\"heading.default\">\n\t\t\t\t<div class=\"elementor-widget-container\">\n\t\t\t<h2 class=\"elementor-heading-title elementor-size-default\">Caracter\u00edsticas y requisitos de la L\u00ednea<\/h2>\t\t<\/div>\n\t\t\t\t<\/div>\n\t\t\t\t\t<\/div>\n\t\t<\/div>\n\t\t\t\t\t\t\t<\/div>\n\t\t<\/section>\n\t\t\t\t<section class=\"elementor-section elementor-top-section elementor-element elementor-element-4a2b757 elementor-section-boxed elementor-section-height-default elementor-section-height-default\" data-id=\"4a2b757\" data-element_type=\"section\">\n\t\t\t\t\t\t<div class=\"elementor-container elementor-column-gap-default\">\n\t\t\t\t\t<div class=\"elementor-column elementor-col-100 elementor-top-column elementor-element elementor-element-ef3b06f\" data-id=\"ef3b06f\" data-element_type=\"column\">\n\t\t\t<div class=\"elementor-widget-wrap elementor-element-populated\">\n\t\t\t\t\t\t\t\t<div class=\"elementor-element elementor-element-7efff9b elementor-widget elementor-widget-text-editor\" data-id=\"7efff9b\" data-element_type=\"widget\" data-widget_type=\"text-editor.default\">\n\t\t\t\t<div class=\"elementor-widget-container\">\n\t\t\t\t\t\t\t\t<p align=\"justify\"><h5><i class=\"fas fa-check-circle\"><\/i>\u00a0\u00a0<span style=\"text-decoration: underline; color: #f9b342;\"><strong>L\u00cdNEA:<\/strong><\/span> Desarrollo Federal Cosecha y Acarreo.<\/h5><\/p>\n<p align=\"justify\"><h5><i class=\"fas fa-check-circle\">\u00a0 <\/i><strong><span style=\"text-decoration: underline;\"><span style=\"color: #f9b342; text-decoration: underline;\">BENEFICIARIOS:<\/span><\/span><\/strong> Productores, bodegueros y cooperativas, que cuenten con certificado MiPyME vigente y est\u00e9n radicadas y con inversi\u00f3n en la Provincia de Jujuy.<\/h5><\/p>\n<p align=\"justify\"><h5><i class=\"fas fa-check-circle\"><\/i>\u00a0<strong><span style=\"text-decoration: underline;\"><span style=\"color: #f9b342; text-decoration: underline;\">DESTINO DE LOS FONDOS:<\/span><\/span><\/strong> Financiaci\u00f3n de gastos de Cosecha y acarreo de uva y\/o gastos de elaboraci\u00f3n de productos vitivin\u00edcolas, correspondiente a la Vendimia del 2022.<\/h5><\/p>\n<p align=\"justify\"><h5><i class=\"fas fa-check-circle\"><\/i>\u00a0\u00a0<strong><span style=\"text-decoration: underline;\"><span style=\"color: #f9b342; text-decoration: underline;\">MONTO TOTAL DE LA L\u00cdNEA:<\/span><\/span><\/strong> $1.500 millones.<\/h5><\/p>\n\n<h5><i class=\"fas fa-check-circle\"><\/i>\u00a0\u00a0<strong><span style=\"text-decoration: underline; color: #f9b342;\">MONTO DE CR\u00c9DITOS:<\/span><\/strong> hasta el equivalente a 2.000 SMVM.<\/h5>\n<h5><i class=\"fas fa-check-circle\"><\/i>\u00a0\u00a0<strong><span style=\"text-decoration: underline;\"><span style=\"color: #f9b342; text-decoration: underline;\">PLAZO:<\/span><\/span><\/strong> 300 d\u00edas, sin per\u00edodo de gracia.<\/h5>\n<h5><i class=\"fas fa-check-circle\"><\/i>\u00a0\u00a0<strong><span style=\"text-decoration: underline;\"><span style=\"color: #f9b342; text-decoration: underline;\">AMORTIZACI\u00d3N:<\/span><\/span><\/strong> Pago \u00edntegro al vencimiento.<\/h5>\n<p align=\"justify\"><h5><i class=\"fas fa-check-circle\"><\/i>\u00a0\u00a0<strong><span style=\"text-decoration: underline;\"><span style=\"color: #f9b342; text-decoration: underline;\">TASA:<\/span><\/span><\/strong> BNA 40% Reg.: 750 pudiendo adicionar hasta 4% por reciprocidad y hasta 2%* por pymes mujeres.<\/h5><\/p>\n\n<p align=\"justify\"><h5><i class=\"fas fa-check-circle\"><\/i>\u00a0\u00a0<strong><span style=\"text-decoration: underline;\"><span style=\"color: #f9b342; text-decoration: underline;\">SUBSIDIO:<\/span><\/span><\/strong> 7% FONDEP.<\/h5><\/p>\n\n<p align=\"justify\"><h5><i class=\"fas fa-check-circle\"><\/i>\u00a0\u00a0<strong><span style=\"text-decoration: underline;\"><span style=\"color: #f9b342; text-decoration: underline;\">GARANT\u00cdAS:<\/span><\/span><\/strong> a satisfacci\u00f3n del BNA.<\/h5><\/p>\n\n<p align=\"justify\"><h5><i class=\"fas fa-check-circle\"><\/i>\u00a0\u00a0<strong><span style=\"text-decoration: underline;\"><span style=\"color: #f9b342; text-decoration: underline;\">VIGENCIA:<\/span><\/span><\/strong> hasta 30\/06\/22<\/h5><\/p>\n\t\t\t\t\t\t<\/div>\n\t\t\t\t<\/div>\n\t\t\t\t\t<\/div>\n\t\t<\/div>\n\t\t\t\t\t\t\t<\/div>\n\t\t<\/section>\n\t\t\t\t<section class=\"elementor-section elementor-top-section elementor-element elementor-element-529df45 elementor-section-boxed elementor-section-height-default elementor-section-height-default\" data-id=\"529df45\" data-element_type=\"section\">\n\t\t\t\t\t\t<div class=\"elementor-container elementor-column-gap-default\">\n\t\t\t\t\t<div class=\"elementor-column elementor-col-100 elementor-top-column elementor-element elementor-element-8346715\" data-id=\"8346715\" data-element_type=\"column\">\n\t\t\t<div class=\"elementor-widget-wrap elementor-element-populated\">\n\t\t\t\t\t\t\t\t<div class=\"elementor-element elementor-element-9bd0e49 elementor-button-warning elementor-align-center elementor-widget elementor-widget-button\" data-id=\"9bd0e49\" data-element_type=\"widget\" data-widget_type=\"button.default\">\n\t\t\t\t<div class=\"elementor-widget-container\">\n\t\t\t\t\t<div class=\"elementor-button-wrapper\">\n\t\t\t<a href=\"http:\/\/190.52.39.246:8780\/agencia\/frm-vitivinicola.php\" target=\"_blank\" class=\"elementor-button-link elementor-button elementor-size-xl elementor-animation-grow\" role=\"button\">\n\t\t\t\t\t\t<span class=\"elementor-button-content-wrapper\">\n\t\t\t\t\t\t<span class=\"elementor-button-icon elementor-align-icon-left\">\n\t\t\t\t<i aria-hidden=\"true\" class=\"fas fa-user-edit\"><\/i>\t\t\t<\/span>\n\t\t\t\t\t\t<span class=\"elementor-button-text\">I N S C R I P C I \u00d3 N<\/span>\n\t\t<\/span>\n\t\t\t\t\t<\/a>\n\t\t<\/div>\n\t\t\t\t<\/div>\n\t\t\t\t<\/div>\n\t\t\t\t\t<\/div>\n\t\t<\/div>\n\t\t\t\t\t\t\t<\/div>\n\t\t<\/section>\n\t\t\t\t<section class=\"elementor-section elementor-top-section elementor-element elementor-element-af2f719 elementor-section-boxed elementor-section-height-default elementor-section-height-default\" data-id=\"af2f719\" data-element_type=\"section\">\n\t\t\t\t\t\t<div class=\"elementor-container elementor-column-gap-default\">\n\t\t\t\t\t<div class=\"elementor-column elementor-col-100 elementor-top-column elementor-element elementor-element-62a512d\" data-id=\"62a512d\" data-element_type=\"column\">\n\t\t\t<div class=\"elementor-widget-wrap elementor-element-populated\">\n\t\t\t\t\t\t\t\t<div class=\"elementor-element elementor-element-74d4c57 elementor-widget elementor-widget-text-editor\" data-id=\"74d4c57\" data-element_type=\"widget\" data-widget_type=\"text-editor.default\">\n\t\t\t\t<div class=\"elementor-widget-container\">\n\t\t\t\t\t\t\t\t<pre align=\"center\"><strong>L\u00edneas directas de Comunicaci\u00f3n<\/strong> <strong> <i class=\"fas fa-phone-square-alt\"><\/i> 0388-4264015 \/ 4264014.<\/strong><\/pre>\t\t\t\t\t\t<\/div>\n\t\t\t\t<\/div>\n\t\t\t\t\t<\/div>\n\t\t<\/div>\n\t\t\t\t\t\t\t<\/div>\n\t\t<\/section>\n\t\t\t\t\t\t<\/div>\n\t\t\t\t\t<\/div>\n\t\t","protected":false},"excerpt":{"rendered":"<p>La L\u00ednea de financiamiento \u201cVITIVIN\u00cdCOLA 2022\u201d, convenida entre el Gobierno Nacional, Gobierno de la Provincia de Jujuy y el Banco Naci\u00f3n, dirigida a productores, bodegueros y cooperativas, tiene como objetivo respaldar las<a class=\"moretag\" href=\"http:\/\/www.produccion.jujuy.gob.ar\/?page_id=2710\">Leer m\u00e1s&#8230;<\/a><\/p>\n","protected":false},"author":1,"featured_media":0,"parent":0,"menu_order":0,"comment_status":"closed","ping_status":"closed","template":"","meta":[],"yoast_head":"<!-- This site is optimized with the Yoast SEO plugin v18.3 - https:\/\/yoast.com\/wordpress\/plugins\/seo\/ -->\n<title>FINANCIAMIENTO VITIVIN\u00cdCOLA 2022 - Ministerio de Desarrollo Econ\u00f3mico y Producci\u00f3n<\/title>\n<meta name=\"robots\" content=\"index, follow, max-snippet:-1, max-image-preview:large, max-video-preview:-1\" \/>\n<link rel=\"canonical\" href=\"http:\/\/www.produccion.jujuy.gob.ar\/?page_id=2710\" \/>\n<meta property=\"og:locale\" content=\"es_ES\" \/>\n<meta property=\"og:type\" content=\"article\" \/>\n<meta property=\"og:title\" content=\"FINANCIAMIENTO VITIVIN\u00cdCOLA 2022 - Ministerio de Desarrollo Econ\u00f3mico y Producci\u00f3n\" \/>\n<meta property=\"og:description\" content=\"La L\u00ednea de financiamiento \u201cVITIVIN\u00cdCOLA 2022\u201d, convenida entre el Gobierno Nacional, Gobierno de la Provincia de Jujuy y el Banco Naci\u00f3n, dirigida a productores, bodegueros y cooperativas, tiene como objetivo respaldar lasLeer m\u00e1s...\" \/>\n<meta property=\"og:url\" content=\"http:\/\/www.produccion.jujuy.gob.ar\/?page_id=2710\" \/>\n<meta property=\"og:site_name\" content=\"Ministerio de Desarrollo Econ\u00f3mico y Producci\u00f3n\" \/>\n<meta property=\"article:modified_time\" content=\"2022-03-17T15:22:59+00:00\" \/>\n<meta property=\"og:image\" content=\"http:\/\/www.produccion.jujuy.gob.ar\/wp-content\/uploads\/2022\/03\/vitivinicola-30-1536x1024.jpg\" \/>\n<meta name=\"twitter:card\" content=\"summary_large_image\" \/>\n<meta name=\"twitter:label1\" content=\"Tiempo de lectura\" \/>\n\t<meta name=\"twitter:data1\" content=\"2 minutos\" \/>\n<script type=\"application\/ld+json\" class=\"yoast-schema-graph\">{\"@context\":\"https:\/\/schema.org\",\"@graph\":[{\"@type\":\"WebSite\",\"@id\":\"http:\/\/www.produccion.jujuy.gob.ar\/#website\",\"url\":\"http:\/\/www.produccion.jujuy.gob.ar\/\",\"name\":\"Ministerio de Desarrollo Econ\u00f3mico y Producci\u00f3n\",\"description\":\"\",\"potentialAction\":[{\"@type\":\"SearchAction\",\"target\":{\"@type\":\"EntryPoint\",\"urlTemplate\":\"http:\/\/www.produccion.jujuy.gob.ar\/?s={search_term_string}\"},\"query-input\":\"required name=search_term_string\"}],\"inLanguage\":\"es\"},{\"@type\":\"ImageObject\",\"@id\":\"http:\/\/www.produccion.jujuy.gob.ar\/?page_id=2710#primaryimage\",\"inLanguage\":\"es\",\"url\":\"http:\/\/www.produccion.jujuy.gob.ar\/wp-content\/uploads\/2022\/03\/vitivinicola-30.jpg\",\"contentUrl\":\"http:\/\/www.produccion.jujuy.gob.ar\/wp-content\/uploads\/2022\/03\/vitivinicola-30.jpg\",\"width\":1555,\"height\":1037},{\"@type\":\"WebPage\",\"@id\":\"http:\/\/www.produccion.jujuy.gob.ar\/?page_id=2710#webpage\",\"url\":\"http:\/\/www.produccion.jujuy.gob.ar\/?page_id=2710\",\"name\":\"FINANCIAMIENTO VITIVIN\u00cdCOLA 2022 - Ministerio de Desarrollo Econ\u00f3mico y Producci\u00f3n\",\"isPartOf\":{\"@id\":\"http:\/\/www.produccion.jujuy.gob.ar\/#website\"},\"primaryImageOfPage\":{\"@id\":\"http:\/\/www.produccion.jujuy.gob.ar\/?page_id=2710#primaryimage\"},\"datePublished\":\"2022-03-15T14:06:20+00:00\",\"dateModified\":\"2022-03-17T15:22:59+00:00\",\"breadcrumb\":{\"@id\":\"http:\/\/www.produccion.jujuy.gob.ar\/?page_id=2710#breadcrumb\"},\"inLanguage\":\"es\",\"potentialAction\":[{\"@type\":\"ReadAction\",\"target\":[\"http:\/\/www.produccion.jujuy.gob.ar\/?page_id=2710\"]}]},{\"@type\":\"BreadcrumbList\",\"@id\":\"http:\/\/www.produccion.jujuy.gob.ar\/?page_id=2710#breadcrumb\",\"itemListElement\":[{\"@type\":\"ListItem\",\"position\":1,\"name\":\"Portada\",\"item\":\"http:\/\/www.produccion.jujuy.gob.ar\/\"},{\"@type\":\"ListItem\",\"position\":2,\"name\":\"FINANCIAMIENTO VITIVIN\u00cdCOLA 2022\"}]}]}<\/script>\n<!-- \/ Yoast SEO plugin. -->","yoast_head_json":{"title":"FINANCIAMIENTO VITIVIN\u00cdCOLA 2022 - Ministerio de Desarrollo Econ\u00f3mico y Producci\u00f3n","robots":{"index":"index","follow":"follow","max-snippet":"max-snippet:-1","max-image-preview":"max-image-preview:large","max-video-preview":"max-video-preview:-1"},"canonical":"http:\/\/www.produccion.jujuy.gob.ar\/?page_id=2710","og_locale":"es_ES","og_type":"article","og_title":"FINANCIAMIENTO VITIVIN\u00cdCOLA 2022 - Ministerio de Desarrollo Econ\u00f3mico y Producci\u00f3n","og_description":"La L\u00ednea de financiamiento \u201cVITIVIN\u00cdCOLA 2022\u201d, convenida entre el Gobierno Nacional, Gobierno de la Provincia de Jujuy y el Banco Naci\u00f3n, dirigida a productores, bodegueros y cooperativas, tiene como objetivo respaldar lasLeer m\u00e1s...","og_url":"http:\/\/www.produccion.jujuy.gob.ar\/?page_id=2710","og_site_name":"Ministerio de Desarrollo Econ\u00f3mico y Producci\u00f3n","article_modified_time":"2022-03-17T15:22:59+00:00","og_image":[{"url":"http:\/\/www.produccion.jujuy.gob.ar\/wp-content\/uploads\/2022\/03\/vitivinicola-30-1536x1024.jpg"}],"twitter_card":"summary_large_image","twitter_misc":{"Tiempo de lectura":"2 minutos"},"schema":{"@context":"https:\/\/schema.org","@graph":[{"@type":"WebSite","@id":"http:\/\/www.produccion.jujuy.gob.ar\/#website","url":"http:\/\/www.produccion.jujuy.gob.ar\/","name":"Ministerio de Desarrollo Econ\u00f3mico y Producci\u00f3n","description":"","potentialAction":[{"@type":"SearchAction","target":{"@type":"EntryPoint","urlTemplate":"http:\/\/www.produccion.jujuy.gob.ar\/?s={search_term_string}"},"query-input":"required name=search_term_string"}],"inLanguage":"es"},{"@type":"ImageObject","@id":"http:\/\/www.produccion.jujuy.gob.ar\/?page_id=2710#primaryimage","inLanguage":"es","url":"http:\/\/www.produccion.jujuy.gob.ar\/wp-content\/uploads\/2022\/03\/vitivinicola-30.jpg","contentUrl":"http:\/\/www.produccion.jujuy.gob.ar\/wp-content\/uploads\/2022\/03\/vitivinicola-30.jpg","width":1555,"height":1037},{"@type":"WebPage","@id":"http:\/\/www.produccion.jujuy.gob.ar\/?page_id=2710#webpage","url":"http:\/\/www.produccion.jujuy.gob.ar\/?page_id=2710","name":"FINANCIAMIENTO VITIVIN\u00cdCOLA 2022 - Ministerio de Desarrollo Econ\u00f3mico y Producci\u00f3n","isPartOf":{"@id":"http:\/\/www.produccion.jujuy.gob.ar\/#website"},"primaryImageOfPage":{"@id":"http:\/\/www.produccion.jujuy.gob.ar\/?page_id=2710#primaryimage"},"datePublished":"2022-03-15T14:06:20+00:00","dateModified":"2022-03-17T15:22:59+00:00","breadcrumb":{"@id":"http:\/\/www.produccion.jujuy.gob.ar\/?page_id=2710#breadcrumb"},"inLanguage":"es","potentialAction":[{"@type":"ReadAction","target":["http:\/\/www.produccion.jujuy.gob.ar\/?page_id=2710"]}]},{"@type":"BreadcrumbList","@id":"http:\/\/www.produccion.jujuy.gob.ar\/?page_id=2710#breadcrumb","itemListElement":[{"@type":"ListItem","position":1,"name":"Portada","item":"http:\/\/www.produccion.jujuy.gob.ar\/"},{"@type":"ListItem","position":2,"name":"FINANCIAMIENTO VITIVIN\u00cdCOLA 2022"}]}]}},"_links":{"self":[{"href":"http:\/\/www.produccion.jujuy.gob.ar\/index.php?rest_route=\/wp\/v2\/pages\/2710"}],"collection":[{"href":"http:\/\/www.produccion.jujuy.gob.ar\/index.php?rest_route=\/wp\/v2\/pages"}],"about":[{"href":"http:\/\/www.produccion.jujuy.gob.ar\/index.php?rest_route=\/wp\/v2\/types\/page"}],"author":[{"embeddable":true,"href":"http:\/\/www.produccion.jujuy.gob.ar\/index.php?rest_route=\/wp\/v2\/users\/1"}],"replies":[{"embeddable":true,"href":"http:\/\/www.produccion.jujuy.gob.ar\/index.php?rest_route=%2Fwp%2Fv2%2Fcomments&post=2710"}],"version-history":[{"count":56,"href":"http:\/\/www.produccion.jujuy.gob.ar\/index.php?rest_route=\/wp\/v2\/pages\/2710\/revisions"}],"predecessor-version":[{"id":2783,"href":"http:\/\/www.produccion.jujuy.gob.ar\/index.php?rest_route=\/wp\/v2\/pages\/2710\/revisions\/2783"}],"wp:attachment":[{"href":"http:\/\/www.produccion.jujuy.gob.ar\/index.php?rest_route=%2Fwp%2Fv2%2Fmedia&parent=2710"}],"curies":[{"name":"wp","href":"https:\/\/api.w.org\/{rel}","templated":true}]}}