{"id":4296,"date":"2023-03-27T15:44:01","date_gmt":"2023-03-27T15:44:01","guid":{"rendered":"http:\/\/www.produccion.jujuy.gob.ar\/?page_id=4296"},"modified":"2023-09-25T10:31:41","modified_gmt":"2023-09-25T10:31:41","slug":"linea-crear-inversiones","status":"publish","type":"page","link":"http:\/\/www.produccion.jujuy.gob.ar\/?page_id=4296","title":{"rendered":"LINEA CREAR INVERSIONES"},"content":{"rendered":"\t\t<div data-elementor-type=\"wp-page\" data-elementor-id=\"4296\" class=\"elementor elementor-4296\" data-elementor-settings=\"[]\">\n\t\t\t\t\t\t\t<div class=\"elementor-section-wrap\">\n\t\t\t\t\t\t\t<section class=\"elementor-section elementor-top-section elementor-element elementor-element-1f46983 elementor-section-boxed elementor-section-height-default elementor-section-height-default\" data-id=\"1f46983\" data-element_type=\"section\">\n\t\t\t\t\t\t<div class=\"elementor-container elementor-column-gap-default\">\n\t\t\t\t\t<div class=\"elementor-column elementor-col-100 elementor-top-column elementor-element elementor-element-e986a34\" data-id=\"e986a34\" data-element_type=\"column\">\n\t\t\t<div class=\"elementor-widget-wrap elementor-element-populated\">\n\t\t\t\t\t\t\t\t<div class=\"elementor-element elementor-element-bf44bea elementor-widget elementor-widget-heading\" data-id=\"bf44bea\" data-element_type=\"widget\" data-widget_type=\"heading.default\">\n\t\t\t\t<div class=\"elementor-widget-container\">\n\t\t\t<h2 class=\"elementor-heading-title elementor-size-default\"><b><span style=\"\" id=\"docs-internal-guid-578d1bb3-7fff-bb02-738e-0ba7280192d5\"><span style=\"font-size: 20pt; font-family: Arial; color: rgb(59, 160, 168); background-color: transparent; font-variant-numeric: normal; font-variant-east-asian: normal; font-variant-alternates: normal; vertical-align: baseline;\"><font color=\"#6B317C\">L\u00ednea Crear Inversi\u00f3n Federal Pyme:<\/font><\/span><\/span><\/b><\/h2>\t\t<\/div>\n\t\t\t\t<\/div>\n\t\t\t\t<div class=\"elementor-element elementor-element-c815dbb elementor-widget elementor-widget-text-editor\" data-id=\"c815dbb\" data-element_type=\"widget\" data-widget_type=\"text-editor.default\">\n\t\t\t\t<div class=\"elementor-widget-container\">\n\t\t\t\t\t\t\t\t<!--\n<p align=\"justify\">La l\u00ednea de Financiamiento CREAR INVERSI\u00d3N FEDERAL se creo para inversi\u00f3n productiva, industrial y comercial. Se desarroll\u00f3 con el objetivo fortalecer las micro, peque\u00f1as y medianas empresas de la provincia de Jujuy mediante la asistencia financiera, convenida entre la Provincia de Jujuy\u00a0 y\u00a0 el Ministerio de Econom\u00eda de la Naci\u00f3n Argentina e instrumentado a trav\u00e9s del banco Macro S.A. como agente financiero.<\/p>\n<p align=\"justify\">Los pr\u00e9stamos ser\u00e1n otorgados por el Banco Marco S.A., previo emisi\u00f3n de Certificado de Elegibilidad emitido por el Ministerio de Desarrollo Econ\u00f3mico y Producci\u00f3n y en posterior al an\u00e1lisis crediticio que llevar\u00e1 a cabo la entidad \ufb01nanciera.<\/p>\n<p align=\"justify\">La Tasa de inter\u00e9s anual aplicable es la BADLAR EN PESOS DE LOS BANCOS PRIVADOS (en %n.a., publicada el ultimo dia habil del mes anterior por el BCRA) M\u00c1S CINCO (5) PUNTOS PORCENTUALES durante toda la vida \u00fatil del cr\u00e9dito. La l\u00ednea tendr\u00e1 una boni\ufb01caci\u00f3n por parte del FONDEP de CINCO (5) puntos porcentuales como minimo y un maximo de TREINTA (30) puntos porcentuales, y tendr\u00e1 una bonificaci\u00f3n de CINCO (5) puntos porcentuales por parte del Gobierno de Jujuy.<\/p>\n<span style=\"font-size: large;\"><b>Aplicables de la siguiente manera:<\/b><\/span>\n<ul>\n \t<li><b><b><span style=\"font-weight: 400;\"><b>Durante los primeros TREINTA Y SEIS (36) meses del Cr\u00e9dito:<\/b><\/span><\/b><\/b><\/li>\n<\/ul>\n<\/b\n<p align=\"justify\">- En caso de que la tasa BADLAR EN PESOS DE BANCOS PRIVADOS (en % n.a., publicada el \u00faltimo d\u00eda h\u00e1bil del mes anterior por el BCRA) oscile entre los l\u00edmites de CUARENTA Y NUEVE POR CIENTO (49%) y de SETENTA Y CUATRO POR CIENTO (74%), la tasa de inter\u00e9s final para el Beneficiario ser\u00e1 del CUARENTA Y NUEVE POR CIENTO (49%).<\/p>\n<p align=\"justify\">- En caso de que la tasa BADLAR EN PESOS DE BANCOS PRIVADOS (en % n.a., publicada el \u00faltimo d\u00eda h\u00e1bil del mes anterior por el BCRA) descienda por debajo de CUARENTA Y NUEVE POR CIENTO (49%), la tasa final a abonar por el Beneficiario ser\u00e1 la equivalente a BADLAR EN PESOS DE BANCOS PRIVADOS (en % n.a., publicada el \u00faltimo d\u00eda h\u00e1bil del mes anterior por el BCRA).<\/p>\n<p align=\"justify\">- En caso de que la tasa BADLAR EN PESOS DE BANCOS PRIVADOS (en % n.a., publicada el \u00faltimo d\u00eda h\u00e1bil del mes anterior por el BCRA) supere el SETENTA Y CUATRO POR CIENTO (74%), la tasa final a abonar por el Beneficiario ser\u00e1 la equivalente a BADLAR EN PESOS DE BANCOS PRIVADOS (en % n.a., publicada el \u00faltimo d\u00eda h\u00e1bil del mes anterior por el BCRA) menos VEINTICINCO PUNTOS PORCENTUALES ANUALES (25 P.PA).<\/p>\n<p align=\"justify\">- Cada operaci\u00f3n de cr\u00e9dito contar\u00e1, con un subsidio de la tasa de inter\u00e9s a cargo de la Provincia de CINCO PUNTOS PORCENTUALES ANUALES (5 P.PA), durante los primeros 36 meses.<\/p>\n\n<ul>\n \t<li><b>\u00a0Del mes TREINTA Y SIETE (37) del Cr\u00e9dito en adelante:<\/b><\/li>\n<\/ul>\n<p align=\"justify\">- La bonificaci\u00f3n de FONDEP ser\u00e1 fija de CINCO PUNTOS PORCENTUALES ANUALES (5 P.P.A) y la tasa final al Beneficiario ser\u00e1 la equivalente a BADLAR EN PESOS DE BANCOS PRIVADOS (en % n.a., publicada el \u00faltimo d\u00eda h\u00e1bil del mes anterior por el BCRA).<\/p>\n-->\n<h5 align=\"justify\">La l\u00ednea de Financiamiento CREAR INVERSI\u00d3N PYME se cre\u00f3 para inversi\u00f3n productiva, industrial y comercial. Se desarroll\u00f3 con el objetivo fortalecer las micro, peque\u00f1as y medianas empresas de la provincia de Jujuy mediante la asistencia financiera, convenida entre la Provincia de Jujuy y Secretaria de la Peque\u00f1a y Mediana Empresa de la Naci\u00f3n e instrumentado a trav\u00e9s del banco Macro S.A. como agente financiero.<\/h5>\n<ul>\n \t<li>\n<h5 align=\"justify\"><font color=#F3B828><b><i class=\"fas fa-arrow-circle-right\"><\/i><\/font><\/b>\u00a0\u00a0<u>Cupo:<\/u>\u00a0\u00a0La l\u00ednea posee un cupo m\u00e1ximo de 30% a comercio y turismo, 30% para econom\u00edas regionales.<\/h5>\n<\/li>\n<\/ul>\t\t\t\t\t\t<\/div>\n\t\t\t\t<\/div>\n\t\t\t\t<div class=\"elementor-element elementor-element-83e284e elementor-widget elementor-widget-heading\" data-id=\"83e284e\" data-element_type=\"widget\" data-widget_type=\"heading.default\">\n\t\t\t\t<div class=\"elementor-widget-container\">\n\t\t\t<h2 class=\"elementor-heading-title elementor-size-default\"><b><span style=\"\" id=\"docs-internal-guid-578d1bb3-7fff-bb02-738e-0ba7280192d5\"><span style=\"font-size: 20pt; font-family: Arial; color: rgb(59, 160, 168); background-color: transparent; font-variant-numeric: normal; font-variant-east-asian: normal; font-variant-alternates: normal; vertical-align: baseline;\"><font color=#6B317C>Caracter\u00edsticas:<\/span><\/span><\/b><\/h2>\t\t<\/div>\n\t\t\t\t<\/div>\n\t\t\t\t<div class=\"elementor-element elementor-element-c10c1bb elementor-widget elementor-widget-text-editor\" data-id=\"c10c1bb\" data-element_type=\"widget\" data-widget_type=\"text-editor.default\">\n\t\t\t\t<div class=\"elementor-widget-container\">\n\t\t\t\t\t\t\t\t<!--<p align=\"justify\"><b>L\u00cdNEA:<\/b> L\u00ednea Productiva, Industrial y Comercial.<\/p>\n<p align=\"justify\"><b>BENEFICIARIOS:<\/b> Micro, Peque\u00f1as y Medianas Empresas - MIPYMES, que cuenten con <span style=\"font-weight: 400;\">certificado MiPyME vigente y est\u00e9n radicadas y con inversi\u00f3n en la Provincia de Jujuy.<\/span><\/p>\n<b>DESTINO DE LOS FONDOS:<\/b>\n<ul>\n \t<li><span style=\"font-weight: 400;\">Bienes de capital: Adquisici\u00f3n de bienes de capital nuevos de origen nacional o extranjero que ya se encuentren nacionalizados y respecto de los cuales no existan sustitutos de producci\u00f3n nacional, y sus instalaciones en el caso de corresponder.<\/span><\/li>\n<\/ul>\n<b>MONTO DE CR\u00c9DITOS:<\/b>\n<ul>\n \t<li><span style=\"font-weight: 400;\">Bienes de Capital: M\u00ednimo $1.000.000 m\u00e1ximo $100.000.000.<\/span><\/li>\n<\/ul>\n<b>PER\u00cdODO DE GRACIA: <\/b><span style=\"font-weight: 400;\">Hasta 6 meses sobre capital. <\/span>\n\n<b>AMORTIZACI\u00d3N:<\/b>\n\n<span style=\"font-weight: 400;\">Desde 48 (cuarenta y ocho) y hasta 60 (sesenta) meses incluido periodo de gracia.<\/span>\n\n<b>TASA:<\/b>\n<ul>\n \t<li style=\"font-weight: 400;\" aria-level=\"1\"><span style=\"font-weight: 400;\">BADLAR EN PESOS DE LOS BANCOS PRIVADOS (en %n.a., publicada el ultimo dia habil del mes anterior por el BCRA) M\u00c1S CINCO (5) PUNTOS PORCENTUALES ( con bonificaci\u00f3n aplicable)<\/span><\/li>\n<\/ul>\n<b>GARANT\u00cdAS:<\/b><span style=\"font-weight: 400;\"> a satisfacci\u00f3n del Banco Macro S.A..<\/span>\n\n<b>FORMA DE MONETIZACI\u00d3N<\/b>\nSer\u00e1 sujeto prestable la empresa que cuente con el certificado de viabilidad t\u00e9cnica, emitido por el ministerio y la aprobaci\u00f3n crediticia bancar\u00eda. La falta de cualquiera de estos, representar\u00e1 la no monetizaci\u00f3n de la solicitud.-->\t\t\t\t\t\t<\/div>\n\t\t\t\t<\/div>\n\t\t\t\t\t<\/div>\n\t\t<\/div>\n\t\t\t\t\t\t\t<\/div>\n\t\t<\/section>\n\t\t\t\t<section class=\"elementor-section elementor-top-section elementor-element elementor-element-1ee7e18 elementor-section-boxed elementor-section-height-default elementor-section-height-default\" data-id=\"1ee7e18\" data-element_type=\"section\">\n\t\t\t\t\t\t<div class=\"elementor-container elementor-column-gap-default\">\n\t\t\t\t\t<div class=\"elementor-column elementor-col-33 elementor-top-column elementor-element elementor-element-5e51f95\" data-id=\"5e51f95\" data-element_type=\"column\">\n\t\t\t<div class=\"elementor-widget-wrap\">\n\t\t\t\t\t\t\t\t\t<\/div>\n\t\t<\/div>\n\t\t\t\t<div class=\"elementor-column elementor-col-33 elementor-top-column elementor-element elementor-element-dd5cf73\" data-id=\"dd5cf73\" data-element_type=\"column\">\n\t\t\t<div class=\"elementor-widget-wrap elementor-element-populated\">\n\t\t\t\t\t\t\t\t<div class=\"elementor-element elementor-element-0600e35 elementor-widget elementor-widget-image\" data-id=\"0600e35\" data-element_type=\"widget\" data-widget_type=\"image.default\">\n\t\t\t\t<div class=\"elementor-widget-container\">\n\t\t\t\t\t\t\t\t\t\t\t\t\t\t\t<img width=\"458\" height=\"255\" src=\"http:\/\/www.produccion.jujuy.gob.ar\/wp-content\/uploads\/2023\/09\/cuadro-crear.png\" class=\"attachment-medium_large size-medium_large\" alt=\"\" loading=\"lazy\" srcset=\"http:\/\/www.produccion.jujuy.gob.ar\/wp-content\/uploads\/2023\/09\/cuadro-crear.png 458w, http:\/\/www.produccion.jujuy.gob.ar\/wp-content\/uploads\/2023\/09\/cuadro-crear-300x167.png 300w\" sizes=\"(max-width: 458px) 100vw, 458px\" \/>\t\t\t\t\t\t\t\t\t\t\t\t\t\t\t<\/div>\n\t\t\t\t<\/div>\n\t\t\t\t\t<\/div>\n\t\t<\/div>\n\t\t\t\t<div class=\"elementor-column elementor-col-33 elementor-top-column elementor-element elementor-element-ecb866d\" data-id=\"ecb866d\" data-element_type=\"column\">\n\t\t\t<div class=\"elementor-widget-wrap\">\n\t\t\t\t\t\t\t\t\t<\/div>\n\t\t<\/div>\n\t\t\t\t\t\t\t<\/div>\n\t\t<\/section>\n\t\t\t\t<section class=\"elementor-section elementor-top-section elementor-element elementor-element-b6b21a6 elementor-section-boxed elementor-section-height-default elementor-section-height-default\" data-id=\"b6b21a6\" data-element_type=\"section\">\n\t\t\t\t\t\t<div class=\"elementor-container elementor-column-gap-default\">\n\t\t\t\t\t<div class=\"elementor-column elementor-col-100 elementor-top-column elementor-element elementor-element-1864f0a\" data-id=\"1864f0a\" data-element_type=\"column\">\n\t\t\t<div class=\"elementor-widget-wrap elementor-element-populated\">\n\t\t\t\t\t\t\t\t<div class=\"elementor-element elementor-element-77c90e0 elementor-widget elementor-widget-heading\" data-id=\"77c90e0\" data-element_type=\"widget\" data-widget_type=\"heading.default\">\n\t\t\t\t<div class=\"elementor-widget-container\">\n\t\t\t<h4 class=\"elementor-heading-title elementor-size-default\"><font face=\"Avdira\"><span>Procedimiento de aplicaci\u00f3n L\u00ednea Crear Inversiones Jujuy<\/span><\/font><\/h4>\t\t<\/div>\n\t\t\t\t<\/div>\n\t\t\t\t<section class=\"elementor-section elementor-inner-section elementor-element elementor-element-60ad0cb elementor-section-boxed elementor-section-height-default elementor-section-height-default\" data-id=\"60ad0cb\" data-element_type=\"section\">\n\t\t\t\t\t\t<div class=\"elementor-container elementor-column-gap-default\">\n\t\t\t\t\t<div class=\"elementor-column elementor-col-100 elementor-inner-column elementor-element elementor-element-4cffdd9\" data-id=\"4cffdd9\" data-element_type=\"column\">\n\t\t\t<div class=\"elementor-widget-wrap elementor-element-populated\">\n\t\t\t\t\t\t\t\t<div class=\"elementor-element elementor-element-7905d53 elementor-widget elementor-widget-text-editor\" data-id=\"7905d53\" data-element_type=\"widget\" data-widget_type=\"text-editor.default\">\n\t\t\t\t<div class=\"elementor-widget-container\">\n\t\t\t\t\t\t\t\t<ol><li><h6>Ingresa la Solicitud de la Empresa mediante el Bot\u00f3n \u201cCrear Inversiones\u201d establecido en la p\u00e1gina http:\/\/www.produccion.jujuy.gob.ar\/<\/h6><\/li><li><h6>El Equipo de Financiamiento del Ministerio remite v\u00eda mail los requerimientos.(<a href=\"mailto:financiamiento.produccion@gmail.com\">produccion@gmail.com<\/a>)<\/h6><\/li><li><h6>La empresa deber\u00e1 remitir el Proyecto de inversi\u00f3n COMPLETO al mail desde el cual fue notificado.<\/h6><\/li><li><h6>Si el proyecto se encuentra aprobado se emitir\u00e1 el Informe de Viabilidad T\u00e9cnica.<\/h6><\/li><li><h6>Se emite el Certificado de Elegibilidad Ministerial.<\/h6><\/li><li><h6>Se remite al Banco el Certificado de elegibilidad escaneado para prosecuci\u00f3n de tr\u00e1mite.<\/h6><\/li><\/ol>\t\t\t\t\t\t<\/div>\n\t\t\t\t<\/div>\n\t\t\t\t\t<\/div>\n\t\t<\/div>\n\t\t\t\t\t\t\t<\/div>\n\t\t<\/section>\n\t\t\t\t\t<\/div>\n\t\t<\/div>\n\t\t\t\t\t\t\t<\/div>\n\t\t<\/section>\n\t\t\t\t<section class=\"elementor-section elementor-top-section elementor-element elementor-element-32168bd elementor-section-boxed elementor-section-height-default elementor-section-height-default\" data-id=\"32168bd\" data-element_type=\"section\">\n\t\t\t\t\t\t<div class=\"elementor-container elementor-column-gap-default\">\n\t\t\t\t\t<div class=\"elementor-column elementor-col-100 elementor-top-column elementor-element elementor-element-d1fce50\" data-id=\"d1fce50\" data-element_type=\"column\">\n\t\t\t<div class=\"elementor-widget-wrap elementor-element-populated\">\n\t\t\t\t\t\t\t\t<div class=\"elementor-element elementor-element-1275b8f elementor-widget elementor-widget-heading\" data-id=\"1275b8f\" data-element_type=\"widget\" data-widget_type=\"heading.default\">\n\t\t\t\t<div class=\"elementor-widget-container\">\n\t\t\t<h5 class=\"elementor-heading-title elementor-size-default\">Toda Empresa que desee acceder al programa debe contar con su actividad econ\u00f3mica incluida dentro del siguiente <a href=\"\/\/www.produccion.jujuy.gob.ar\/wp-content\/uploads\/2023\/03\/claes_linea_federal.pdf\" target=\"_blank\">Nomenclador (CLAE) <img loading=\"lazy\" src=\"http:\/\/www.produccion.jujuy.gob.ar\/wp-content\/uploads\/2021\/09\/ingreso.jpg\" width=\"40\" height=\"40\"> <\/a>con fecha m\u00ednima de alta de actividad 05\/12\/2022.-<\/h5>\t\t<\/div>\n\t\t\t\t<\/div>\n\t\t\t\t\t<\/div>\n\t\t<\/div>\n\t\t\t\t\t\t\t<\/div>\n\t\t<\/section>\n\t\t\t\t<section class=\"elementor-section elementor-top-section elementor-element elementor-element-73772b6 elementor-section-boxed elementor-section-height-default elementor-section-height-default\" data-id=\"73772b6\" data-element_type=\"section\">\n\t\t\t\t\t\t<div class=\"elementor-container elementor-column-gap-default\">\n\t\t\t\t\t<div class=\"elementor-column elementor-col-100 elementor-top-column elementor-element elementor-element-195578e\" data-id=\"195578e\" data-element_type=\"column\">\n\t\t\t<div class=\"elementor-widget-wrap elementor-element-populated\">\n\t\t\t\t\t\t\t\t<div class=\"elementor-element elementor-element-9e378be elementor-widget elementor-widget-spacer\" data-id=\"9e378be\" data-element_type=\"widget\" data-widget_type=\"spacer.default\">\n\t\t\t\t<div class=\"elementor-widget-container\">\n\t\t\t\t\t<div class=\"elementor-spacer\">\n\t\t\t<div class=\"elementor-spacer-inner\"><\/div>\n\t\t<\/div>\n\t\t\t\t<\/div>\n\t\t\t\t<\/div>\n\t\t\t\t\t<\/div>\n\t\t<\/div>\n\t\t\t\t\t\t\t<\/div>\n\t\t<\/section>\n\t\t\t\t<section class=\"elementor-section elementor-top-section elementor-element elementor-element-25c1afa elementor-section-boxed elementor-section-height-default elementor-section-height-default\" data-id=\"25c1afa\" data-element_type=\"section\">\n\t\t\t\t\t\t<div class=\"elementor-container elementor-column-gap-default\">\n\t\t\t\t\t<div class=\"elementor-column elementor-col-100 elementor-top-column elementor-element elementor-element-8e050ff\" data-id=\"8e050ff\" data-element_type=\"column\">\n\t\t\t<div class=\"elementor-widget-wrap elementor-element-populated\">\n\t\t\t\t\t\t\t\t<div class=\"elementor-element elementor-element-b437616 elementor-align-center elementor-widget elementor-widget-button\" data-id=\"b437616\" data-element_type=\"widget\" data-widget_type=\"button.default\">\n\t\t\t\t<div class=\"elementor-widget-container\">\n\t\t\t\t\t<div class=\"elementor-button-wrapper\">\n\t\t\t<a href=\"http:\/\/45.186.124.20\/agencia\/frm-crear-inversiones.php\" class=\"elementor-button-link elementor-button elementor-size-xl elementor-animation-pulse-grow\" role=\"button\">\n\t\t\t\t\t\t<span class=\"elementor-button-content-wrapper\">\n\t\t\t\t\t\t<span class=\"elementor-button-icon elementor-align-icon-left\">\n\t\t\t\t<i aria-hidden=\"true\" class=\"far fa-edit\"><\/i>\t\t\t<\/span>\n\t\t\t\t\t\t<span class=\"elementor-button-text\">REGISTRAR CONSULTA AL PROGRAMA<\/span>\n\t\t<\/span>\n\t\t\t\t\t<\/a>\n\t\t<\/div>\n\t\t\t\t<\/div>\n\t\t\t\t<\/div>\n\t\t\t\t\t<\/div>\n\t\t<\/div>\n\t\t\t\t\t\t\t<\/div>\n\t\t<\/section>\n\t\t\t\t<section class=\"elementor-section elementor-top-section elementor-element elementor-element-7c2f4bb elementor-section-boxed elementor-section-height-default elementor-section-height-default\" data-id=\"7c2f4bb\" data-element_type=\"section\">\n\t\t\t\t\t\t<div class=\"elementor-container elementor-column-gap-default\">\n\t\t\t\t\t<div class=\"elementor-column elementor-col-100 elementor-top-column elementor-element elementor-element-d11a4cc\" data-id=\"d11a4cc\" data-element_type=\"column\">\n\t\t\t<div class=\"elementor-widget-wrap\">\n\t\t\t\t\t\t\t\t\t<\/div>\n\t\t<\/div>\n\t\t\t\t\t\t\t<\/div>\n\t\t<\/section>\n\t\t\t\t\t\t<\/div>\n\t\t\t\t\t<\/div>\n\t\t","protected":false},"excerpt":{"rendered":"<p>L\u00ednea Crear Inversi\u00f3n Federal Pyme: La l\u00ednea de Financiamiento CREAR INVERSI\u00d3N PYME se cre\u00f3 para inversi\u00f3n productiva, industrial y comercial. Se desarroll\u00f3 con el objetivo fortalecer las micro, peque\u00f1as y medianas empresas<a class=\"moretag\" href=\"http:\/\/www.produccion.jujuy.gob.ar\/?page_id=4296\">Leer m\u00e1s&#8230;<\/a><\/p>\n","protected":false},"author":1,"featured_media":0,"parent":0,"menu_order":0,"comment_status":"closed","ping_status":"closed","template":"","meta":[],"yoast_head":"<!-- This site is optimized with the Yoast SEO plugin v18.3 - https:\/\/yoast.com\/wordpress\/plugins\/seo\/ -->\n<title>LINEA CREAR INVERSIONES - Ministerio de Desarrollo Econ\u00f3mico y Producci\u00f3n<\/title>\n<meta name=\"robots\" content=\"index, follow, max-snippet:-1, max-image-preview:large, max-video-preview:-1\" \/>\n<link rel=\"canonical\" href=\"https:\/\/www.produccion.jujuy.gob.ar\/?page_id=4296\" \/>\n<meta property=\"og:locale\" content=\"es_ES\" \/>\n<meta property=\"og:type\" content=\"article\" \/>\n<meta property=\"og:title\" content=\"LINEA CREAR INVERSIONES - Ministerio de Desarrollo Econ\u00f3mico y Producci\u00f3n\" \/>\n<meta property=\"og:description\" content=\"L\u00ednea Crear Inversi\u00f3n Federal Pyme: La l\u00ednea de Financiamiento CREAR INVERSI\u00d3N PYME se cre\u00f3 para inversi\u00f3n productiva, industrial y comercial. Se desarroll\u00f3 con el objetivo fortalecer las micro, peque\u00f1as y medianas empresasLeer m\u00e1s...\" \/>\n<meta property=\"og:url\" content=\"https:\/\/www.produccion.jujuy.gob.ar\/?page_id=4296\" \/>\n<meta property=\"og:site_name\" content=\"Ministerio de Desarrollo Econ\u00f3mico y Producci\u00f3n\" \/>\n<meta property=\"article:modified_time\" content=\"2023-09-25T10:31:41+00:00\" \/>\n<meta property=\"og:image\" content=\"http:\/\/www.produccion.jujuy.gob.ar\/wp-content\/uploads\/2023\/09\/cuadro-crear.png\" \/>\n<meta name=\"twitter:card\" content=\"summary_large_image\" \/>\n<meta name=\"twitter:label1\" content=\"Tiempo de lectura\" \/>\n\t<meta name=\"twitter:data1\" content=\"5 minutos\" \/>\n<script type=\"application\/ld+json\" class=\"yoast-schema-graph\">{\"@context\":\"https:\/\/schema.org\",\"@graph\":[{\"@type\":\"WebSite\",\"@id\":\"http:\/\/www.produccion.jujuy.gob.ar\/#website\",\"url\":\"http:\/\/www.produccion.jujuy.gob.ar\/\",\"name\":\"Ministerio de Desarrollo Econ\u00f3mico y Producci\u00f3n\",\"description\":\"\",\"potentialAction\":[{\"@type\":\"SearchAction\",\"target\":{\"@type\":\"EntryPoint\",\"urlTemplate\":\"http:\/\/www.produccion.jujuy.gob.ar\/?s={search_term_string}\"},\"query-input\":\"required name=search_term_string\"}],\"inLanguage\":\"es\"},{\"@type\":\"ImageObject\",\"@id\":\"https:\/\/www.produccion.jujuy.gob.ar\/?page_id=4296#primaryimage\",\"inLanguage\":\"es\",\"url\":\"http:\/\/www.produccion.jujuy.gob.ar\/wp-content\/uploads\/2023\/09\/cuadro-crear.png\",\"contentUrl\":\"http:\/\/www.produccion.jujuy.gob.ar\/wp-content\/uploads\/2023\/09\/cuadro-crear.png\",\"width\":458,\"height\":255},{\"@type\":\"WebPage\",\"@id\":\"https:\/\/www.produccion.jujuy.gob.ar\/?page_id=4296#webpage\",\"url\":\"https:\/\/www.produccion.jujuy.gob.ar\/?page_id=4296\",\"name\":\"LINEA CREAR INVERSIONES - Ministerio de Desarrollo Econ\u00f3mico y Producci\u00f3n\",\"isPartOf\":{\"@id\":\"http:\/\/www.produccion.jujuy.gob.ar\/#website\"},\"primaryImageOfPage\":{\"@id\":\"https:\/\/www.produccion.jujuy.gob.ar\/?page_id=4296#primaryimage\"},\"datePublished\":\"2023-03-27T15:44:01+00:00\",\"dateModified\":\"2023-09-25T10:31:41+00:00\",\"breadcrumb\":{\"@id\":\"https:\/\/www.produccion.jujuy.gob.ar\/?page_id=4296#breadcrumb\"},\"inLanguage\":\"es\",\"potentialAction\":[{\"@type\":\"ReadAction\",\"target\":[\"https:\/\/www.produccion.jujuy.gob.ar\/?page_id=4296\"]}]},{\"@type\":\"BreadcrumbList\",\"@id\":\"https:\/\/www.produccion.jujuy.gob.ar\/?page_id=4296#breadcrumb\",\"itemListElement\":[{\"@type\":\"ListItem\",\"position\":1,\"name\":\"Portada\",\"item\":\"http:\/\/www.produccion.jujuy.gob.ar\/\"},{\"@type\":\"ListItem\",\"position\":2,\"name\":\"LINEA CREAR INVERSIONES\"}]}]}<\/script>\n<!-- \/ Yoast SEO plugin. -->","yoast_head_json":{"title":"LINEA CREAR INVERSIONES - Ministerio de Desarrollo Econ\u00f3mico y Producci\u00f3n","robots":{"index":"index","follow":"follow","max-snippet":"max-snippet:-1","max-image-preview":"max-image-preview:large","max-video-preview":"max-video-preview:-1"},"canonical":"https:\/\/www.produccion.jujuy.gob.ar\/?page_id=4296","og_locale":"es_ES","og_type":"article","og_title":"LINEA CREAR INVERSIONES - Ministerio de Desarrollo Econ\u00f3mico y Producci\u00f3n","og_description":"L\u00ednea Crear Inversi\u00f3n Federal Pyme: La l\u00ednea de Financiamiento CREAR INVERSI\u00d3N PYME se cre\u00f3 para inversi\u00f3n productiva, industrial y comercial. Se desarroll\u00f3 con el objetivo fortalecer las micro, peque\u00f1as y medianas empresasLeer m\u00e1s...","og_url":"https:\/\/www.produccion.jujuy.gob.ar\/?page_id=4296","og_site_name":"Ministerio de Desarrollo Econ\u00f3mico y Producci\u00f3n","article_modified_time":"2023-09-25T10:31:41+00:00","og_image":[{"url":"http:\/\/www.produccion.jujuy.gob.ar\/wp-content\/uploads\/2023\/09\/cuadro-crear.png"}],"twitter_card":"summary_large_image","twitter_misc":{"Tiempo de lectura":"5 minutos"},"schema":{"@context":"https:\/\/schema.org","@graph":[{"@type":"WebSite","@id":"http:\/\/www.produccion.jujuy.gob.ar\/#website","url":"http:\/\/www.produccion.jujuy.gob.ar\/","name":"Ministerio de Desarrollo Econ\u00f3mico y Producci\u00f3n","description":"","potentialAction":[{"@type":"SearchAction","target":{"@type":"EntryPoint","urlTemplate":"http:\/\/www.produccion.jujuy.gob.ar\/?s={search_term_string}"},"query-input":"required name=search_term_string"}],"inLanguage":"es"},{"@type":"ImageObject","@id":"https:\/\/www.produccion.jujuy.gob.ar\/?page_id=4296#primaryimage","inLanguage":"es","url":"http:\/\/www.produccion.jujuy.gob.ar\/wp-content\/uploads\/2023\/09\/cuadro-crear.png","contentUrl":"http:\/\/www.produccion.jujuy.gob.ar\/wp-content\/uploads\/2023\/09\/cuadro-crear.png","width":458,"height":255},{"@type":"WebPage","@id":"https:\/\/www.produccion.jujuy.gob.ar\/?page_id=4296#webpage","url":"https:\/\/www.produccion.jujuy.gob.ar\/?page_id=4296","name":"LINEA CREAR INVERSIONES - Ministerio de Desarrollo Econ\u00f3mico y Producci\u00f3n","isPartOf":{"@id":"http:\/\/www.produccion.jujuy.gob.ar\/#website"},"primaryImageOfPage":{"@id":"https:\/\/www.produccion.jujuy.gob.ar\/?page_id=4296#primaryimage"},"datePublished":"2023-03-27T15:44:01+00:00","dateModified":"2023-09-25T10:31:41+00:00","breadcrumb":{"@id":"https:\/\/www.produccion.jujuy.gob.ar\/?page_id=4296#breadcrumb"},"inLanguage":"es","potentialAction":[{"@type":"ReadAction","target":["https:\/\/www.produccion.jujuy.gob.ar\/?page_id=4296"]}]},{"@type":"BreadcrumbList","@id":"https:\/\/www.produccion.jujuy.gob.ar\/?page_id=4296#breadcrumb","itemListElement":[{"@type":"ListItem","position":1,"name":"Portada","item":"http:\/\/www.produccion.jujuy.gob.ar\/"},{"@type":"ListItem","position":2,"name":"LINEA CREAR INVERSIONES"}]}]}},"_links":{"self":[{"href":"http:\/\/www.produccion.jujuy.gob.ar\/index.php?rest_route=\/wp\/v2\/pages\/4296"}],"collection":[{"href":"http:\/\/www.produccion.jujuy.gob.ar\/index.php?rest_route=\/wp\/v2\/pages"}],"about":[{"href":"http:\/\/www.produccion.jujuy.gob.ar\/index.php?rest_route=\/wp\/v2\/types\/page"}],"author":[{"embeddable":true,"href":"http:\/\/www.produccion.jujuy.gob.ar\/index.php?rest_route=\/wp\/v2\/users\/1"}],"replies":[{"embeddable":true,"href":"http:\/\/www.produccion.jujuy.gob.ar\/index.php?rest_route=%2Fwp%2Fv2%2Fcomments&post=4296"}],"version-history":[{"count":99,"href":"http:\/\/www.produccion.jujuy.gob.ar\/index.php?rest_route=\/wp\/v2\/pages\/4296\/revisions"}],"predecessor-version":[{"id":6301,"href":"http:\/\/www.produccion.jujuy.gob.ar\/index.php?rest_route=\/wp\/v2\/pages\/4296\/revisions\/6301"}],"wp:attachment":[{"href":"http:\/\/www.produccion.jujuy.gob.ar\/index.php?rest_route=%2Fwp%2Fv2%2Fmedia&parent=4296"}],"curies":[{"name":"wp","href":"https:\/\/api.w.org\/{rel}","templated":true}]}}