{"id":683,"date":"2021-05-07T14:26:04","date_gmt":"2021-05-07T14:26:04","guid":{"rendered":"http:\/\/www.produccion.jujuy.gob.ar\/?page_id=683"},"modified":"2021-05-27T16:26:58","modified_gmt":"2021-05-27T16:26:58","slug":"economia-del-conocimiento","status":"publish","type":"page","link":"http:\/\/www.produccion.jujuy.gob.ar\/?page_id=683","title":{"rendered":"Econom\u00eda del Conocimiento"},"content":{"rendered":"\t\t<div data-elementor-type=\"wp-page\" data-elementor-id=\"683\" class=\"elementor elementor-683\" data-elementor-settings=\"[]\">\n\t\t\t\t\t\t\t<div class=\"elementor-section-wrap\">\n\t\t\t\t\t\t\t<section class=\"elementor-section elementor-top-section elementor-element elementor-element-c76dfb3 elementor-section-boxed elementor-section-height-default elementor-section-height-default\" data-id=\"c76dfb3\" data-element_type=\"section\">\n\t\t\t\t\t\t<div class=\"elementor-container elementor-column-gap-default\">\n\t\t\t\t\t<div class=\"elementor-column elementor-col-100 elementor-top-column elementor-element elementor-element-bcf498d\" data-id=\"bcf498d\" data-element_type=\"column\">\n\t\t\t<div class=\"elementor-widget-wrap elementor-element-populated\">\n\t\t\t\t\t\t\t\t<div class=\"elementor-element elementor-element-8c9869e elementor-widget elementor-widget-text-editor\" data-id=\"8c9869e\" data-element_type=\"widget\" data-widget_type=\"text-editor.default\">\n\t\t\t\t<div class=\"elementor-widget-container\">\n\t\t\t\t\t\t\t\t<p><img loading=\"lazy\" class=\"size-medium wp-image-686 aligncenter\" src=\"http:\/\/www.produccion.jujuy.gob.ar\/wp-content\/uploads\/2021\/05\/economia_conocimiento-300x110.jpg\" alt=\"\" width=\"300\" height=\"110\" srcset=\"http:\/\/www.produccion.jujuy.gob.ar\/wp-content\/uploads\/2021\/05\/economia_conocimiento-300x110.jpg 300w, http:\/\/www.produccion.jujuy.gob.ar\/wp-content\/uploads\/2021\/05\/economia_conocimiento.jpg 464w\" sizes=\"(max-width: 300px) 100vw, 300px\" \/><\/p><p>La <strong>Econom\u00eda del Conocimiento<\/strong> (EdC) es un conjunto de actividades caracterizadas por la generaci\u00f3n y aplicaci\u00f3n de conocimientos y tecnolog\u00edas para la creaci\u00f3n o transformaci\u00f3n de productos y\/o servicios con alto valor agregado.<\/p><p><strong>Sectores Comprendidos<\/strong><\/p><ul><li>Software y Servicios inform\u00e1ticos<\/li><li>Bioeconom\u00eda<\/li><li>Servicios geol\u00f3gicos y de electr\u00f3nica<\/li><li>Servicios profesionales de exportaci\u00f3n<\/li><li>Nanotecnolog\u00eda<\/li><li>Aeroespacial y satelital<\/li><li>Ingenier\u00eda para la Industria Nuclear<\/li><li>Industria 4.0 (como rob\u00f3tica, inteligencia artificial, realidad virtual y aumentada, Internet de las Cosas, entre otras tecnolog\u00edas)<\/li><li>Investigaci\u00f3n y Desarrollo<\/li><li>\u00a0<\/li><\/ul><p><strong>Marco Normativo<\/strong><\/p><ul><li>Ley Nacional N\u00ba 27.506 del \u201cR\u00e9gimen de Promoci\u00f3n de la Econom\u00eda del Conocimiento\u201d.<\/li><li>Ley N\u00ba 27.570.<\/li><li>Bolet\u00edn Oficial publicaci\u00f3n del Decreto Acuerdo.<\/li><li>Resoluci\u00f3n Ministerial.<\/li><\/ul>\t\t\t\t\t\t<\/div>\n\t\t\t\t<\/div>\n\t\t\t\t\t<\/div>\n\t\t<\/div>\n\t\t\t\t\t\t\t<\/div>\n\t\t<\/section>\n\t\t\t\t\t\t<\/div>\n\t\t\t\t\t<\/div>\n\t\t","protected":false},"excerpt":{"rendered":"<p>La Econom\u00eda del Conocimiento (EdC) es un conjunto de actividades caracterizadas por la generaci\u00f3n y aplicaci\u00f3n de conocimientos y tecnolog\u00edas para la creaci\u00f3n o transformaci\u00f3n de productos y\/o servicios con alto valor<a class=\"moretag\" href=\"http:\/\/www.produccion.jujuy.gob.ar\/?page_id=683\">Leer m\u00e1s&#8230;<\/a><\/p>\n","protected":false},"author":1,"featured_media":0,"parent":0,"menu_order":0,"comment_status":"closed","ping_status":"closed","template":"","meta":[],"yoast_head":"<!-- This site is optimized with the Yoast SEO plugin v18.3 - https:\/\/yoast.com\/wordpress\/plugins\/seo\/ -->\n<title>Econom\u00eda del Conocimiento - Ministerio de Desarrollo Econ\u00f3mico y Producci\u00f3n<\/title>\n<meta name=\"robots\" content=\"index, follow, max-snippet:-1, max-image-preview:large, max-video-preview:-1\" \/>\n<link rel=\"canonical\" href=\"https:\/\/www.produccion.jujuy.gob.ar\/?page_id=683\" \/>\n<meta property=\"og:locale\" content=\"es_ES\" \/>\n<meta property=\"og:type\" content=\"article\" \/>\n<meta property=\"og:title\" content=\"Econom\u00eda del Conocimiento - Ministerio de Desarrollo Econ\u00f3mico y Producci\u00f3n\" \/>\n<meta property=\"og:description\" content=\"La Econom\u00eda del Conocimiento (EdC) es un conjunto de actividades caracterizadas por la generaci\u00f3n y aplicaci\u00f3n de conocimientos y tecnolog\u00edas para la creaci\u00f3n o transformaci\u00f3n de productos y\/o servicios con alto valorLeer m\u00e1s...\" \/>\n<meta property=\"og:url\" content=\"https:\/\/www.produccion.jujuy.gob.ar\/?page_id=683\" \/>\n<meta property=\"og:site_name\" content=\"Ministerio de Desarrollo Econ\u00f3mico y Producci\u00f3n\" \/>\n<meta property=\"article:modified_time\" content=\"2021-05-27T16:26:58+00:00\" \/>\n<meta property=\"og:image\" content=\"http:\/\/www.produccion.jujuy.gob.ar\/wp-content\/uploads\/2021\/05\/economia_conocimiento-300x110.jpg\" \/>\n<meta name=\"twitter:card\" content=\"summary_large_image\" \/>\n<meta name=\"twitter:label1\" content=\"Tiempo de lectura\" \/>\n\t<meta name=\"twitter:data1\" content=\"1 minuto\" \/>\n<script type=\"application\/ld+json\" class=\"yoast-schema-graph\">{\"@context\":\"https:\/\/schema.org\",\"@graph\":[{\"@type\":\"WebSite\",\"@id\":\"http:\/\/www.produccion.jujuy.gob.ar\/#website\",\"url\":\"http:\/\/www.produccion.jujuy.gob.ar\/\",\"name\":\"Ministerio de Desarrollo Econ\u00f3mico y Producci\u00f3n\",\"description\":\"\",\"potentialAction\":[{\"@type\":\"SearchAction\",\"target\":{\"@type\":\"EntryPoint\",\"urlTemplate\":\"http:\/\/www.produccion.jujuy.gob.ar\/?s={search_term_string}\"},\"query-input\":\"required name=search_term_string\"}],\"inLanguage\":\"es\"},{\"@type\":\"ImageObject\",\"@id\":\"https:\/\/www.produccion.jujuy.gob.ar\/?page_id=683#primaryimage\",\"inLanguage\":\"es\",\"url\":\"http:\/\/www.produccion.jujuy.gob.ar\/wp-content\/uploads\/2021\/05\/economia_conocimiento.jpg\",\"contentUrl\":\"http:\/\/www.produccion.jujuy.gob.ar\/wp-content\/uploads\/2021\/05\/economia_conocimiento.jpg\",\"width\":464,\"height\":170},{\"@type\":\"WebPage\",\"@id\":\"https:\/\/www.produccion.jujuy.gob.ar\/?page_id=683#webpage\",\"url\":\"https:\/\/www.produccion.jujuy.gob.ar\/?page_id=683\",\"name\":\"Econom\u00eda del Conocimiento - Ministerio de Desarrollo Econ\u00f3mico y Producci\u00f3n\",\"isPartOf\":{\"@id\":\"http:\/\/www.produccion.jujuy.gob.ar\/#website\"},\"primaryImageOfPage\":{\"@id\":\"https:\/\/www.produccion.jujuy.gob.ar\/?page_id=683#primaryimage\"},\"datePublished\":\"2021-05-07T14:26:04+00:00\",\"dateModified\":\"2021-05-27T16:26:58+00:00\",\"breadcrumb\":{\"@id\":\"https:\/\/www.produccion.jujuy.gob.ar\/?page_id=683#breadcrumb\"},\"inLanguage\":\"es\",\"potentialAction\":[{\"@type\":\"ReadAction\",\"target\":[\"https:\/\/www.produccion.jujuy.gob.ar\/?page_id=683\"]}]},{\"@type\":\"BreadcrumbList\",\"@id\":\"https:\/\/www.produccion.jujuy.gob.ar\/?page_id=683#breadcrumb\",\"itemListElement\":[{\"@type\":\"ListItem\",\"position\":1,\"name\":\"Portada\",\"item\":\"https:\/\/www.produccion.jujuy.gob.ar\/\"},{\"@type\":\"ListItem\",\"position\":2,\"name\":\"Econom\u00eda del Conocimiento\"}]}]}<\/script>\n<!-- \/ Yoast SEO plugin. -->","yoast_head_json":{"title":"Econom\u00eda del Conocimiento - Ministerio de Desarrollo Econ\u00f3mico y Producci\u00f3n","robots":{"index":"index","follow":"follow","max-snippet":"max-snippet:-1","max-image-preview":"max-image-preview:large","max-video-preview":"max-video-preview:-1"},"canonical":"https:\/\/www.produccion.jujuy.gob.ar\/?page_id=683","og_locale":"es_ES","og_type":"article","og_title":"Econom\u00eda del Conocimiento - Ministerio de Desarrollo Econ\u00f3mico y Producci\u00f3n","og_description":"La Econom\u00eda del Conocimiento (EdC) es un conjunto de actividades caracterizadas por la generaci\u00f3n y aplicaci\u00f3n de conocimientos y tecnolog\u00edas para la creaci\u00f3n o transformaci\u00f3n de productos y\/o servicios con alto valorLeer m\u00e1s...","og_url":"https:\/\/www.produccion.jujuy.gob.ar\/?page_id=683","og_site_name":"Ministerio de Desarrollo Econ\u00f3mico y Producci\u00f3n","article_modified_time":"2021-05-27T16:26:58+00:00","og_image":[{"url":"http:\/\/www.produccion.jujuy.gob.ar\/wp-content\/uploads\/2021\/05\/economia_conocimiento-300x110.jpg"}],"twitter_card":"summary_large_image","twitter_misc":{"Tiempo de lectura":"1 minuto"},"schema":{"@context":"https:\/\/schema.org","@graph":[{"@type":"WebSite","@id":"http:\/\/www.produccion.jujuy.gob.ar\/#website","url":"http:\/\/www.produccion.jujuy.gob.ar\/","name":"Ministerio de Desarrollo Econ\u00f3mico y Producci\u00f3n","description":"","potentialAction":[{"@type":"SearchAction","target":{"@type":"EntryPoint","urlTemplate":"http:\/\/www.produccion.jujuy.gob.ar\/?s={search_term_string}"},"query-input":"required name=search_term_string"}],"inLanguage":"es"},{"@type":"ImageObject","@id":"https:\/\/www.produccion.jujuy.gob.ar\/?page_id=683#primaryimage","inLanguage":"es","url":"http:\/\/www.produccion.jujuy.gob.ar\/wp-content\/uploads\/2021\/05\/economia_conocimiento.jpg","contentUrl":"http:\/\/www.produccion.jujuy.gob.ar\/wp-content\/uploads\/2021\/05\/economia_conocimiento.jpg","width":464,"height":170},{"@type":"WebPage","@id":"https:\/\/www.produccion.jujuy.gob.ar\/?page_id=683#webpage","url":"https:\/\/www.produccion.jujuy.gob.ar\/?page_id=683","name":"Econom\u00eda del Conocimiento - Ministerio de Desarrollo Econ\u00f3mico y Producci\u00f3n","isPartOf":{"@id":"http:\/\/www.produccion.jujuy.gob.ar\/#website"},"primaryImageOfPage":{"@id":"https:\/\/www.produccion.jujuy.gob.ar\/?page_id=683#primaryimage"},"datePublished":"2021-05-07T14:26:04+00:00","dateModified":"2021-05-27T16:26:58+00:00","breadcrumb":{"@id":"https:\/\/www.produccion.jujuy.gob.ar\/?page_id=683#breadcrumb"},"inLanguage":"es","potentialAction":[{"@type":"ReadAction","target":["https:\/\/www.produccion.jujuy.gob.ar\/?page_id=683"]}]},{"@type":"BreadcrumbList","@id":"https:\/\/www.produccion.jujuy.gob.ar\/?page_id=683#breadcrumb","itemListElement":[{"@type":"ListItem","position":1,"name":"Portada","item":"https:\/\/www.produccion.jujuy.gob.ar\/"},{"@type":"ListItem","position":2,"name":"Econom\u00eda del Conocimiento"}]}]}},"_links":{"self":[{"href":"http:\/\/www.produccion.jujuy.gob.ar\/index.php?rest_route=\/wp\/v2\/pages\/683"}],"collection":[{"href":"http:\/\/www.produccion.jujuy.gob.ar\/index.php?rest_route=\/wp\/v2\/pages"}],"about":[{"href":"http:\/\/www.produccion.jujuy.gob.ar\/index.php?rest_route=\/wp\/v2\/types\/page"}],"author":[{"embeddable":true,"href":"http:\/\/www.produccion.jujuy.gob.ar\/index.php?rest_route=\/wp\/v2\/users\/1"}],"replies":[{"embeddable":true,"href":"http:\/\/www.produccion.jujuy.gob.ar\/index.php?rest_route=%2Fwp%2Fv2%2Fcomments&post=683"}],"version-history":[{"count":26,"href":"http:\/\/www.produccion.jujuy.gob.ar\/index.php?rest_route=\/wp\/v2\/pages\/683\/revisions"}],"predecessor-version":[{"id":840,"href":"http:\/\/www.produccion.jujuy.gob.ar\/index.php?rest_route=\/wp\/v2\/pages\/683\/revisions\/840"}],"wp:attachment":[{"href":"http:\/\/www.produccion.jujuy.gob.ar\/index.php?rest_route=%2Fwp%2Fv2%2Fmedia&parent=683"}],"curies":[{"name":"wp","href":"https:\/\/api.w.org\/{rel}","templated":true}]}}