{"id":8391,"date":"2024-11-01T14:27:28","date_gmt":"2024-11-01T14:27:28","guid":{"rendered":"https:\/\/www.produccion.jujuy.gob.ar\/?page_id=8391"},"modified":"2025-08-19T15:13:54","modified_gmt":"2025-08-19T15:13:54","slug":"oferta-productiva-exportable","status":"publish","type":"page","link":"http:\/\/www.produccion.jujuy.gob.ar\/?page_id=8391","title":{"rendered":"Oferta Productiva Exportable"},"content":{"rendered":"\t\t<div data-elementor-type=\"wp-page\" data-elementor-id=\"8391\" class=\"elementor elementor-8391\" data-elementor-settings=\"[]\">\n\t\t\t\t\t\t\t<div class=\"elementor-section-wrap\">\n\t\t\t\t\t\t\t<section class=\"elementor-section elementor-top-section elementor-element elementor-element-5354594 elementor-section-full_width elementor-section-stretched elementor-section-height-default elementor-section-height-default\" data-id=\"5354594\" data-element_type=\"section\" data-settings=\"{&quot;stretch_section&quot;:&quot;section-stretched&quot;}\">\n\t\t\t\t\t\t<div class=\"elementor-container elementor-column-gap-default\">\n\t\t\t\t\t<div class=\"elementor-column elementor-col-100 elementor-top-column elementor-element elementor-element-acf756e\" data-id=\"acf756e\" data-element_type=\"column\">\n\t\t\t<div class=\"elementor-widget-wrap elementor-element-populated\">\n\t\t\t\t\t\t\t\t<div class=\"elementor-element elementor-element-acefa28 elementor-arrows-position-inside elementor-pagination-position-outside elementor-widget elementor-widget-image-carousel\" data-id=\"acefa28\" data-element_type=\"widget\" data-settings=\"{&quot;autoplay_speed&quot;:4000,&quot;speed&quot;:800,&quot;image_spacing_custom&quot;:{&quot;unit&quot;:&quot;px&quot;,&quot;size&quot;:0,&quot;sizes&quot;:[]},&quot;navigation&quot;:&quot;both&quot;,&quot;autoplay&quot;:&quot;yes&quot;,&quot;pause_on_hover&quot;:&quot;yes&quot;,&quot;pause_on_interaction&quot;:&quot;yes&quot;,&quot;infinite&quot;:&quot;yes&quot;}\" data-widget_type=\"image-carousel.default\">\n\t\t\t\t<div class=\"elementor-widget-container\">\n\t\t\t\t\t<div class=\"elementor-image-carousel-wrapper swiper-container\" dir=\"ltr\">\n\t\t\t<div class=\"elementor-image-carousel swiper-wrapper\">\n\t\t\t\t<div class=\"swiper-slide\"><figure class=\"swiper-slide-inner\"><img class=\"swiper-slide-image\" src=\"http:\/\/www.produccion.jujuy.gob.ar\/wp-content\/uploads\/2024\/11\/img1.png\" alt=\"img1\" \/><\/figure><\/div><div class=\"swiper-slide\"><figure class=\"swiper-slide-inner\"><img class=\"swiper-slide-image\" src=\"http:\/\/www.produccion.jujuy.gob.ar\/wp-content\/uploads\/2024\/11\/img2.png\" alt=\"img2\" \/><\/figure><\/div><div class=\"swiper-slide\"><figure class=\"swiper-slide-inner\"><img class=\"swiper-slide-image\" src=\"http:\/\/www.produccion.jujuy.gob.ar\/wp-content\/uploads\/2024\/11\/img3.png\" alt=\"img3\" \/><\/figure><\/div><div class=\"swiper-slide\"><figure class=\"swiper-slide-inner\"><img class=\"swiper-slide-image\" src=\"http:\/\/www.produccion.jujuy.gob.ar\/wp-content\/uploads\/2024\/11\/img4.png\" alt=\"img4\" \/><\/figure><\/div>\t\t\t<\/div>\n\t\t\t\t\t\t\t\t\t\t\t\t<div class=\"swiper-pagination\"><\/div>\n\t\t\t\t\t\t\t\t\t\t\t\t\t<div class=\"elementor-swiper-button elementor-swiper-button-prev\">\n\t\t\t\t\t\t<i class=\"eicon-chevron-left\" aria-hidden=\"true\"><\/i>\n\t\t\t\t\t\t<span class=\"elementor-screen-only\">Anterior<\/span>\n\t\t\t\t\t<\/div>\n\t\t\t\t\t<div class=\"elementor-swiper-button elementor-swiper-button-next\">\n\t\t\t\t\t\t<i class=\"eicon-chevron-right\" aria-hidden=\"true\"><\/i>\n\t\t\t\t\t\t<span class=\"elementor-screen-only\">Siguiente<\/span>\n\t\t\t\t\t<\/div>\n\t\t\t\t\t\t\t\t\t<\/div>\n\t\t\t\t<\/div>\n\t\t\t\t<\/div>\n\t\t\t\t\t<\/div>\n\t\t<\/div>\n\t\t\t\t\t\t\t<\/div>\n\t\t<\/section>\n\t\t\t\t<section class=\"elementor-section elementor-top-section elementor-element elementor-element-93cf34e elementor-section-boxed elementor-section-height-default elementor-section-height-default\" data-id=\"93cf34e\" data-element_type=\"section\">\n\t\t\t\t\t\t<div class=\"elementor-container elementor-column-gap-default\">\n\t\t\t\t\t<div class=\"elementor-column elementor-col-100 elementor-top-column elementor-element elementor-element-540b479\" data-id=\"540b479\" data-element_type=\"column\">\n\t\t\t<div class=\"elementor-widget-wrap elementor-element-populated\">\n\t\t\t\t\t\t\t\t<div class=\"elementor-element elementor-element-3dd697f elementor-widget elementor-widget-text-editor\" data-id=\"3dd697f\" data-element_type=\"widget\" data-widget_type=\"text-editor.default\">\n\t\t\t\t<div class=\"elementor-widget-container\">\n\t\t\t\t\t\t\t\t<p>Jujuy es una provincia Argentina rica en recursos naturales y cultura, cuya oferta productiva y exportable destaca por su calidad, sostenibilidad y compromiso con la innovaci\u00f3n. En un entorno geogr\u00e1ficamente privilegiado, que combina biodiversidad, minerales, energ\u00eda solar y paisaje \u00fanicos, Jujuy se ha consolidado como un actor clave en mercados Internacionales con productos que marca la diferencia.-<\/p>\t\t\t\t\t\t<\/div>\n\t\t\t\t<\/div>\n\t\t\t\t\t<\/div>\n\t\t<\/div>\n\t\t\t\t\t\t\t<\/div>\n\t\t<\/section>\n\t\t\t\t<section class=\"elementor-section elementor-top-section elementor-element elementor-element-5700ef2 elementor-section-boxed elementor-section-height-default elementor-section-height-default\" data-id=\"5700ef2\" data-element_type=\"section\">\n\t\t\t\t\t\t<div class=\"elementor-container elementor-column-gap-default\">\n\t\t\t\t\t<div class=\"elementor-column elementor-col-100 elementor-top-column elementor-element elementor-element-e3cce5c\" data-id=\"e3cce5c\" data-element_type=\"column\">\n\t\t\t<div class=\"elementor-widget-wrap elementor-element-populated\">\n\t\t\t\t\t\t\t\t<div class=\"elementor-element elementor-element-d60e16c elementor-widget elementor-widget-text-editor\" data-id=\"d60e16c\" data-element_type=\"widget\" data-widget_type=\"text-editor.default\">\n\t\t\t\t<div class=\"elementor-widget-container\">\n\t\t\t\t\t\t\t\t<p>Desde la producci\u00f3n de litio en el Salar de Olar\u00f3z, fundamental para la industria de las energ\u00edas limpias, hasta la exportaci\u00f3n de productos agroindustriales como frutas, hortalizas y el renombrado tabaco de alta calidad, la oferta exportable de Jujuy combina tradici\u00f3n y tecnolog\u00eda. Adem\u00e1s, la provincia apuesta por un desarrollo energ\u00e9tico limpio y renovable, posicion\u00e1ndose como una referencia en sostenibilidad y compromiso ambiental.-\u00a0<\/p>\t\t\t\t\t\t<\/div>\n\t\t\t\t<\/div>\n\t\t\t\t\t<\/div>\n\t\t<\/div>\n\t\t\t\t\t\t\t<\/div>\n\t\t<\/section>\n\t\t\t\t<section class=\"elementor-section elementor-top-section elementor-element elementor-element-558a0a2 elementor-section-boxed elementor-section-height-default elementor-section-height-default\" data-id=\"558a0a2\" data-element_type=\"section\">\n\t\t\t\t\t\t<div class=\"elementor-container elementor-column-gap-default\">\n\t\t\t\t\t<div class=\"elementor-column elementor-col-100 elementor-top-column elementor-element elementor-element-c58c800\" data-id=\"c58c800\" data-element_type=\"column\">\n\t\t\t<div class=\"elementor-widget-wrap elementor-element-populated\">\n\t\t\t\t\t\t\t\t<div class=\"elementor-element elementor-element-a439006 elementor-widget elementor-widget-text-editor\" data-id=\"a439006\" data-element_type=\"widget\" data-widget_type=\"text-editor.default\">\n\t\t\t\t<div class=\"elementor-widget-container\">\n\t\t\t\t\t\t\t\t<p>Jujuy es una puerta de entrada hacia un mundo de oportunidades, donde cada producto es el reflejo de la pasi\u00f3n, la dedicaci\u00f3n y el respeto por el medio ambiente de su gente. Descubre la oferta exportable de Jujuy y conecta con una provincia que impulsa el desarrollo global de manera responsable y aut\u00e9ntica.-\u00a0<\/p>\t\t\t\t\t\t<\/div>\n\t\t\t\t<\/div>\n\t\t\t\t\t<\/div>\n\t\t<\/div>\n\t\t\t\t\t\t\t<\/div>\n\t\t<\/section>\n\t\t\t\t<section class=\"elementor-section elementor-top-section elementor-element elementor-element-75b1a69 elementor-section-boxed elementor-section-height-default elementor-section-height-default\" data-id=\"75b1a69\" data-element_type=\"section\">\n\t\t\t\t\t\t<div class=\"elementor-container elementor-column-gap-default\">\n\t\t\t\t\t<div class=\"elementor-column elementor-col-100 elementor-top-column elementor-element elementor-element-6837a85\" data-id=\"6837a85\" data-element_type=\"column\">\n\t\t\t<div class=\"elementor-widget-wrap elementor-element-populated\">\n\t\t\t\t\t\t\t\t<div class=\"elementor-element elementor-element-f509c9d elementor-widget elementor-widget-html\" data-id=\"f509c9d\" data-element_type=\"widget\" data-widget_type=\"html.default\">\n\t\t\t\t<div class=\"elementor-widget-container\">\n\t\t\t<div class=\"real3dflipbook\" id=\"5_69f26d3dadb7e\" style=\"position:absolute;\" data-flipbook-options=\"{&quot;viewMode&quot;:&quot;3d&quot;,&quot;zoomMin&quot;:&quot;1&quot;,&quot;singlePageMode&quot;:&quot;true&quot;,&quot;pageFlipDuration&quot;:&quot;1&quot;,&quot;sound&quot;:&quot;true&quot;,&quot;startPage&quot;:&quot;1&quot;,&quot;responsiveView&quot;:&quot;true&quot;,&quot;responsiveViewTreshold&quot;:&quot;768&quot;,&quot;aspectRatio&quot;:&quot;2&quot;,&quot;name&quot;:&quot;Oferta-Productiva-Exportable&quot;,&quot;pdfUrl&quot;:&quot;http:\\\/\\\/www.produccion.jujuy.gob.ar\\\/wp-content\\\/uploads\\\/2025\\\/08\\\/OF-PROD-2024-2025.pdf&quot;,&quot;bookId&quot;:&quot;5&quot;,&quot;id&quot;:&quot;5&quot;,&quot;date&quot;:&quot;2024-11-01 15:06:33&quot;,&quot;pages&quot;:[],&quot;tableOfContent&quot;:[],&quot;rootFolder&quot;:&quot;http:\\\/\\\/www.produccion.jujuy.gob.ar\\\/wp-content\\\/plugins\\\/real3d-flipbook-lite\\\/&quot;,&quot;uniqueId&quot;:&quot;5_69f26d3dadb7e&quot;}\"><\/div>\t\t<\/div>\n\t\t\t\t<\/div>\n\t\t\t\t\t<\/div>\n\t\t<\/div>\n\t\t\t\t\t\t\t<\/div>\n\t\t<\/section>\n\t\t\t\t<section class=\"elementor-section elementor-top-section elementor-element elementor-element-5aa725b elementor-section-boxed elementor-section-height-default elementor-section-height-default\" data-id=\"5aa725b\" data-element_type=\"section\">\n\t\t\t\t\t\t<div class=\"elementor-container elementor-column-gap-default\">\n\t\t\t\t\t<div class=\"elementor-column elementor-col-50 elementor-top-column elementor-element elementor-element-85b4849\" data-id=\"85b4849\" data-element_type=\"column\">\n\t\t\t<div class=\"elementor-widget-wrap elementor-element-populated\">\n\t\t\t\t\t\t\t\t<div class=\"elementor-element elementor-element-396eede elementor-widget elementor-widget-text-editor\" data-id=\"396eede\" data-element_type=\"widget\" data-widget_type=\"text-editor.default\">\n\t\t\t\t<div class=\"elementor-widget-container\">\n\t\t\t\t\t\t\t\t<h4>OFERTA PRODUCTIVA 2025<\/h4>\t\t\t\t\t\t<\/div>\n\t\t\t\t<\/div>\n\t\t\t\t<div class=\"elementor-element elementor-element-5062ba0 elementor-view-stacked elementor-shape-circle elementor-widget elementor-widget-icon\" data-id=\"5062ba0\" data-element_type=\"widget\" data-widget_type=\"icon.default\">\n\t\t\t\t<div class=\"elementor-widget-container\">\n\t\t\t\t\t<div class=\"elementor-icon-wrapper\">\n\t\t\t<a class=\"elementor-icon elementor-animation-pulse\" href=\"http:\/\/www.produccion.jujuy.gob.ar\/wp-content\/uploads\/2025\/08\/OF-PROD-2024-2025.pdf\" target=\"_blank\">\n\t\t\t<i aria-hidden=\"true\" class=\"fas fa-file-download\"><\/i>\t\t\t<\/a>\n\t\t<\/div>\n\t\t\t\t<\/div>\n\t\t\t\t<\/div>\n\t\t\t\t<div class=\"elementor-element elementor-element-da21fcc elementor-widget elementor-widget-text-editor\" data-id=\"da21fcc\" data-element_type=\"widget\" data-widget_type=\"text-editor.default\">\n\t\t\t\t<div class=\"elementor-widget-container\">\n\t\t\t\t\t\t\t\t<h4>Descargar versi\u00f3n Espa\u00f1ol<\/h4>\t\t\t\t\t\t<\/div>\n\t\t\t\t<\/div>\n\t\t\t\t\t<\/div>\n\t\t<\/div>\n\t\t\t\t<div class=\"elementor-column elementor-col-50 elementor-top-column elementor-element elementor-element-c1b57c3\" data-id=\"c1b57c3\" data-element_type=\"column\">\n\t\t\t<div class=\"elementor-widget-wrap elementor-element-populated\">\n\t\t\t\t\t\t\t\t<div class=\"elementor-element elementor-element-915d5e1 elementor-widget elementor-widget-text-editor\" data-id=\"915d5e1\" data-element_type=\"widget\" data-widget_type=\"text-editor.default\">\n\t\t\t\t<div class=\"elementor-widget-container\">\n\t\t\t\t\t\t\t\t<h4>PRODUCTION OFFER\u00a0<\/h4>\t\t\t\t\t\t<\/div>\n\t\t\t\t<\/div>\n\t\t\t\t<div class=\"elementor-element elementor-element-9d5e989 elementor-view-stacked elementor-shape-circle elementor-widget elementor-widget-icon\" data-id=\"9d5e989\" data-element_type=\"widget\" data-widget_type=\"icon.default\">\n\t\t\t\t<div class=\"elementor-widget-container\">\n\t\t\t\t\t<div class=\"elementor-icon-wrapper\">\n\t\t\t<a class=\"elementor-icon elementor-animation-pulse\" href=\"http:\/\/www.produccion.jujuy.gob.ar\/wp-content\/uploads\/2024\/11\/oferta2024_engv5.pdf\" target=\"_blank\">\n\t\t\t<i aria-hidden=\"true\" class=\"fas fa-file-download\"><\/i>\t\t\t<\/a>\n\t\t<\/div>\n\t\t\t\t<\/div>\n\t\t\t\t<\/div>\n\t\t\t\t<div class=\"elementor-element elementor-element-a24eedd elementor-widget elementor-widget-text-editor\" data-id=\"a24eedd\" data-element_type=\"widget\" data-widget_type=\"text-editor.default\">\n\t\t\t\t<div class=\"elementor-widget-container\">\n\t\t\t\t\t\t\t\t<h4>English version for download<\/h4>\t\t\t\t\t\t<\/div>\n\t\t\t\t<\/div>\n\t\t\t\t\t<\/div>\n\t\t<\/div>\n\t\t\t\t\t\t\t<\/div>\n\t\t<\/section>\n\t\t\t\t\t\t<\/div>\n\t\t\t\t\t<\/div>\n\t\t","protected":false},"excerpt":{"rendered":"<p>Anterior Siguiente Jujuy es una provincia Argentina rica en recursos naturales y cultura, cuya oferta productiva y exportable destaca por su calidad, sostenibilidad y compromiso con la innovaci\u00f3n. En un entorno geogr\u00e1ficamente<a class=\"moretag\" href=\"http:\/\/www.produccion.jujuy.gob.ar\/?page_id=8391\">Leer m\u00e1s&#8230;<\/a><\/p>\n","protected":false},"author":1,"featured_media":0,"parent":0,"menu_order":0,"comment_status":"closed","ping_status":"closed","template":"page-sidebar.php","meta":[],"yoast_head":"<!-- This site is optimized with the Yoast SEO plugin v18.3 - https:\/\/yoast.com\/wordpress\/plugins\/seo\/ -->\n<title>Oferta Productiva Exportable - Ministerio de Desarrollo Econ\u00f3mico y Producci\u00f3n<\/title>\n<meta name=\"robots\" content=\"index, follow, max-snippet:-1, max-image-preview:large, max-video-preview:-1\" \/>\n<link rel=\"canonical\" href=\"https:\/\/www.produccion.jujuy.gob.ar\/?page_id=8391\" \/>\n<meta property=\"og:locale\" content=\"es_ES\" \/>\n<meta property=\"og:type\" content=\"article\" \/>\n<meta property=\"og:title\" content=\"Oferta Productiva Exportable - Ministerio de Desarrollo Econ\u00f3mico y Producci\u00f3n\" \/>\n<meta property=\"og:description\" content=\"Anterior Siguiente Jujuy es una provincia Argentina rica en recursos naturales y cultura, cuya oferta productiva y exportable destaca por su calidad, sostenibilidad y compromiso con la innovaci\u00f3n. En un entorno geogr\u00e1ficamenteLeer m\u00e1s...\" \/>\n<meta property=\"og:url\" content=\"https:\/\/www.produccion.jujuy.gob.ar\/?page_id=8391\" \/>\n<meta property=\"og:site_name\" content=\"Ministerio de Desarrollo Econ\u00f3mico y Producci\u00f3n\" \/>\n<meta property=\"article:modified_time\" content=\"2025-08-19T15:13:54+00:00\" \/>\n<meta property=\"og:image\" content=\"http:\/\/www.produccion.jujuy.gob.ar\/wp-content\/uploads\/2024\/11\/img1.png\" \/>\n<meta name=\"twitter:card\" content=\"summary_large_image\" \/>\n<meta name=\"twitter:label1\" content=\"Tiempo de lectura\" \/>\n\t<meta name=\"twitter:data1\" content=\"3 minutos\" \/>\n<script type=\"application\/ld+json\" class=\"yoast-schema-graph\">{\"@context\":\"https:\/\/schema.org\",\"@graph\":[{\"@type\":\"WebSite\",\"@id\":\"http:\/\/www.produccion.jujuy.gob.ar\/#website\",\"url\":\"http:\/\/www.produccion.jujuy.gob.ar\/\",\"name\":\"Ministerio de Desarrollo Econ\u00f3mico y Producci\u00f3n\",\"description\":\"\",\"potentialAction\":[{\"@type\":\"SearchAction\",\"target\":{\"@type\":\"EntryPoint\",\"urlTemplate\":\"http:\/\/www.produccion.jujuy.gob.ar\/?s={search_term_string}\"},\"query-input\":\"required name=search_term_string\"}],\"inLanguage\":\"es\"},{\"@type\":\"ImageObject\",\"@id\":\"https:\/\/www.produccion.jujuy.gob.ar\/?page_id=8391#primaryimage\",\"inLanguage\":\"es\",\"url\":\"http:\/\/www.produccion.jujuy.gob.ar\/wp-content\/uploads\/2024\/11\/img1.png\",\"contentUrl\":\"http:\/\/www.produccion.jujuy.gob.ar\/wp-content\/uploads\/2024\/11\/img1.png\",\"width\":342,\"height\":484},{\"@type\":\"WebPage\",\"@id\":\"https:\/\/www.produccion.jujuy.gob.ar\/?page_id=8391#webpage\",\"url\":\"https:\/\/www.produccion.jujuy.gob.ar\/?page_id=8391\",\"name\":\"Oferta Productiva Exportable - Ministerio de Desarrollo Econ\u00f3mico y Producci\u00f3n\",\"isPartOf\":{\"@id\":\"http:\/\/www.produccion.jujuy.gob.ar\/#website\"},\"primaryImageOfPage\":{\"@id\":\"https:\/\/www.produccion.jujuy.gob.ar\/?page_id=8391#primaryimage\"},\"datePublished\":\"2024-11-01T14:27:28+00:00\",\"dateModified\":\"2025-08-19T15:13:54+00:00\",\"breadcrumb\":{\"@id\":\"https:\/\/www.produccion.jujuy.gob.ar\/?page_id=8391#breadcrumb\"},\"inLanguage\":\"es\",\"potentialAction\":[{\"@type\":\"ReadAction\",\"target\":[\"https:\/\/www.produccion.jujuy.gob.ar\/?page_id=8391\"]}]},{\"@type\":\"BreadcrumbList\",\"@id\":\"https:\/\/www.produccion.jujuy.gob.ar\/?page_id=8391#breadcrumb\",\"itemListElement\":[{\"@type\":\"ListItem\",\"position\":1,\"name\":\"Portada\",\"item\":\"https:\/\/www.produccion.jujuy.gob.ar\/\"},{\"@type\":\"ListItem\",\"position\":2,\"name\":\"Oferta Productiva Exportable\"}]}]}<\/script>\n<!-- \/ Yoast SEO plugin. -->","yoast_head_json":{"title":"Oferta Productiva Exportable - Ministerio de Desarrollo Econ\u00f3mico y Producci\u00f3n","robots":{"index":"index","follow":"follow","max-snippet":"max-snippet:-1","max-image-preview":"max-image-preview:large","max-video-preview":"max-video-preview:-1"},"canonical":"https:\/\/www.produccion.jujuy.gob.ar\/?page_id=8391","og_locale":"es_ES","og_type":"article","og_title":"Oferta Productiva Exportable - Ministerio de Desarrollo Econ\u00f3mico y Producci\u00f3n","og_description":"Anterior Siguiente Jujuy es una provincia Argentina rica en recursos naturales y cultura, cuya oferta productiva y exportable destaca por su calidad, sostenibilidad y compromiso con la innovaci\u00f3n. En un entorno geogr\u00e1ficamenteLeer m\u00e1s...","og_url":"https:\/\/www.produccion.jujuy.gob.ar\/?page_id=8391","og_site_name":"Ministerio de Desarrollo Econ\u00f3mico y Producci\u00f3n","article_modified_time":"2025-08-19T15:13:54+00:00","og_image":[{"url":"http:\/\/www.produccion.jujuy.gob.ar\/wp-content\/uploads\/2024\/11\/img1.png"}],"twitter_card":"summary_large_image","twitter_misc":{"Tiempo de lectura":"3 minutos"},"schema":{"@context":"https:\/\/schema.org","@graph":[{"@type":"WebSite","@id":"http:\/\/www.produccion.jujuy.gob.ar\/#website","url":"http:\/\/www.produccion.jujuy.gob.ar\/","name":"Ministerio de Desarrollo Econ\u00f3mico y Producci\u00f3n","description":"","potentialAction":[{"@type":"SearchAction","target":{"@type":"EntryPoint","urlTemplate":"http:\/\/www.produccion.jujuy.gob.ar\/?s={search_term_string}"},"query-input":"required name=search_term_string"}],"inLanguage":"es"},{"@type":"ImageObject","@id":"https:\/\/www.produccion.jujuy.gob.ar\/?page_id=8391#primaryimage","inLanguage":"es","url":"http:\/\/www.produccion.jujuy.gob.ar\/wp-content\/uploads\/2024\/11\/img1.png","contentUrl":"http:\/\/www.produccion.jujuy.gob.ar\/wp-content\/uploads\/2024\/11\/img1.png","width":342,"height":484},{"@type":"WebPage","@id":"https:\/\/www.produccion.jujuy.gob.ar\/?page_id=8391#webpage","url":"https:\/\/www.produccion.jujuy.gob.ar\/?page_id=8391","name":"Oferta Productiva Exportable - Ministerio de Desarrollo Econ\u00f3mico y Producci\u00f3n","isPartOf":{"@id":"http:\/\/www.produccion.jujuy.gob.ar\/#website"},"primaryImageOfPage":{"@id":"https:\/\/www.produccion.jujuy.gob.ar\/?page_id=8391#primaryimage"},"datePublished":"2024-11-01T14:27:28+00:00","dateModified":"2025-08-19T15:13:54+00:00","breadcrumb":{"@id":"https:\/\/www.produccion.jujuy.gob.ar\/?page_id=8391#breadcrumb"},"inLanguage":"es","potentialAction":[{"@type":"ReadAction","target":["https:\/\/www.produccion.jujuy.gob.ar\/?page_id=8391"]}]},{"@type":"BreadcrumbList","@id":"https:\/\/www.produccion.jujuy.gob.ar\/?page_id=8391#breadcrumb","itemListElement":[{"@type":"ListItem","position":1,"name":"Portada","item":"https:\/\/www.produccion.jujuy.gob.ar\/"},{"@type":"ListItem","position":2,"name":"Oferta Productiva Exportable"}]}]}},"_links":{"self":[{"href":"http:\/\/www.produccion.jujuy.gob.ar\/index.php?rest_route=\/wp\/v2\/pages\/8391"}],"collection":[{"href":"http:\/\/www.produccion.jujuy.gob.ar\/index.php?rest_route=\/wp\/v2\/pages"}],"about":[{"href":"http:\/\/www.produccion.jujuy.gob.ar\/index.php?rest_route=\/wp\/v2\/types\/page"}],"author":[{"embeddable":true,"href":"http:\/\/www.produccion.jujuy.gob.ar\/index.php?rest_route=\/wp\/v2\/users\/1"}],"replies":[{"embeddable":true,"href":"http:\/\/www.produccion.jujuy.gob.ar\/index.php?rest_route=%2Fwp%2Fv2%2Fcomments&post=8391"}],"version-history":[{"count":49,"href":"http:\/\/www.produccion.jujuy.gob.ar\/index.php?rest_route=\/wp\/v2\/pages\/8391\/revisions"}],"predecessor-version":[{"id":10075,"href":"http:\/\/www.produccion.jujuy.gob.ar\/index.php?rest_route=\/wp\/v2\/pages\/8391\/revisions\/10075"}],"wp:attachment":[{"href":"http:\/\/www.produccion.jujuy.gob.ar\/index.php?rest_route=%2Fwp%2Fv2%2Fmedia&parent=8391"}],"curies":[{"name":"wp","href":"https:\/\/api.w.org\/{rel}","templated":true}]}}