{"id":8747,"date":"2024-12-11T14:47:56","date_gmt":"2024-12-11T14:47:56","guid":{"rendered":"https:\/\/www.produccion.jujuy.gob.ar\/?page_id=8747"},"modified":"2025-02-19T11:40:55","modified_gmt":"2025-02-19T11:40:55","slug":"licitacion","status":"publish","type":"page","link":"http:\/\/www.produccion.jujuy.gob.ar\/?page_id=8747","title":{"rendered":"Licitaci\u00f3n Hotel 5 Estrellas"},"content":{"rendered":"\t\t<div data-elementor-type=\"wp-page\" data-elementor-id=\"8747\" class=\"elementor elementor-8747\" data-elementor-settings=\"[]\">\n\t\t\t\t\t\t\t<div class=\"elementor-section-wrap\">\n\t\t\t\t\t\t\t<section class=\"elementor-section elementor-top-section elementor-element elementor-element-f8c6720 elementor-section-boxed elementor-section-height-default elementor-section-height-default\" data-id=\"f8c6720\" data-element_type=\"section\">\n\t\t\t\t\t\t<div class=\"elementor-container elementor-column-gap-default\">\n\t\t\t\t\t<div class=\"elementor-column elementor-col-100 elementor-top-column elementor-element elementor-element-2ee40a6\" data-id=\"2ee40a6\" data-element_type=\"column\">\n\t\t\t<div class=\"elementor-widget-wrap elementor-element-populated\">\n\t\t\t\t\t\t\t\t<div class=\"elementor-element elementor-element-19959fd elementor-widget elementor-widget-image\" data-id=\"19959fd\" data-element_type=\"widget\" data-widget_type=\"image.default\">\n\t\t\t\t<div class=\"elementor-widget-container\">\n\t\t\t\t\t\t\t\t\t\t\t\t\t\t\t<img width=\"500\" height=\"406\" src=\"http:\/\/www.produccion.jujuy.gob.ar\/wp-content\/uploads\/2025\/02\/tit-hotel3.png\" class=\"attachment-large size-large\" alt=\"\" loading=\"lazy\" srcset=\"http:\/\/www.produccion.jujuy.gob.ar\/wp-content\/uploads\/2025\/02\/tit-hotel3.png 500w, http:\/\/www.produccion.jujuy.gob.ar\/wp-content\/uploads\/2025\/02\/tit-hotel3-300x244.png 300w\" sizes=\"(max-width: 500px) 100vw, 500px\" \/>\t\t\t\t\t\t\t\t\t\t\t\t\t\t\t<\/div>\n\t\t\t\t<\/div>\n\t\t\t\t<div class=\"elementor-element elementor-element-c2474e5 elementor-invisible elementor-widget elementor-widget-image\" data-id=\"c2474e5\" data-element_type=\"widget\" data-settings=\"{&quot;_animation&quot;:&quot;fadeInUp&quot;}\" data-widget_type=\"image.default\">\n\t\t\t\t<div class=\"elementor-widget-container\">\n\t\t\t\t\t\t\t\t\t\t\t\t\t\t\t<img width=\"300\" height=\"300\" src=\"http:\/\/www.produccion.jujuy.gob.ar\/wp-content\/uploads\/2025\/02\/hotel1-300x300.jpg\" class=\"attachment-medium size-medium\" alt=\"\" loading=\"lazy\" srcset=\"http:\/\/www.produccion.jujuy.gob.ar\/wp-content\/uploads\/2025\/02\/hotel1-300x300.jpg 300w, http:\/\/www.produccion.jujuy.gob.ar\/wp-content\/uploads\/2025\/02\/hotel1-150x150.jpg 150w, http:\/\/www.produccion.jujuy.gob.ar\/wp-content\/uploads\/2025\/02\/hotel1.jpg 640w\" sizes=\"(max-width: 300px) 100vw, 300px\" \/>\t\t\t\t\t\t\t\t\t\t\t\t\t\t\t<\/div>\n\t\t\t\t<\/div>\n\t\t\t\t<div class=\"elementor-element elementor-element-2ae7604 elementor-widget elementor-widget-text-editor\" data-id=\"2ae7604\" data-element_type=\"widget\" data-widget_type=\"text-editor.default\">\n\t\t\t\t<div class=\"elementor-widget-container\">\n\t\t\t\t\t\t\t\t<h5><i class=\"fas fa-star-of-life\"><\/i>&nbsp;&nbsp;Es un proyecto enmarcado dentro del DECRETO-ACUERDO N\u00b0 2315-6\/2016- R\u00e9gimen de Iniciativa Privada.-<\/h5>\t\t\t\t\t\t<\/div>\n\t\t\t\t<\/div>\n\t\t\t\t<div class=\"elementor-element elementor-element-d1f4f06 elementor-widget elementor-widget-heading\" data-id=\"d1f4f06\" data-element_type=\"widget\" data-widget_type=\"heading.default\">\n\t\t\t\t<div class=\"elementor-widget-container\">\n\t\t\t<h2 class=\"elementor-heading-title elementor-size-default\"><i class=\"fas fa-check-double\"><\/i>  PROYECTO<\/h2>\t\t<\/div>\n\t\t\t\t<\/div>\n\t\t\t\t<div class=\"elementor-element elementor-element-9a9589b elementor-widget elementor-widget-text-editor\" data-id=\"9a9589b\" data-element_type=\"widget\" data-widget_type=\"text-editor.default\">\n\t\t\t\t<div class=\"elementor-widget-container\">\n\t\t\t\t\t\t\t\t<h5>Compra de un Terreno, propiedad del Estado Provincial y Desarrollo de un HOTEL 5 ESTRELLAS.-<\/h5>\t\t\t\t\t\t<\/div>\n\t\t\t\t<\/div>\n\t\t\t\t<div class=\"elementor-element elementor-element-dc72955 elementor-widget elementor-widget-heading\" data-id=\"dc72955\" data-element_type=\"widget\" data-widget_type=\"heading.default\">\n\t\t\t\t<div class=\"elementor-widget-container\">\n\t\t\t<h2 class=\"elementor-heading-title elementor-size-default\"><i class=\"fas fa-check-double\"><\/i>  PARA PARTICIPAR<\/h2>\t\t<\/div>\n\t\t\t\t<\/div>\n\t\t\t\t<div class=\"elementor-element elementor-element-4493d7d elementor-widget elementor-widget-text-editor\" data-id=\"4493d7d\" data-element_type=\"widget\" data-widget_type=\"text-editor.default\">\n\t\t\t\t<div class=\"elementor-widget-container\">\n\t\t\t\t\t\t\t\t<h5><i class=\"fas fa-star-of-life\"><\/i>\u00a0\u00a0Deber\u00e1s acreditar el comprobante de pago de los Pliegos por mail o personalmente en nuestras oficinas en el horario de atenci\u00f3n de 09:00 a 12:30 hs.-<\/h5><h5><i class=\"fas fa-star-of-life\"><\/i>\u00a0\u00a0Una vez acreditada la compra de los pliegos se le brindara un Usuario y contrase\u00f1a para acceder al sistema de Consultas Web.-<\/h5>\t\t\t\t\t\t<\/div>\n\t\t\t\t<\/div>\n\t\t\t\t\t<\/div>\n\t\t<\/div>\n\t\t\t\t\t\t\t<\/div>\n\t\t<\/section>\n\t\t\t\t<section class=\"elementor-section elementor-top-section elementor-element elementor-element-8519672 elementor-section-boxed elementor-section-height-default elementor-section-height-default\" data-id=\"8519672\" data-element_type=\"section\">\n\t\t\t\t\t\t<div class=\"elementor-container elementor-column-gap-default\">\n\t\t\t\t\t<div class=\"elementor-column elementor-col-33 elementor-top-column elementor-element elementor-element-29aac09\" data-id=\"29aac09\" data-element_type=\"column\">\n\t\t\t<div class=\"elementor-widget-wrap\">\n\t\t\t\t\t\t\t\t\t<\/div>\n\t\t<\/div>\n\t\t\t\t<div class=\"elementor-column elementor-col-33 elementor-top-column elementor-element elementor-element-8679a01\" data-id=\"8679a01\" data-element_type=\"column\">\n\t\t\t<div class=\"elementor-widget-wrap elementor-element-populated\">\n\t\t\t\t\t\t\t\t<div class=\"elementor-element elementor-element-e69529c elementor-widget elementor-widget-heading\" data-id=\"e69529c\" data-element_type=\"widget\" data-widget_type=\"heading.default\">\n\t\t\t\t<div class=\"elementor-widget-container\">\n\t\t\t<h3 class=\"elementor-heading-title elementor-size-default\">Ingreso al sistema Web<\/h3>\t\t<\/div>\n\t\t\t\t<\/div>\n\t\t\t\t<div class=\"elementor-element elementor-element-955203e elementor-widget elementor-widget-image\" data-id=\"955203e\" data-element_type=\"widget\" data-widget_type=\"image.default\">\n\t\t\t\t<div class=\"elementor-widget-container\">\n\t\t\t\t\t\t\t\t\t\t\t\t\t\t\t\t<a href=\"http:\/\/45.186.124.20\/Web\/login.php\" target=\"_blank\">\n\t\t\t\t\t\t\t<img width=\"150\" height=\"150\" src=\"http:\/\/www.produccion.jujuy.gob.ar\/wp-content\/uploads\/2023\/05\/formu-150x150.png\" class=\"elementor-animation-pop attachment-thumbnail size-thumbnail\" alt=\"\" loading=\"lazy\" srcset=\"http:\/\/www.produccion.jujuy.gob.ar\/wp-content\/uploads\/2023\/05\/formu-150x150.png 150w, http:\/\/www.produccion.jujuy.gob.ar\/wp-content\/uploads\/2023\/05\/formu.png 179w\" sizes=\"(max-width: 150px) 100vw, 150px\" \/>\t\t\t\t\t\t\t\t<\/a>\n\t\t\t\t\t\t\t\t\t\t\t\t\t\t\t<\/div>\n\t\t\t\t<\/div>\n\t\t\t\t\t<\/div>\n\t\t<\/div>\n\t\t\t\t<div class=\"elementor-column elementor-col-33 elementor-top-column elementor-element elementor-element-ea0833f\" data-id=\"ea0833f\" data-element_type=\"column\">\n\t\t\t<div class=\"elementor-widget-wrap\">\n\t\t\t\t\t\t\t\t\t<\/div>\n\t\t<\/div>\n\t\t\t\t\t\t\t<\/div>\n\t\t<\/section>\n\t\t\t\t<section class=\"elementor-section elementor-top-section elementor-element elementor-element-5060a90 elementor-section-boxed elementor-section-height-default elementor-section-height-default\" data-id=\"5060a90\" data-element_type=\"section\">\n\t\t\t\t\t\t<div class=\"elementor-container elementor-column-gap-default\">\n\t\t\t\t\t<div class=\"elementor-column elementor-col-100 elementor-top-column elementor-element elementor-element-b5c8959\" data-id=\"b5c8959\" data-element_type=\"column\">\n\t\t\t<div class=\"elementor-widget-wrap elementor-element-populated\">\n\t\t\t\t\t\t\t\t<div class=\"elementor-element elementor-element-7626538 elementor-widget elementor-widget-spacer\" data-id=\"7626538\" data-element_type=\"widget\" data-widget_type=\"spacer.default\">\n\t\t\t\t<div class=\"elementor-widget-container\">\n\t\t\t\t\t<div class=\"elementor-spacer\">\n\t\t\t<div class=\"elementor-spacer-inner\"><\/div>\n\t\t<\/div>\n\t\t\t\t<\/div>\n\t\t\t\t<\/div>\n\t\t\t\t\t<\/div>\n\t\t<\/div>\n\t\t\t\t\t\t\t<\/div>\n\t\t<\/section>\n\t\t\t\t<section class=\"elementor-section elementor-top-section elementor-element elementor-element-3867fcc elementor-section-boxed elementor-section-height-default elementor-section-height-default\" data-id=\"3867fcc\" data-element_type=\"section\">\n\t\t\t\t\t\t<div class=\"elementor-container elementor-column-gap-default\">\n\t\t\t\t\t<div class=\"elementor-column elementor-col-100 elementor-top-column elementor-element elementor-element-12126c0\" data-id=\"12126c0\" data-element_type=\"column\">\n\t\t\t<div class=\"elementor-widget-wrap elementor-element-populated\">\n\t\t\t\t\t\t\t\t<div class=\"elementor-element elementor-element-1d8fedf elementor-widget elementor-widget-heading\" data-id=\"1d8fedf\" data-element_type=\"widget\" data-widget_type=\"heading.default\">\n\t\t\t\t<div class=\"elementor-widget-container\">\n\t\t\t<h3 class=\"elementor-heading-title elementor-size-default\"><font color=#ee7511><u>PARA M\u00c1S INFORMACI\u00d3N<\/u><\/font><br><br> Comunicarse al 0388-154214042<br>\n<i class=\"fas fa-envelope\"><\/i> \n licitacionhotelproducci\u00f3n@gmail.com<br>\nAscasubi N\u00b0 290 1er piso Mesa de Entrada de la Secretar\u00eda de Desarrollo Industrial y Comercio<\/h3>\t\t<\/div>\n\t\t\t\t<\/div>\n\t\t\t\t\t<\/div>\n\t\t<\/div>\n\t\t\t\t\t\t\t<\/div>\n\t\t<\/section>\n\t\t\t\t<section class=\"elementor-section elementor-top-section elementor-element elementor-element-ab50757 elementor-section-boxed elementor-section-height-default elementor-section-height-default\" data-id=\"ab50757\" data-element_type=\"section\">\n\t\t\t\t\t\t<div class=\"elementor-container elementor-column-gap-default\">\n\t\t\t\t\t<div class=\"elementor-column elementor-col-100 elementor-top-column elementor-element elementor-element-019dc22\" data-id=\"019dc22\" data-element_type=\"column\">\n\t\t\t<div class=\"elementor-widget-wrap elementor-element-populated\">\n\t\t\t\t\t\t\t\t<div class=\"elementor-element elementor-element-98ba6e6 elementor-widget elementor-widget-spacer\" data-id=\"98ba6e6\" data-element_type=\"widget\" data-widget_type=\"spacer.default\">\n\t\t\t\t<div class=\"elementor-widget-container\">\n\t\t\t\t\t<div class=\"elementor-spacer\">\n\t\t\t<div class=\"elementor-spacer-inner\"><\/div>\n\t\t<\/div>\n\t\t\t\t<\/div>\n\t\t\t\t<\/div>\n\t\t\t\t\t<\/div>\n\t\t<\/div>\n\t\t\t\t\t\t\t<\/div>\n\t\t<\/section>\n\t\t\t\t\t\t<\/div>\n\t\t\t\t\t<\/div>\n\t\t","protected":false},"excerpt":{"rendered":"<p>&nbsp;&nbsp;Es un proyecto enmarcado dentro del DECRETO-ACUERDO N\u00b0 2315-6\/2016- R\u00e9gimen de Iniciativa Privada.- PROYECTO Compra de un Terreno, propiedad del Estado Provincial y Desarrollo de un HOTEL 5 ESTRELLAS.- PARA PARTICIPAR \u00a0\u00a0Deber\u00e1s<a class=\"moretag\" href=\"http:\/\/www.produccion.jujuy.gob.ar\/?page_id=8747\">Leer m\u00e1s&#8230;<\/a><\/p>\n","protected":false},"author":1,"featured_media":0,"parent":0,"menu_order":0,"comment_status":"closed","ping_status":"closed","template":"page-sidebar.php","meta":[],"yoast_head":"<!-- This site is optimized with the Yoast SEO plugin v18.3 - https:\/\/yoast.com\/wordpress\/plugins\/seo\/ -->\n<title>Licitaci\u00f3n Hotel 5 Estrellas - Ministerio de Desarrollo Econ\u00f3mico y Producci\u00f3n<\/title>\n<meta name=\"robots\" content=\"index, follow, max-snippet:-1, max-image-preview:large, max-video-preview:-1\" \/>\n<link rel=\"canonical\" href=\"https:\/\/www.produccion.jujuy.gob.ar\/?page_id=8747\" \/>\n<meta property=\"og:locale\" content=\"es_ES\" \/>\n<meta property=\"og:type\" content=\"article\" \/>\n<meta property=\"og:title\" content=\"Licitaci\u00f3n Hotel 5 Estrellas - Ministerio de Desarrollo Econ\u00f3mico y Producci\u00f3n\" \/>\n<meta property=\"og:description\" content=\"&nbsp;&nbsp;Es un proyecto enmarcado dentro del DECRETO-ACUERDO N\u00b0 2315-6\/2016- R\u00e9gimen de Iniciativa Privada.- PROYECTO Compra de un Terreno, propiedad del Estado Provincial y Desarrollo de un HOTEL 5 ESTRELLAS.- PARA PARTICIPAR \u00a0\u00a0Deber\u00e1sLeer m\u00e1s...\" \/>\n<meta property=\"og:url\" content=\"https:\/\/www.produccion.jujuy.gob.ar\/?page_id=8747\" \/>\n<meta property=\"og:site_name\" content=\"Ministerio de Desarrollo Econ\u00f3mico y Producci\u00f3n\" \/>\n<meta property=\"article:modified_time\" content=\"2025-02-19T11:40:55+00:00\" \/>\n<meta property=\"og:image\" content=\"http:\/\/www.produccion.jujuy.gob.ar\/wp-content\/uploads\/2025\/02\/tit-hotel3.png\" \/>\n<meta name=\"twitter:card\" content=\"summary_large_image\" \/>\n<meta name=\"twitter:label1\" content=\"Tiempo de lectura\" \/>\n\t<meta name=\"twitter:data1\" content=\"2 minutos\" \/>\n<script type=\"application\/ld+json\" class=\"yoast-schema-graph\">{\"@context\":\"https:\/\/schema.org\",\"@graph\":[{\"@type\":\"WebSite\",\"@id\":\"http:\/\/www.produccion.jujuy.gob.ar\/#website\",\"url\":\"http:\/\/www.produccion.jujuy.gob.ar\/\",\"name\":\"Ministerio de Desarrollo Econ\u00f3mico y Producci\u00f3n\",\"description\":\"\",\"potentialAction\":[{\"@type\":\"SearchAction\",\"target\":{\"@type\":\"EntryPoint\",\"urlTemplate\":\"http:\/\/www.produccion.jujuy.gob.ar\/?s={search_term_string}\"},\"query-input\":\"required name=search_term_string\"}],\"inLanguage\":\"es\"},{\"@type\":\"ImageObject\",\"@id\":\"https:\/\/www.produccion.jujuy.gob.ar\/?page_id=8747#primaryimage\",\"inLanguage\":\"es\",\"url\":\"http:\/\/www.produccion.jujuy.gob.ar\/wp-content\/uploads\/2025\/02\/tit-hotel3.png\",\"contentUrl\":\"http:\/\/www.produccion.jujuy.gob.ar\/wp-content\/uploads\/2025\/02\/tit-hotel3.png\",\"width\":500,\"height\":406},{\"@type\":\"WebPage\",\"@id\":\"https:\/\/www.produccion.jujuy.gob.ar\/?page_id=8747#webpage\",\"url\":\"https:\/\/www.produccion.jujuy.gob.ar\/?page_id=8747\",\"name\":\"Licitaci\u00f3n Hotel 5 Estrellas - Ministerio de Desarrollo Econ\u00f3mico y Producci\u00f3n\",\"isPartOf\":{\"@id\":\"http:\/\/www.produccion.jujuy.gob.ar\/#website\"},\"primaryImageOfPage\":{\"@id\":\"https:\/\/www.produccion.jujuy.gob.ar\/?page_id=8747#primaryimage\"},\"datePublished\":\"2024-12-11T14:47:56+00:00\",\"dateModified\":\"2025-02-19T11:40:55+00:00\",\"breadcrumb\":{\"@id\":\"https:\/\/www.produccion.jujuy.gob.ar\/?page_id=8747#breadcrumb\"},\"inLanguage\":\"es\",\"potentialAction\":[{\"@type\":\"ReadAction\",\"target\":[\"https:\/\/www.produccion.jujuy.gob.ar\/?page_id=8747\"]}]},{\"@type\":\"BreadcrumbList\",\"@id\":\"https:\/\/www.produccion.jujuy.gob.ar\/?page_id=8747#breadcrumb\",\"itemListElement\":[{\"@type\":\"ListItem\",\"position\":1,\"name\":\"Portada\",\"item\":\"https:\/\/www.produccion.jujuy.gob.ar\/\"},{\"@type\":\"ListItem\",\"position\":2,\"name\":\"Licitaci\u00f3n Hotel 5 Estrellas\"}]}]}<\/script>\n<!-- \/ Yoast SEO plugin. -->","yoast_head_json":{"title":"Licitaci\u00f3n Hotel 5 Estrellas - Ministerio de Desarrollo Econ\u00f3mico y Producci\u00f3n","robots":{"index":"index","follow":"follow","max-snippet":"max-snippet:-1","max-image-preview":"max-image-preview:large","max-video-preview":"max-video-preview:-1"},"canonical":"https:\/\/www.produccion.jujuy.gob.ar\/?page_id=8747","og_locale":"es_ES","og_type":"article","og_title":"Licitaci\u00f3n Hotel 5 Estrellas - Ministerio de Desarrollo Econ\u00f3mico y Producci\u00f3n","og_description":"&nbsp;&nbsp;Es un proyecto enmarcado dentro del DECRETO-ACUERDO N\u00b0 2315-6\/2016- R\u00e9gimen de Iniciativa Privada.- PROYECTO Compra de un Terreno, propiedad del Estado Provincial y Desarrollo de un HOTEL 5 ESTRELLAS.- PARA PARTICIPAR \u00a0\u00a0Deber\u00e1sLeer m\u00e1s...","og_url":"https:\/\/www.produccion.jujuy.gob.ar\/?page_id=8747","og_site_name":"Ministerio de Desarrollo Econ\u00f3mico y Producci\u00f3n","article_modified_time":"2025-02-19T11:40:55+00:00","og_image":[{"url":"http:\/\/www.produccion.jujuy.gob.ar\/wp-content\/uploads\/2025\/02\/tit-hotel3.png"}],"twitter_card":"summary_large_image","twitter_misc":{"Tiempo de lectura":"2 minutos"},"schema":{"@context":"https:\/\/schema.org","@graph":[{"@type":"WebSite","@id":"http:\/\/www.produccion.jujuy.gob.ar\/#website","url":"http:\/\/www.produccion.jujuy.gob.ar\/","name":"Ministerio de Desarrollo Econ\u00f3mico y Producci\u00f3n","description":"","potentialAction":[{"@type":"SearchAction","target":{"@type":"EntryPoint","urlTemplate":"http:\/\/www.produccion.jujuy.gob.ar\/?s={search_term_string}"},"query-input":"required name=search_term_string"}],"inLanguage":"es"},{"@type":"ImageObject","@id":"https:\/\/www.produccion.jujuy.gob.ar\/?page_id=8747#primaryimage","inLanguage":"es","url":"http:\/\/www.produccion.jujuy.gob.ar\/wp-content\/uploads\/2025\/02\/tit-hotel3.png","contentUrl":"http:\/\/www.produccion.jujuy.gob.ar\/wp-content\/uploads\/2025\/02\/tit-hotel3.png","width":500,"height":406},{"@type":"WebPage","@id":"https:\/\/www.produccion.jujuy.gob.ar\/?page_id=8747#webpage","url":"https:\/\/www.produccion.jujuy.gob.ar\/?page_id=8747","name":"Licitaci\u00f3n Hotel 5 Estrellas - Ministerio de Desarrollo Econ\u00f3mico y Producci\u00f3n","isPartOf":{"@id":"http:\/\/www.produccion.jujuy.gob.ar\/#website"},"primaryImageOfPage":{"@id":"https:\/\/www.produccion.jujuy.gob.ar\/?page_id=8747#primaryimage"},"datePublished":"2024-12-11T14:47:56+00:00","dateModified":"2025-02-19T11:40:55+00:00","breadcrumb":{"@id":"https:\/\/www.produccion.jujuy.gob.ar\/?page_id=8747#breadcrumb"},"inLanguage":"es","potentialAction":[{"@type":"ReadAction","target":["https:\/\/www.produccion.jujuy.gob.ar\/?page_id=8747"]}]},{"@type":"BreadcrumbList","@id":"https:\/\/www.produccion.jujuy.gob.ar\/?page_id=8747#breadcrumb","itemListElement":[{"@type":"ListItem","position":1,"name":"Portada","item":"https:\/\/www.produccion.jujuy.gob.ar\/"},{"@type":"ListItem","position":2,"name":"Licitaci\u00f3n Hotel 5 Estrellas"}]}]}},"_links":{"self":[{"href":"http:\/\/www.produccion.jujuy.gob.ar\/index.php?rest_route=\/wp\/v2\/pages\/8747"}],"collection":[{"href":"http:\/\/www.produccion.jujuy.gob.ar\/index.php?rest_route=\/wp\/v2\/pages"}],"about":[{"href":"http:\/\/www.produccion.jujuy.gob.ar\/index.php?rest_route=\/wp\/v2\/types\/page"}],"author":[{"embeddable":true,"href":"http:\/\/www.produccion.jujuy.gob.ar\/index.php?rest_route=\/wp\/v2\/users\/1"}],"replies":[{"embeddable":true,"href":"http:\/\/www.produccion.jujuy.gob.ar\/index.php?rest_route=%2Fwp%2Fv2%2Fcomments&post=8747"}],"version-history":[{"count":47,"href":"http:\/\/www.produccion.jujuy.gob.ar\/index.php?rest_route=\/wp\/v2\/pages\/8747\/revisions"}],"predecessor-version":[{"id":9313,"href":"http:\/\/www.produccion.jujuy.gob.ar\/index.php?rest_route=\/wp\/v2\/pages\/8747\/revisions\/9313"}],"wp:attachment":[{"href":"http:\/\/www.produccion.jujuy.gob.ar\/index.php?rest_route=%2Fwp%2Fv2%2Fmedia&parent=8747"}],"curies":[{"name":"wp","href":"https:\/\/api.w.org\/{rel}","templated":true}]}}