{"id":3259,"date":"2022-08-03T15:56:13","date_gmt":"2022-08-03T15:56:13","guid":{"rendered":"http:\/\/www.produccion.jujuy.gob.ar\/?page_id=3259"},"modified":"2024-03-18T15:17:05","modified_gmt":"2024-03-18T15:17:05","slug":"consultorio-pyme","status":"publish","type":"page","link":"https:\/\/www.produccion.jujuy.gob.ar\/?page_id=3259","title":{"rendered":"CONSULTORIO PYME"},"content":{"rendered":"\t\t<div data-elementor-type=\"wp-page\" data-elementor-id=\"3259\" class=\"elementor elementor-3259\" data-elementor-settings=\"[]\">\n\t\t\t\t\t\t\t<div class=\"elementor-section-wrap\">\n\t\t\t\t\t\t\t<section class=\"elementor-section elementor-top-section elementor-element elementor-element-7cd4751 elementor-section-boxed elementor-section-height-default elementor-section-height-default\" data-id=\"7cd4751\" data-element_type=\"section\">\n\t\t\t\t\t\t<div class=\"elementor-container elementor-column-gap-default\">\n\t\t\t\t\t<div class=\"elementor-column elementor-col-100 elementor-top-column elementor-element elementor-element-98fe76f\" data-id=\"98fe76f\" data-element_type=\"column\">\n\t\t\t<div class=\"elementor-widget-wrap elementor-element-populated\">\n\t\t\t\t\t\t\t\t<div class=\"elementor-element elementor-element-dff9427 elementor-widget elementor-widget-text-editor\" data-id=\"dff9427\" data-element_type=\"widget\" data-widget_type=\"text-editor.default\">\n\t\t\t\t<div class=\"elementor-widget-container\">\n\t\t\t\t\t\t\t\t<!--<h4 style=\"text-align: center;\"><span style=\"color: #993300;\">de la Direcci\u00f3n de Industria y Comercio\ndel Ministerio de Desarrollo Econ\u00f3mico y Producci\u00f3n de Jujuy<\/span><\/h4>-->\t\t\t\t\t\t<\/div>\n\t\t\t\t<\/div>\n\t\t\t\t\t<\/div>\n\t\t<\/div>\n\t\t\t\t\t\t\t<\/div>\n\t\t<\/section>\n\t\t\t\t<section class=\"elementor-section elementor-top-section elementor-element elementor-element-515cd9f elementor-section-boxed elementor-section-height-default elementor-section-height-default\" data-id=\"515cd9f\" data-element_type=\"section\">\n\t\t\t\t\t\t<div class=\"elementor-container elementor-column-gap-default\">\n\t\t\t\t\t<div class=\"elementor-column elementor-col-100 elementor-top-column elementor-element elementor-element-60f6cfa\" data-id=\"60f6cfa\" data-element_type=\"column\">\n\t\t\t<div class=\"elementor-widget-wrap elementor-element-populated\">\n\t\t\t\t\t\t\t\t<div class=\"elementor-element elementor-element-7bd5f09 elementor-widget elementor-widget-image\" data-id=\"7bd5f09\" data-element_type=\"widget\" data-widget_type=\"image.default\">\n\t\t\t\t<div class=\"elementor-widget-container\">\n\t\t\t\t\t\t\t\t\t\t\t\t\t\t\t<img width=\"2048\" height=\"367\" src=\"https:\/\/www.produccion.jujuy.gob.ar\/wp-content\/uploads\/2024\/03\/PARA-WEB-cabecera-consultorio-pyme-2048x367.png\" class=\"attachment-2048x2048 size-2048x2048\" alt=\"\" loading=\"lazy\" srcset=\"https:\/\/www.produccion.jujuy.gob.ar\/wp-content\/uploads\/2024\/03\/PARA-WEB-cabecera-consultorio-pyme-2048x367.png 2048w, https:\/\/www.produccion.jujuy.gob.ar\/wp-content\/uploads\/2024\/03\/PARA-WEB-cabecera-consultorio-pyme-300x54.png 300w, https:\/\/www.produccion.jujuy.gob.ar\/wp-content\/uploads\/2024\/03\/PARA-WEB-cabecera-consultorio-pyme-1024x183.png 1024w, https:\/\/www.produccion.jujuy.gob.ar\/wp-content\/uploads\/2024\/03\/PARA-WEB-cabecera-consultorio-pyme-768x138.png 768w, https:\/\/www.produccion.jujuy.gob.ar\/wp-content\/uploads\/2024\/03\/PARA-WEB-cabecera-consultorio-pyme-1536x275.png 1536w\" sizes=\"(max-width: 2048px) 100vw, 2048px\" \/>\t\t\t\t\t\t\t\t\t\t\t\t\t\t\t<\/div>\n\t\t\t\t<\/div>\n\t\t\t\t\t<\/div>\n\t\t<\/div>\n\t\t\t\t\t\t\t<\/div>\n\t\t<\/section>\n\t\t\t\t<section class=\"elementor-section elementor-top-section elementor-element elementor-element-913f2ab elementor-section-boxed elementor-section-height-default elementor-section-height-default\" data-id=\"913f2ab\" data-element_type=\"section\">\n\t\t\t\t\t\t<div class=\"elementor-container elementor-column-gap-default\">\n\t\t\t\t\t<div class=\"elementor-column elementor-col-100 elementor-top-column elementor-element elementor-element-119b93d\" data-id=\"119b93d\" data-element_type=\"column\">\n\t\t\t<div class=\"elementor-widget-wrap elementor-element-populated\">\n\t\t\t\t\t\t\t\t<div class=\"elementor-element elementor-element-23f8254 elementor-widget elementor-widget-text-editor\" data-id=\"23f8254\" data-element_type=\"widget\" data-widget_type=\"text-editor.default\">\n\t\t\t\t<div class=\"elementor-widget-container\">\n\t\t\t\t\t\t\t\t<h2>EN QUE CONSISTE<\/h2>\n<p align=\"justify\"><span style=\"font-size: large;\">Consiste en la realizaci\u00f3n de un DIAGN\u00d3STICO T\u00c9CNICO Y DESCRIPTIVO gratuito, del estado de situaci\u00f3n actual de tu PyME, identificando problemas y debilidades, y sugiriendo oportunidades de mejora.-<br>\nSe propondr\u00e1n vinculaciones con instituciones p\u00fablicas y\/o privadas, como tambi\u00e9n con profesionales y organismos de apoyo y financiamiento que cuenten con herramientas y soluciones a las necesidades de tu PyME.-<\/span><\/p>\t\t\t\t\t\t<\/div>\n\t\t\t\t<\/div>\n\t\t\t\t\t<\/div>\n\t\t<\/div>\n\t\t\t\t\t\t\t<\/div>\n\t\t<\/section>\n\t\t\t\t<section class=\"elementor-section elementor-top-section elementor-element elementor-element-ffab34d elementor-section-boxed elementor-section-height-default elementor-section-height-default\" data-id=\"ffab34d\" data-element_type=\"section\">\n\t\t\t\t\t\t<div class=\"elementor-container elementor-column-gap-default\">\n\t\t\t\t\t<div class=\"elementor-column elementor-col-100 elementor-top-column elementor-element elementor-element-b070ff9\" data-id=\"b070ff9\" data-element_type=\"column\">\n\t\t\t<div class=\"elementor-widget-wrap elementor-element-populated\">\n\t\t\t\t\t\t\t\t<div class=\"elementor-element elementor-element-f4a3c6e elementor-widget elementor-widget-image\" data-id=\"f4a3c6e\" data-element_type=\"widget\" data-widget_type=\"image.default\">\n\t\t\t\t<div class=\"elementor-widget-container\">\n\t\t\t\t\t\t\t\t\t\t\t\t\t\t\t<img width=\"2048\" height=\"1784\" src=\"https:\/\/www.produccion.jujuy.gob.ar\/wp-content\/uploads\/2024\/03\/PARA-WEB-consultorio-pyme-grafico-2048x1784.png\" class=\"attachment-2048x2048 size-2048x2048\" alt=\"\" loading=\"lazy\" srcset=\"https:\/\/www.produccion.jujuy.gob.ar\/wp-content\/uploads\/2024\/03\/PARA-WEB-consultorio-pyme-grafico-2048x1784.png 2048w, https:\/\/www.produccion.jujuy.gob.ar\/wp-content\/uploads\/2024\/03\/PARA-WEB-consultorio-pyme-grafico-300x261.png 300w, https:\/\/www.produccion.jujuy.gob.ar\/wp-content\/uploads\/2024\/03\/PARA-WEB-consultorio-pyme-grafico-1024x892.png 1024w, https:\/\/www.produccion.jujuy.gob.ar\/wp-content\/uploads\/2024\/03\/PARA-WEB-consultorio-pyme-grafico-768x669.png 768w, https:\/\/www.produccion.jujuy.gob.ar\/wp-content\/uploads\/2024\/03\/PARA-WEB-consultorio-pyme-grafico-1536x1338.png 1536w\" sizes=\"(max-width: 2048px) 100vw, 2048px\" \/>\t\t\t\t\t\t\t\t\t\t\t\t\t\t\t<\/div>\n\t\t\t\t<\/div>\n\t\t\t\t\t<\/div>\n\t\t<\/div>\n\t\t\t\t\t\t\t<\/div>\n\t\t<\/section>\n\t\t\t\t<section class=\"elementor-section elementor-top-section elementor-element elementor-element-99cb9e0 elementor-section-boxed elementor-section-height-default elementor-section-height-default\" data-id=\"99cb9e0\" data-element_type=\"section\">\n\t\t\t\t\t\t<div class=\"elementor-container elementor-column-gap-default\">\n\t\t\t\t\t<div class=\"elementor-column elementor-col-100 elementor-top-column elementor-element elementor-element-430f57d\" data-id=\"430f57d\" data-element_type=\"column\">\n\t\t\t<div class=\"elementor-widget-wrap elementor-element-populated\">\n\t\t\t\t\t\t\t\t<div class=\"elementor-element elementor-element-5a5c28f elementor-widget elementor-widget-text-editor\" data-id=\"5a5c28f\" data-element_type=\"widget\" data-widget_type=\"text-editor.default\">\n\t\t\t\t<div class=\"elementor-widget-container\">\n\t\t\t\t\t\t\t\t<h2>SE PUEDEN INSCRIBIR:<\/h2>\n<ul><font size=4>\n \t<li>Emprendimientos\u00a0 de al menos 1 a\u00f1o de ejecuci\u00f3n.-<\/li>\n \t<li>Sectores aplicables: Industria manufacturera y emprendimientos con valor agregado.-<\/li>\n \t<li>No aplica a actividades de producci\u00f3n y ventas de servicios.-<\/li><\/font>\n<\/ul>\t\t\t\t\t\t<\/div>\n\t\t\t\t<\/div>\n\t\t\t\t\t<\/div>\n\t\t<\/div>\n\t\t\t\t\t\t\t<\/div>\n\t\t<\/section>\n\t\t\t\t<section class=\"elementor-section elementor-top-section elementor-element elementor-element-62d5a9d elementor-section-boxed elementor-section-height-default elementor-section-height-default\" data-id=\"62d5a9d\" data-element_type=\"section\">\n\t\t\t\t\t\t<div class=\"elementor-container elementor-column-gap-default\">\n\t\t\t\t\t<div class=\"elementor-column elementor-col-100 elementor-top-column elementor-element elementor-element-3653859\" data-id=\"3653859\" data-element_type=\"column\">\n\t\t\t<div class=\"elementor-widget-wrap elementor-element-populated\">\n\t\t\t\t\t\t\t\t<div class=\"elementor-element elementor-element-5cf1301 elementor-align-center elementor-widget elementor-widget-button\" data-id=\"5cf1301\" data-element_type=\"widget\" data-widget_type=\"button.default\">\n\t\t\t\t<div class=\"elementor-widget-container\">\n\t\t\t\t\t<div class=\"elementor-button-wrapper\">\n\t\t\t<a href=\"https:\/\/docs.google.com\/forms\/d\/e\/1FAIpQLSdI_KqH2nY4vV3hyBZ7oibx7xm3cUB7O9qkT60-0gWaQz70dA\/viewform\" target=\"_blank\" class=\"elementor-button-link elementor-button elementor-size-xl elementor-animation-pulse\" role=\"button\">\n\t\t\t\t\t\t<span class=\"elementor-button-content-wrapper\">\n\t\t\t\t\t\t<span class=\"elementor-button-icon elementor-align-icon-left\">\n\t\t\t\t<i aria-hidden=\"true\" class=\"fas fa-pencil-alt\"><\/i>\t\t\t<\/span>\n\t\t\t\t\t\t<span class=\"elementor-button-text\">INSCRIBIRME<\/span>\n\t\t<\/span>\n\t\t\t\t\t<\/a>\n\t\t<\/div>\n\t\t\t\t<\/div>\n\t\t\t\t<\/div>\n\t\t\t\t\t<\/div>\n\t\t<\/div>\n\t\t\t\t\t\t\t<\/div>\n\t\t<\/section>\n\t\t\t\t<section class=\"elementor-section elementor-top-section elementor-element elementor-element-fbecb3b elementor-section-boxed elementor-section-height-default elementor-section-height-default\" data-id=\"fbecb3b\" data-element_type=\"section\">\n\t\t\t\t\t\t<div class=\"elementor-container elementor-column-gap-default\">\n\t\t\t\t\t<div class=\"elementor-column elementor-col-100 elementor-top-column elementor-element elementor-element-ad34251\" data-id=\"ad34251\" data-element_type=\"column\">\n\t\t\t<div class=\"elementor-widget-wrap elementor-element-populated\">\n\t\t\t\t\t\t\t\t<div class=\"elementor-element elementor-element-95f0e78 elementor-widget elementor-widget-text-editor\" data-id=\"95f0e78\" data-element_type=\"widget\" data-widget_type=\"text-editor.default\">\n\t\t\t\t<div class=\"elementor-widget-container\">\n\t\t\t\t\t\t\t\t<h6 style=\"text-align: center;\"><strong><a href=\"mailto: consultoriopymejujuy@gmail.com\" target=\"_blank\" rel=\"noopener\">Consultas: consultoriopymejujuy@gmail.com<\/a><\/strong><\/h6>\t\t\t\t\t\t<\/div>\n\t\t\t\t<\/div>\n\t\t\t\t\t<\/div>\n\t\t<\/div>\n\t\t\t\t\t\t\t<\/div>\n\t\t<\/section>\n\t\t\t\t\t\t<\/div>\n\t\t\t\t\t<\/div>\n\t\t","protected":false},"excerpt":{"rendered":"<p>EN QUE CONSISTE Consiste en la realizaci\u00f3n de un DIAGN\u00d3STICO T\u00c9CNICO Y DESCRIPTIVO gratuito, del estado de situaci\u00f3n actual de tu PyME, identificando problemas y debilidades, y sugiriendo oportunidades de mejora.- Se<a class=\"moretag\" href=\"https:\/\/www.produccion.jujuy.gob.ar\/?page_id=3259\">Leer m\u00e1s&#8230;<\/a><\/p>\n","protected":false},"author":1,"featured_media":0,"parent":0,"menu_order":0,"comment_status":"closed","ping_status":"closed","template":"","meta":[],"yoast_head":"<!-- This site is optimized with the Yoast SEO plugin v18.3 - https:\/\/yoast.com\/wordpress\/plugins\/seo\/ -->\n<title>CONSULTORIO PYME - Ministerio de Desarrollo Econ\u00f3mico y Producci\u00f3n<\/title>\n<meta name=\"robots\" content=\"index, follow, max-snippet:-1, max-image-preview:large, max-video-preview:-1\" \/>\n<link rel=\"canonical\" href=\"https:\/\/www.produccion.jujuy.gob.ar\/?page_id=3259\" \/>\n<meta property=\"og:locale\" content=\"es_ES\" \/>\n<meta property=\"og:type\" content=\"article\" \/>\n<meta property=\"og:title\" content=\"CONSULTORIO PYME - Ministerio de Desarrollo Econ\u00f3mico y Producci\u00f3n\" \/>\n<meta property=\"og:description\" content=\"EN QUE CONSISTE Consiste en la realizaci\u00f3n de un DIAGN\u00d3STICO T\u00c9CNICO Y DESCRIPTIVO gratuito, del estado de situaci\u00f3n actual de tu PyME, identificando problemas y debilidades, y sugiriendo oportunidades de mejora.- SeLeer m\u00e1s...\" \/>\n<meta property=\"og:url\" content=\"https:\/\/www.produccion.jujuy.gob.ar\/?page_id=3259\" \/>\n<meta property=\"og:site_name\" content=\"Ministerio de Desarrollo Econ\u00f3mico y Producci\u00f3n\" \/>\n<meta property=\"article:modified_time\" content=\"2024-03-18T15:17:05+00:00\" \/>\n<meta property=\"og:image\" content=\"http:\/\/www.produccion.jujuy.gob.ar\/wp-content\/uploads\/2024\/03\/PARA-WEB-cabecera-consultorio-pyme-2048x367.png\" \/>\n<meta name=\"twitter:card\" content=\"summary_large_image\" \/>\n<meta name=\"twitter:label1\" content=\"Tiempo de lectura\" \/>\n\t<meta name=\"twitter:data1\" content=\"1 minuto\" \/>\n<script type=\"application\/ld+json\" class=\"yoast-schema-graph\">{\"@context\":\"https:\/\/schema.org\",\"@graph\":[{\"@type\":\"WebSite\",\"@id\":\"http:\/\/www.produccion.jujuy.gob.ar\/#website\",\"url\":\"http:\/\/www.produccion.jujuy.gob.ar\/\",\"name\":\"Ministerio de Desarrollo Econ\u00f3mico y Producci\u00f3n\",\"description\":\"\",\"potentialAction\":[{\"@type\":\"SearchAction\",\"target\":{\"@type\":\"EntryPoint\",\"urlTemplate\":\"http:\/\/www.produccion.jujuy.gob.ar\/?s={search_term_string}\"},\"query-input\":\"required name=search_term_string\"}],\"inLanguage\":\"es\"},{\"@type\":\"ImageObject\",\"@id\":\"https:\/\/www.produccion.jujuy.gob.ar\/?page_id=3259#primaryimage\",\"inLanguage\":\"es\",\"url\":\"https:\/\/www.produccion.jujuy.gob.ar\/wp-content\/uploads\/2024\/03\/PARA-WEB-cabecera-consultorio-pyme.png\",\"contentUrl\":\"https:\/\/www.produccion.jujuy.gob.ar\/wp-content\/uploads\/2024\/03\/PARA-WEB-cabecera-consultorio-pyme.png\",\"width\":4247,\"height\":761},{\"@type\":\"WebPage\",\"@id\":\"https:\/\/www.produccion.jujuy.gob.ar\/?page_id=3259#webpage\",\"url\":\"https:\/\/www.produccion.jujuy.gob.ar\/?page_id=3259\",\"name\":\"CONSULTORIO PYME - Ministerio de Desarrollo Econ\u00f3mico y Producci\u00f3n\",\"isPartOf\":{\"@id\":\"http:\/\/www.produccion.jujuy.gob.ar\/#website\"},\"primaryImageOfPage\":{\"@id\":\"https:\/\/www.produccion.jujuy.gob.ar\/?page_id=3259#primaryimage\"},\"datePublished\":\"2022-08-03T15:56:13+00:00\",\"dateModified\":\"2024-03-18T15:17:05+00:00\",\"breadcrumb\":{\"@id\":\"https:\/\/www.produccion.jujuy.gob.ar\/?page_id=3259#breadcrumb\"},\"inLanguage\":\"es\",\"potentialAction\":[{\"@type\":\"ReadAction\",\"target\":[\"https:\/\/www.produccion.jujuy.gob.ar\/?page_id=3259\"]}]},{\"@type\":\"BreadcrumbList\",\"@id\":\"https:\/\/www.produccion.jujuy.gob.ar\/?page_id=3259#breadcrumb\",\"itemListElement\":[{\"@type\":\"ListItem\",\"position\":1,\"name\":\"Portada\",\"item\":\"https:\/\/www.produccion.jujuy.gob.ar\/\"},{\"@type\":\"ListItem\",\"position\":2,\"name\":\"CONSULTORIO PYME\"}]}]}<\/script>\n<!-- \/ Yoast SEO plugin. -->","yoast_head_json":{"title":"CONSULTORIO PYME - Ministerio de Desarrollo Econ\u00f3mico y Producci\u00f3n","robots":{"index":"index","follow":"follow","max-snippet":"max-snippet:-1","max-image-preview":"max-image-preview:large","max-video-preview":"max-video-preview:-1"},"canonical":"https:\/\/www.produccion.jujuy.gob.ar\/?page_id=3259","og_locale":"es_ES","og_type":"article","og_title":"CONSULTORIO PYME - Ministerio de Desarrollo Econ\u00f3mico y Producci\u00f3n","og_description":"EN QUE CONSISTE Consiste en la realizaci\u00f3n de un DIAGN\u00d3STICO T\u00c9CNICO Y DESCRIPTIVO gratuito, del estado de situaci\u00f3n actual de tu PyME, identificando problemas y debilidades, y sugiriendo oportunidades de mejora.- SeLeer m\u00e1s...","og_url":"https:\/\/www.produccion.jujuy.gob.ar\/?page_id=3259","og_site_name":"Ministerio de Desarrollo Econ\u00f3mico y Producci\u00f3n","article_modified_time":"2024-03-18T15:17:05+00:00","og_image":[{"url":"http:\/\/www.produccion.jujuy.gob.ar\/wp-content\/uploads\/2024\/03\/PARA-WEB-cabecera-consultorio-pyme-2048x367.png"}],"twitter_card":"summary_large_image","twitter_misc":{"Tiempo de lectura":"1 minuto"},"schema":{"@context":"https:\/\/schema.org","@graph":[{"@type":"WebSite","@id":"http:\/\/www.produccion.jujuy.gob.ar\/#website","url":"http:\/\/www.produccion.jujuy.gob.ar\/","name":"Ministerio de Desarrollo Econ\u00f3mico y Producci\u00f3n","description":"","potentialAction":[{"@type":"SearchAction","target":{"@type":"EntryPoint","urlTemplate":"http:\/\/www.produccion.jujuy.gob.ar\/?s={search_term_string}"},"query-input":"required name=search_term_string"}],"inLanguage":"es"},{"@type":"ImageObject","@id":"https:\/\/www.produccion.jujuy.gob.ar\/?page_id=3259#primaryimage","inLanguage":"es","url":"https:\/\/www.produccion.jujuy.gob.ar\/wp-content\/uploads\/2024\/03\/PARA-WEB-cabecera-consultorio-pyme.png","contentUrl":"https:\/\/www.produccion.jujuy.gob.ar\/wp-content\/uploads\/2024\/03\/PARA-WEB-cabecera-consultorio-pyme.png","width":4247,"height":761},{"@type":"WebPage","@id":"https:\/\/www.produccion.jujuy.gob.ar\/?page_id=3259#webpage","url":"https:\/\/www.produccion.jujuy.gob.ar\/?page_id=3259","name":"CONSULTORIO PYME - Ministerio de Desarrollo Econ\u00f3mico y Producci\u00f3n","isPartOf":{"@id":"http:\/\/www.produccion.jujuy.gob.ar\/#website"},"primaryImageOfPage":{"@id":"https:\/\/www.produccion.jujuy.gob.ar\/?page_id=3259#primaryimage"},"datePublished":"2022-08-03T15:56:13+00:00","dateModified":"2024-03-18T15:17:05+00:00","breadcrumb":{"@id":"https:\/\/www.produccion.jujuy.gob.ar\/?page_id=3259#breadcrumb"},"inLanguage":"es","potentialAction":[{"@type":"ReadAction","target":["https:\/\/www.produccion.jujuy.gob.ar\/?page_id=3259"]}]},{"@type":"BreadcrumbList","@id":"https:\/\/www.produccion.jujuy.gob.ar\/?page_id=3259#breadcrumb","itemListElement":[{"@type":"ListItem","position":1,"name":"Portada","item":"https:\/\/www.produccion.jujuy.gob.ar\/"},{"@type":"ListItem","position":2,"name":"CONSULTORIO PYME"}]}]}},"_links":{"self":[{"href":"https:\/\/www.produccion.jujuy.gob.ar\/index.php?rest_route=\/wp\/v2\/pages\/3259"}],"collection":[{"href":"https:\/\/www.produccion.jujuy.gob.ar\/index.php?rest_route=\/wp\/v2\/pages"}],"about":[{"href":"https:\/\/www.produccion.jujuy.gob.ar\/index.php?rest_route=\/wp\/v2\/types\/page"}],"author":[{"embeddable":true,"href":"https:\/\/www.produccion.jujuy.gob.ar\/index.php?rest_route=\/wp\/v2\/users\/1"}],"replies":[{"embeddable":true,"href":"https:\/\/www.produccion.jujuy.gob.ar\/index.php?rest_route=%2Fwp%2Fv2%2Fcomments&post=3259"}],"version-history":[{"count":23,"href":"https:\/\/www.produccion.jujuy.gob.ar\/index.php?rest_route=\/wp\/v2\/pages\/3259\/revisions"}],"predecessor-version":[{"id":6661,"href":"https:\/\/www.produccion.jujuy.gob.ar\/index.php?rest_route=\/wp\/v2\/pages\/3259\/revisions\/6661"}],"wp:attachment":[{"href":"https:\/\/www.produccion.jujuy.gob.ar\/index.php?rest_route=%2Fwp%2Fv2%2Fmedia&parent=3259"}],"curies":[{"name":"wp","href":"https:\/\/api.w.org\/{rel}","templated":true}]}}