{"id":3877,"date":"2022-11-29T13:37:29","date_gmt":"2022-11-29T13:37:29","guid":{"rendered":"http:\/\/www.produccion.jujuy.gob.ar\/?page_id=3877"},"modified":"2024-04-05T13:50:51","modified_gmt":"2024-04-05T13:50:51","slug":"jujuy-emprende","status":"publish","type":"page","link":"https:\/\/www.produccion.jujuy.gob.ar\/?page_id=3877","title":{"rendered":"JUJUY EMPRENDE"},"content":{"rendered":"\t\t<div data-elementor-type=\"wp-page\" data-elementor-id=\"3877\" class=\"elementor elementor-3877\" data-elementor-settings=\"[]\">\n\t\t\t\t\t\t\t<div class=\"elementor-section-wrap\">\n\t\t\t\t\t\t\t<section class=\"elementor-section elementor-top-section elementor-element elementor-element-ef7a112 elementor-section-boxed elementor-section-height-default elementor-section-height-default\" data-id=\"ef7a112\" data-element_type=\"section\">\n\t\t\t\t\t\t<div class=\"elementor-container elementor-column-gap-default\">\n\t\t\t\t\t<div class=\"elementor-column elementor-col-100 elementor-top-column elementor-element elementor-element-6d7f252\" data-id=\"6d7f252\" data-element_type=\"column\">\n\t\t\t<div class=\"elementor-widget-wrap elementor-element-populated\">\n\t\t\t\t\t\t\t\t<div class=\"elementor-element elementor-element-8634900 elementor-widget elementor-widget-text-editor\" data-id=\"8634900\" data-element_type=\"widget\" data-widget_type=\"text-editor.default\">\n\t\t\t\t<div class=\"elementor-widget-container\">\n\t\t\t\t\t\t\t\t<h5 align=\"justify\">El Ministerio de Desarrollo Econ\u00f3mico y Producci\u00f3n, tiene entre sus objetivos fundamentales fortalecer la actividad econ\u00f3mica de la Provincia, afianzando y consolidando las fuentes de ingreso de todos sus sectores.<\/h5><h5 align=\"justify\">Los emprendedores constituyen un pilar fundamental dentro de todo el sector productivo y comercial de la Provincia y en los \u00faltimos tiempos ha habido un incremento importante de desarrolladores de \u00e8sta actividad, por lo que cuentan con todo el apoyo de nuestro Ministerio.<\/h5><h5 align=\"justify\">En este sentido el Ministerio a trav\u00e9s de su Agencia de Comercializaci\u00f3n promueve las exposiciones de emprendedores, como un punto de oferta y venta importante para esta actividad.<\/h5><h5 align=\"justify\">Estas exposiciones se complementan con oportunidad de ser parte de la WEB \u201cCompre Local Jujuy\u201d, que permite continuar electr\u00f3nicamente con la actividad comercial a trav\u00e9s del e-comerce , con la promoci\u00f3n del sistema de cobro electr\u00f3nico ( con convenios celebrados entre Ministerio y Banco Macro y Mercado Pago), y capacitaci\u00f3n constante a los emprendedores a trav\u00e9s de la Escuela de Desarrollo Econ\u00f3mico y Producci\u00f3n (EDEP).<\/h5>\t\t\t\t\t\t<\/div>\n\t\t\t\t<\/div>\n\t\t\t\t\t<\/div>\n\t\t<\/div>\n\t\t\t\t\t\t\t<\/div>\n\t\t<\/section>\n\t\t\t\t<section class=\"elementor-section elementor-top-section elementor-element elementor-element-b61c315 elementor-section-boxed elementor-section-height-default elementor-section-height-default\" data-id=\"b61c315\" data-element_type=\"section\">\n\t\t\t\t\t\t<div class=\"elementor-container elementor-column-gap-default\">\n\t\t\t\t\t<div class=\"elementor-column elementor-col-100 elementor-top-column elementor-element elementor-element-f259288\" data-id=\"f259288\" data-element_type=\"column\">\n\t\t\t<div class=\"elementor-widget-wrap elementor-element-populated\">\n\t\t\t\t\t\t\t\t<div class=\"elementor-element elementor-element-e7f4114 elementor-widget elementor-widget-heading\" data-id=\"e7f4114\" data-element_type=\"widget\" data-widget_type=\"heading.default\">\n\t\t\t\t<div class=\"elementor-widget-container\">\n\t\t\t<h2 class=\"elementor-heading-title elementor-size-default\">INSCRIPCION EMPRENDEDORES<\/h2>\t\t<\/div>\n\t\t\t\t<\/div>\n\t\t\t\t<div class=\"elementor-element elementor-element-1cb7d21 elementor-widget elementor-widget-text-editor\" data-id=\"1cb7d21\" data-element_type=\"widget\" data-widget_type=\"text-editor.default\">\n\t\t\t\t<div class=\"elementor-widget-container\">\n\t\t\t\t\t\t\t\t<h5 align=\"justify\">Para ser participe de estos beneficios que brinda el Ministerio para\u00a0 Emprendedores necesitamos que te inscribas en nuestras bases de datos, a trav\u00e9s del siguiente link.-<\/h5>\t\t\t\t\t\t<\/div>\n\t\t\t\t<\/div>\n\t\t\t\t<div class=\"elementor-element elementor-element-0f2073e elementor-align-center elementor-widget elementor-widget-button\" data-id=\"0f2073e\" data-element_type=\"widget\" data-widget_type=\"button.default\">\n\t\t\t\t<div class=\"elementor-widget-container\">\n\t\t\t\t\t<div class=\"elementor-button-wrapper\">\n\t\t\t<a href=\"http:\/\/45.186.124.20\/agencia\/frm_registro_emprendedor.php\" class=\"elementor-button-link elementor-button elementor-size-md elementor-animation-grow\" role=\"button\">\n\t\t\t\t\t\t<span class=\"elementor-button-content-wrapper\">\n\t\t\t\t\t\t<span class=\"elementor-button-icon elementor-align-icon-left\">\n\t\t\t\t<i aria-hidden=\"true\" class=\"fas fa-user-edit\"><\/i>\t\t\t<\/span>\n\t\t\t\t\t\t<span class=\"elementor-button-text\">REGISTRARME<\/span>\n\t\t<\/span>\n\t\t\t\t\t<\/a>\n\t\t<\/div>\n\t\t\t\t<\/div>\n\t\t\t\t<\/div>\n\t\t\t\t\t<\/div>\n\t\t<\/div>\n\t\t\t\t\t\t\t<\/div>\n\t\t<\/section>\n\t\t\t\t<section class=\"elementor-section elementor-top-section elementor-element elementor-element-d246814 elementor-section-boxed elementor-section-height-default elementor-section-height-default\" data-id=\"d246814\" data-element_type=\"section\">\n\t\t\t\t\t\t<div class=\"elementor-container elementor-column-gap-default\">\n\t\t\t\t\t<div class=\"elementor-column elementor-col-100 elementor-top-column elementor-element elementor-element-aa45599\" data-id=\"aa45599\" data-element_type=\"column\">\n\t\t\t<div class=\"elementor-widget-wrap elementor-element-populated\">\n\t\t\t\t\t\t\t\t<div class=\"elementor-element elementor-element-01d3c43 elementor-widget elementor-widget-heading\" data-id=\"01d3c43\" data-element_type=\"widget\" data-widget_type=\"heading.default\">\n\t\t\t\t<div class=\"elementor-widget-container\">\n\t\t\t<h2 class=\"elementor-heading-title elementor-size-default\">EVENTOS DISPONIBLES<\/h2>\t\t<\/div>\n\t\t\t\t<\/div>\n\t\t\t\t<div class=\"elementor-element elementor-element-a314d7d elementor-widget elementor-widget-text-editor\" data-id=\"a314d7d\" data-element_type=\"widget\" data-widget_type=\"text-editor.default\">\n\t\t\t\t<div class=\"elementor-widget-container\">\n\t\t\t\t\t\t\t\t<h5 align=\"justify\">Para formar parte de los Eventos debes estar previamente registrado como Emprendedor .-<\/h5>\n<h6 align=\"center\"><font color=\"red\">\u00a1Hace click en el logo del evento que deseas registrarte!.-<\/font><\/h6>\t\t\t\t\t\t<\/div>\n\t\t\t\t<\/div>\n\t\t\t\t\t<\/div>\n\t\t<\/div>\n\t\t\t\t\t\t\t<\/div>\n\t\t<\/section>\n\t\t\t\t\t\t<\/div>\n\t\t\t\t\t<\/div>\n\t\t","protected":false},"excerpt":{"rendered":"<p>El Ministerio de Desarrollo Econ\u00f3mico y Producci\u00f3n, tiene entre sus objetivos fundamentales fortalecer la actividad econ\u00f3mica de la Provincia, afianzando y consolidando las fuentes de ingreso de todos sus sectores. Los emprendedores<a class=\"moretag\" href=\"https:\/\/www.produccion.jujuy.gob.ar\/?page_id=3877\">Leer m\u00e1s&#8230;<\/a><\/p>\n","protected":false},"author":1,"featured_media":0,"parent":0,"menu_order":0,"comment_status":"closed","ping_status":"closed","template":"","meta":[],"yoast_head":"<!-- This site is optimized with the Yoast SEO plugin v18.3 - https:\/\/yoast.com\/wordpress\/plugins\/seo\/ -->\n<title>JUJUY EMPRENDE - Ministerio de Desarrollo Econ\u00f3mico y Producci\u00f3n<\/title>\n<meta name=\"robots\" content=\"index, follow, max-snippet:-1, max-image-preview:large, max-video-preview:-1\" \/>\n<link rel=\"canonical\" href=\"https:\/\/www.produccion.jujuy.gob.ar\/?page_id=3877\" \/>\n<meta property=\"og:locale\" content=\"es_ES\" \/>\n<meta property=\"og:type\" content=\"article\" \/>\n<meta property=\"og:title\" content=\"JUJUY EMPRENDE - Ministerio de Desarrollo Econ\u00f3mico y Producci\u00f3n\" \/>\n<meta property=\"og:description\" content=\"El Ministerio de Desarrollo Econ\u00f3mico y Producci\u00f3n, tiene entre sus objetivos fundamentales fortalecer la actividad econ\u00f3mica de la Provincia, afianzando y consolidando las fuentes de ingreso de todos sus sectores. Los emprendedoresLeer m\u00e1s...\" \/>\n<meta property=\"og:url\" content=\"https:\/\/www.produccion.jujuy.gob.ar\/?page_id=3877\" \/>\n<meta property=\"og:site_name\" content=\"Ministerio de Desarrollo Econ\u00f3mico y Producci\u00f3n\" \/>\n<meta property=\"article:modified_time\" content=\"2024-04-05T13:50:51+00:00\" \/>\n<meta name=\"twitter:card\" content=\"summary_large_image\" \/>\n<meta name=\"twitter:label1\" content=\"Tiempo de lectura\" \/>\n\t<meta name=\"twitter:data1\" content=\"1 minuto\" \/>\n<script type=\"application\/ld+json\" class=\"yoast-schema-graph\">{\"@context\":\"https:\/\/schema.org\",\"@graph\":[{\"@type\":\"WebSite\",\"@id\":\"http:\/\/www.produccion.jujuy.gob.ar\/#website\",\"url\":\"http:\/\/www.produccion.jujuy.gob.ar\/\",\"name\":\"Ministerio de Desarrollo Econ\u00f3mico y Producci\u00f3n\",\"description\":\"\",\"potentialAction\":[{\"@type\":\"SearchAction\",\"target\":{\"@type\":\"EntryPoint\",\"urlTemplate\":\"http:\/\/www.produccion.jujuy.gob.ar\/?s={search_term_string}\"},\"query-input\":\"required name=search_term_string\"}],\"inLanguage\":\"es\"},{\"@type\":\"WebPage\",\"@id\":\"https:\/\/www.produccion.jujuy.gob.ar\/?page_id=3877#webpage\",\"url\":\"https:\/\/www.produccion.jujuy.gob.ar\/?page_id=3877\",\"name\":\"JUJUY EMPRENDE - Ministerio de Desarrollo Econ\u00f3mico y Producci\u00f3n\",\"isPartOf\":{\"@id\":\"http:\/\/www.produccion.jujuy.gob.ar\/#website\"},\"datePublished\":\"2022-11-29T13:37:29+00:00\",\"dateModified\":\"2024-04-05T13:50:51+00:00\",\"breadcrumb\":{\"@id\":\"https:\/\/www.produccion.jujuy.gob.ar\/?page_id=3877#breadcrumb\"},\"inLanguage\":\"es\",\"potentialAction\":[{\"@type\":\"ReadAction\",\"target\":[\"https:\/\/www.produccion.jujuy.gob.ar\/?page_id=3877\"]}]},{\"@type\":\"BreadcrumbList\",\"@id\":\"https:\/\/www.produccion.jujuy.gob.ar\/?page_id=3877#breadcrumb\",\"itemListElement\":[{\"@type\":\"ListItem\",\"position\":1,\"name\":\"Portada\",\"item\":\"https:\/\/www.produccion.jujuy.gob.ar\/\"},{\"@type\":\"ListItem\",\"position\":2,\"name\":\"JUJUY EMPRENDE\"}]}]}<\/script>\n<!-- \/ Yoast SEO plugin. -->","yoast_head_json":{"title":"JUJUY EMPRENDE - Ministerio de Desarrollo Econ\u00f3mico y Producci\u00f3n","robots":{"index":"index","follow":"follow","max-snippet":"max-snippet:-1","max-image-preview":"max-image-preview:large","max-video-preview":"max-video-preview:-1"},"canonical":"https:\/\/www.produccion.jujuy.gob.ar\/?page_id=3877","og_locale":"es_ES","og_type":"article","og_title":"JUJUY EMPRENDE - Ministerio de Desarrollo Econ\u00f3mico y Producci\u00f3n","og_description":"El Ministerio de Desarrollo Econ\u00f3mico y Producci\u00f3n, tiene entre sus objetivos fundamentales fortalecer la actividad econ\u00f3mica de la Provincia, afianzando y consolidando las fuentes de ingreso de todos sus sectores. Los emprendedoresLeer m\u00e1s...","og_url":"https:\/\/www.produccion.jujuy.gob.ar\/?page_id=3877","og_site_name":"Ministerio de Desarrollo Econ\u00f3mico y Producci\u00f3n","article_modified_time":"2024-04-05T13:50:51+00:00","twitter_card":"summary_large_image","twitter_misc":{"Tiempo de lectura":"1 minuto"},"schema":{"@context":"https:\/\/schema.org","@graph":[{"@type":"WebSite","@id":"http:\/\/www.produccion.jujuy.gob.ar\/#website","url":"http:\/\/www.produccion.jujuy.gob.ar\/","name":"Ministerio de Desarrollo Econ\u00f3mico y Producci\u00f3n","description":"","potentialAction":[{"@type":"SearchAction","target":{"@type":"EntryPoint","urlTemplate":"http:\/\/www.produccion.jujuy.gob.ar\/?s={search_term_string}"},"query-input":"required name=search_term_string"}],"inLanguage":"es"},{"@type":"WebPage","@id":"https:\/\/www.produccion.jujuy.gob.ar\/?page_id=3877#webpage","url":"https:\/\/www.produccion.jujuy.gob.ar\/?page_id=3877","name":"JUJUY EMPRENDE - Ministerio de Desarrollo Econ\u00f3mico y Producci\u00f3n","isPartOf":{"@id":"http:\/\/www.produccion.jujuy.gob.ar\/#website"},"datePublished":"2022-11-29T13:37:29+00:00","dateModified":"2024-04-05T13:50:51+00:00","breadcrumb":{"@id":"https:\/\/www.produccion.jujuy.gob.ar\/?page_id=3877#breadcrumb"},"inLanguage":"es","potentialAction":[{"@type":"ReadAction","target":["https:\/\/www.produccion.jujuy.gob.ar\/?page_id=3877"]}]},{"@type":"BreadcrumbList","@id":"https:\/\/www.produccion.jujuy.gob.ar\/?page_id=3877#breadcrumb","itemListElement":[{"@type":"ListItem","position":1,"name":"Portada","item":"https:\/\/www.produccion.jujuy.gob.ar\/"},{"@type":"ListItem","position":2,"name":"JUJUY EMPRENDE"}]}]}},"_links":{"self":[{"href":"https:\/\/www.produccion.jujuy.gob.ar\/index.php?rest_route=\/wp\/v2\/pages\/3877"}],"collection":[{"href":"https:\/\/www.produccion.jujuy.gob.ar\/index.php?rest_route=\/wp\/v2\/pages"}],"about":[{"href":"https:\/\/www.produccion.jujuy.gob.ar\/index.php?rest_route=\/wp\/v2\/types\/page"}],"author":[{"embeddable":true,"href":"https:\/\/www.produccion.jujuy.gob.ar\/index.php?rest_route=\/wp\/v2\/users\/1"}],"replies":[{"embeddable":true,"href":"https:\/\/www.produccion.jujuy.gob.ar\/index.php?rest_route=%2Fwp%2Fv2%2Fcomments&post=3877"}],"version-history":[{"count":97,"href":"https:\/\/www.produccion.jujuy.gob.ar\/index.php?rest_route=\/wp\/v2\/pages\/3877\/revisions"}],"predecessor-version":[{"id":6820,"href":"https:\/\/www.produccion.jujuy.gob.ar\/index.php?rest_route=\/wp\/v2\/pages\/3877\/revisions\/6820"}],"wp:attachment":[{"href":"https:\/\/www.produccion.jujuy.gob.ar\/index.php?rest_route=%2Fwp%2Fv2%2Fmedia&parent=3877"}],"curies":[{"name":"wp","href":"https:\/\/api.w.org\/{rel}","templated":true}]}}